{"id":3155,"date":"2025-08-19T09:13:08","date_gmt":"2025-08-19T08:13:08","guid":{"rendered":"https:\/\/ovoclone.com\/%d8%a7%d8%b9%d9%85%d9%84-%d9%81%d9%8a-ovoclone\/"},"modified":"2026-02-24T13:02:19","modified_gmt":"2026-02-24T12:02:19","slug":"aamal-fi-ovoclone","status":"publish","type":"page","link":"https:\/\/ovoclone.com\/ar\/aamal-fi-ovoclone\/","title":{"rendered":"\u0627\u0639\u0645\u0644 \u0641\u064a Ovoclone"},"content":{"rendered":"\t\t<div data-elementor-type=\"wp-page\" data-elementor-id=\"3155\" class=\"elementor elementor-3155 elementor-1452\" data-elementor-post-type=\"page\">\n\t\t\t\t<div class=\"elementor-element elementor-element-d1412d8 e-flex e-con-boxed e-con e-parent\" data-id=\"d1412d8\" data-element_type=\"container\" data-e-type=\"container\">\n\t\t\t\t\t<div class=\"e-con-inner\">\n\t\t\t\t<div class=\"elementor-element elementor-element-fca50de elementor-widget elementor-widget-heading\" data-id=\"fca50de\" data-element_type=\"widget\" data-e-type=\"widget\" data-widget_type=\"heading.default\">\n\t\t\t\t\t<h2 class=\"elementor-heading-title elementor-size-default\">\u0623\u0631\u0633\u0644 \u0644\u0646\u0627 \u0633\u064a\u0631\u062a\u0643 \u0627\u0644\u0630\u0627\u062a\u064a\u0629<\/h2>\t\t\t\t<\/div>\n\t\t\t\t<div class=\"elementor-element elementor-element-64a547f elementor-widget__width-initial elementor-widget elementor-widget-text-editor\" data-id=\"64a547f\" data-element_type=\"widget\" data-e-type=\"widget\" data-widget_type=\"text-editor.default\">\n\t\t\t\t\t\t\t\t\t<p>\u0625\u0630\u0627 \u0643\u0646\u062a \u062a\u0631\u063a\u0628 \u0641\u064a \u0623\u0646 \u062a\u0643\u0648\u0646 \u062c\u0632\u0621\u064b\u0627 \u0645\u0646 \u0641\u0631\u064a\u0642\u0646\u0627 \u0648\u062a\u0639\u062a\u0642\u062f \u0623\u0646\u0643 \u062a\u0633\u062a\u0637\u064a\u0639 \u0623\u0646 \u062a\u0636\u064a\u0641 \u0642\u064a\u0645\u0629 \u0643\u0628\u064a\u0631\u0629 \u0644\u0640 Ovoclone\u060c \u0641\u0645\u0627 \u0639\u0644\u064a\u0643 \u0633\u0648\u0649 \u0645\u0644\u0621 \u0627\u0644\u0646\u0645\u0648\u0630\u062c \u0623\u062f\u0646\u0627\u0647.<\/p>\n\t\t\t\t\t\t\t\t<\/div>\n\t\t\t\t<div class=\"elementor-element elementor-element-385e00a elementor-widget__width-initial elementor-button-align-stretch elementor-widget elementor-widget-form\" data-id=\"385e00a\" data-element_type=\"widget\" data-e-type=\"widget\" data-settings=\"{&quot;step_next_label&quot;:&quot;\\u0627\\u0644\\u062a\\u0627\\u0644\\u064a&quot;,&quot;step_previous_label&quot;:&quot;\\u0627\\u0644\\u0633\\u0627\\u0628\\u0642&quot;,&quot;button_width&quot;:&quot;100&quot;,&quot;step_type&quot;:&quot;number_text&quot;,&quot;step_icon_shape&quot;:&quot;circle&quot;}\" data-widget_type=\"form.default\">\n\t\t\t\t\t\t\t<form class=\"elementor-form\" method=\"post\" id=\"form_trabajo_ovoclone\" name=\"\u0646\u0645\u0648\u0630\u062c \u0627\u0644\u062a\u0648\u0638\u064a\u0641 \u0641\u064a Ovoclone\" aria-label=\"\u0646\u0645\u0648\u0630\u062c \u0627\u0644\u062a\u0648\u0638\u064a\u0641 \u0641\u064a Ovoclone\">\n\t\t\t<input type=\"hidden\" name=\"post_id\" value=\"3155\"\/>\n\t\t\t<input type=\"hidden\" name=\"form_id\" value=\"385e00a\"\/>\n\t\t\t<input type=\"hidden\" name=\"referer_title\" value=\"\u0627\u0639\u0645\u0644 \u0641\u064a Ovoclone | \u0648\u0638\u0627\u0626\u0641 \u0641\u064a \u0627\u0633\u062a\u0646\u0633\u0627\u062e \u0627\u0644\u062d\u064a\u0648\u0627\u0646\u0627\u062a\" \/>\n\n\t\t\t\t\t\t\t<input type=\"hidden\" name=\"queried_id\" value=\"3155\"\/>\n\t\t\t\n\t\t\t<div class=\"elementor-form-fields-wrapper elementor-labels-above\">\n\t\t\t\t\t\t\t\t<div class=\"elementor-field-type-text elementor-field-group elementor-column elementor-field-group-nombre elementor-col-50 elementor-field-required\">\n\t\t\t\t\t\t\t\t\t\t\t\t<label for=\"form-field-nombre\" class=\"elementor-field-label\">\n\t\t\t\t\t\t\t\t\u0627\u0644\u0627\u0633\u0645 \u0627\u0644\u0643\u0627\u0645\u0644\t\t\t\t\t\t\t<\/label>\n\t\t\t\t\t\t\t\t\t\t\t\t\t\t<input size=\"1\" type=\"text\" name=\"form_fields[nombre]\" id=\"form-field-nombre\" class=\"elementor-field elementor-size-sm  elementor-field-textual\" required=\"required\">\n\t\t\t\t\t\t\t\t\t\t\t<\/div>\n\t\t\t\t\t\t\t\t<div class=\"elementor-field-type-text elementor-field-group elementor-column elementor-field-group-ciudad elementor-col-50 elementor-field-required\">\n\t\t\t\t\t\t\t\t\t\t\t\t<label for=\"form-field-ciudad\" class=\"elementor-field-label\">\n\t\t\t\t\t\t\t\t\u0627\u0644\u0645\u062f\u064a\u0646\u0629\t\t\t\t\t\t\t<\/label>\n\t\t\t\t\t\t\t\t\t\t\t\t\t\t<input size=\"1\" type=\"text\" name=\"form_fields[ciudad]\" id=\"form-field-ciudad\" class=\"elementor-field elementor-size-sm  elementor-field-textual\" required=\"required\">\n\t\t\t\t\t\t\t\t\t\t\t<\/div>\n\t\t\t\t\t\t\t\t<div class=\"elementor-field-type-email elementor-field-group elementor-column elementor-field-group-email elementor-col-50 elementor-field-required\">\n\t\t\t\t\t\t\t\t\t\t\t\t<label for=\"form-field-email\" class=\"elementor-field-label\">\n\t\t\t\t\t\t\t\t\u0627\u0644\u0628\u0631\u064a\u062f \u0627\u0644\u0625\u0644\u0643\u062a\u0631\u0648\u0646\u064a\t\t\t\t\t\t\t<\/label>\n\t\t\t\t\t\t\t\t\t\t\t\t\t\t<input size=\"1\" type=\"email\" name=\"form_fields[email]\" id=\"form-field-email\" class=\"elementor-field elementor-size-sm  elementor-field-textual\" required=\"required\">\n\t\t\t\t\t\t\t\t\t\t\t<\/div>\n\t\t\t\t\t\t\t\t<div class=\"elementor-field-type-tel elementor-field-group elementor-column elementor-field-group-telefono elementor-col-50 elementor-field-required\">\n\t\t\t\t\t\t\t\t\t\t\t\t<label for=\"form-field-telefono\" class=\"elementor-field-label\">\n\t\t\t\t\t\t\t\t\u0627\u0644\u0647\u0627\u062a\u0641\t\t\t\t\t\t\t<\/label>\n\t\t\t\t\t\t<span class=\"ccfef-editor-intl-input\" data-id=\"form-field-telefono\" data-field-id=\"64977a6\" data-default-country=\"es\" data-include-countries=\"\" data-exclude-countries=\"\" data-dial-code-visibility=\"show\" data-strict-mode=\"no\" style=\"display: none;\"><\/span>\t\t<input size=\"1\" type=\"tel\" name=\"form_fields[telefono]\" id=\"form-field-telefono\" class=\"elementor-field elementor-size-sm  elementor-field-textual\" placeholder=\" \" required=\"required\" pattern=\"[0-9()#&amp;+*-=.]+\" title=\"Only numbers and phone characters (#, -, *, etc) are accepted.\">\n\n\t\t\t\t\t\t<\/div>\n\t\t\t\t\t\t\t\t<div class=\"elementor-field-type-upload elementor-field-group elementor-column elementor-field-group-archivo_cv elementor-col-100 elementor-field-required\">\n\t\t\t\t\t\t\t\t\t\t\t\t<label for=\"form-field-archivo_cv\" class=\"elementor-field-label\">\n\t\t\t\t\t\t\t\t\u0623\u0631\u0641\u0642 \u0633\u064a\u0631\u062a\u0643 \u0627\u0644\u0630\u0627\u062a\u064a\u0629\t\t\t\t\t\t\t<\/label>\n\t\t\t\t\t\t\t\t<input type=\"file\" name=\"form_fields[archivo_cv]\" id=\"form-field-archivo_cv\" class=\"elementor-field elementor-size-sm  elementor-upload-field\" required=\"required\" data-maxsize=\"1\" data-maxsize-message=\"This file exceeds the maximum allowed size.\">\n\n\t\t\t\t\t\t<\/div>\n\t\t\t\t\t\t\t\t<div class=\"elementor-field-type-textarea elementor-field-group elementor-column elementor-field-group-mensaje elementor-col-100 elementor-field-required\">\n\t\t\t\t\t\t\t\t\t\t\t\t<label for=\"form-field-mensaje\" class=\"elementor-field-label\">\n\t\t\t\t\t\t\t\t\u0627\u0644\u0631\u0633\u0627\u0644\u0629\t\t\t\t\t\t\t<\/label>\n\t\t\t\t\t\t<textarea class=\"elementor-field-textual elementor-field  elementor-size-sm\" name=\"form_fields[mensaje]\" id=\"form-field-mensaje\" rows=\"3\" required=\"required\"><\/textarea>\t\t\t\t<\/div>\n\t\t\t\t\t\t\t\t<div class=\"elementor-field-type-acceptance elementor-field-group elementor-column elementor-field-group-consentimiento elementor-col-100 elementor-field-required\">\n\t\t\t\t\t\t\t<div class=\"elementor-field-subgroup\">\n\t\t\t<span class=\"elementor-field-option\">\n\t\t\t\t<input type=\"checkbox\" name=\"form_fields[consentimiento]\" id=\"form-field-consentimiento\" class=\"elementor-field elementor-size-sm  elementor-acceptance-field\" required=\"required\">\n\t\t\t\t<label for=\"form-field-consentimiento\"><span style=\"font-size=14px;\">\u0644\u0642\u062f \u0642\u0631\u0623\u062a \u0648\u0623\u0648\u0627\u0641\u0642 \u0639\u0644\u0649 <a href=\"https:\/\/ovoclone.com\/ar\/muaalaja-wataslim-alsiyar-althatiya\/\">\u0634\u0631\u0648\u0637 \u0627\u0644\u0645\u0648\u0627\u0641\u0642\u0629 \u0648\u062a\u0642\u062f\u064a\u0645 \u0627\u0644\u0633\u064a\u0631\u0629 \u0627\u0644\u0630\u0627\u062a\u064a\u0629<\/a>.<\/span><\/label>\t\t\t<\/span>\n\t\t<\/div>\n\t\t\t\t\t\t<\/div>\n\t\t\t\t\t\t\t\t<div class=\"elementor-field-type-html elementor-field-group elementor-column elementor-field-group-field_8b54d13 elementor-col-100\">\n\t\t\t\t\t<p style=\"font-size: 10px;\">\u0627\u0644\u0645\u0633\u0624\u0648\u0644: OVOHORSE IBERICA S.L | \u0627\u0644\u063a\u0631\u0636: \u062a\u0642\u062f\u064a\u0645 \u0627\u0644\u0645\u0639\u0644\u0648\u0645\u0627\u062a \u0623\u0648 \u0627\u0644\u062e\u062f\u0645\u0627\u062a \u0627\u0644\u062a\u064a \u062a\u0637\u0644\u0628\u0647\u0627. | \u0627\u0644\u0623\u0633\u0627\u0633 \u0627\u0644\u0642\u0627\u0646\u0648\u0646\u064a: \u0645\u0648\u0627\u0641\u0642\u0629 \u0627\u0644\u0645\u0639\u0646\u064a | \u0627\u0644\u0645\u0633\u062a\u0644\u0645\u0648\u0646: \u0644\u0646 \u064a\u062a\u0645 \u0646\u0642\u0644 \u0627\u0644\u0628\u064a\u0627\u0646\u0627\u062a \u0625\u0644\u0649 \u0623\u0637\u0631\u0627\u0641 \u062b\u0627\u0644\u062b\u0629 \u0625\u0644\u0627 \u0625\u0630\u0627 \u0643\u0627\u0646 \u0647\u0646\u0627\u0643 \u0627\u0644\u062a\u0632\u0627\u0645 \u0642\u0627\u0646\u0648\u0646\u064a. | \u0627\u0644\u062d\u0642\u0648\u0642: \u0627\u0644\u0648\u0635\u0648\u0644 \u0625\u0644\u0649 \u0627\u0644\u0628\u064a\u0627\u0646\u0627\u062a \u0648\u062a\u0635\u062d\u064a\u062d\u0647\u0627 \u0648\u062d\u0630\u0641\u0647\u0627\u060c \u0648\u0643\u0630\u0644\u0643 \u062d\u0642\u0648\u0642 \u0623\u062e\u0631\u0649 \u0643\u0645\u0627 \u0647\u0648 \u0645\u0648\u0636\u062d \u0641\u064a \u0627\u0644\u0645\u0639\u0644\u0648\u0645\u0627\u062a \u0627\u0644\u0625\u0636\u0627\u0641\u064a\u0629. | \u064a\u0645\u0643\u0646\u0643 \u0627\u0644\u0627\u0637\u0644\u0627\u0639 \u0639\u0644\u0649 \u0645\u0632\u064a\u062f \u0645\u0646 \u0627\u0644\u0645\u0639\u0644\u0648\u0645\u0627\u062a \u0627\u0644\u0645\u0641\u0635\u0644\u0629 \u0641\u064a \u0642\u0633\u0645 \u0633\u064a\u0627\u0633\u0629 \u0627\u0644\u062e\u0635\u0648\u0635\u064a\u0629 \u0644\u062f\u064a\u0646\u0627.   <\/p>\t\t\t\t<\/div>\n\t\t\t\t\t\t\t\t<div class=\"elementor-field-type-recaptcha_v3 elementor-field-group elementor-column elementor-field-group-field_37be444 elementor-col-100 recaptcha_v3-bottomright\">\n\t\t\t\t\t<div class=\"elementor-field\" id=\"form-field-field_37be444\"><div class=\"elementor-g-recaptcha\" data-sitekey=\"6LeQ-HQsAAAAACX-VpnhC7fFIySf4btXP1VEpPnT\" data-type=\"v3\" data-action=\"Form\" data-badge=\"bottomright\" data-size=\"invisible\"><\/div><\/div>\t\t\t\t<\/div>\n\t\t\t\t\t\t\t\t<div class=\"elementor-field-type-text\">\n\t\t\t\t\t<input size=\"1\" type=\"text\" name=\"form_fields[field_0cea5cc]\" id=\"form-field-field_0cea5cc\" class=\"elementor-field elementor-size-sm \" style=\"display:none !important;\">\t\t\t\t<\/div>\n\t\t\t\t\t\t\t\t<div class=\"elementor-field-group elementor-column elementor-field-type-submit elementor-col-100 e-form__buttons\">\n\t\t\t\t\t<button class=\"elementor-button elementor-size-sm elementor-animation-shrink\" type=\"submit\">\n\t\t\t\t\t\t<span class=\"elementor-button-content-wrapper\">\n\t\t\t\t\t\t\t\t\t\t\t\t\t\t\t\t\t\t\t\t\t\t<span class=\"elementor-button-text\">\u0625\u0631\u0633\u0627\u0644<\/span>\n\t\t\t\t\t\t\t\t\t\t\t\t\t<\/span>\n\t\t\t\t\t<\/button>\n\t\t\t\t<\/div>\n\t\t\t<\/div>\n\t\t<\/form>\n\t\t\t\t\t\t<\/div>\n\t\t\t\t\t<\/div>\n\t\t\t\t<\/div>\n\t\t\t\t<\/div>\n\t\t","protected":false},"excerpt":{"rendered":"<p>\u0623\u0631\u0633\u0644 \u0644\u0646\u0627 \u0633\u064a\u0631\u062a\u0643 \u0627\u0644\u0630\u0627\u062a\u064a\u0629 \u0625\u0630\u0627 \u0643\u0646\u062a \u062a\u0631\u063a\u0628 \u0641\u064a \u0623\u0646 \u062a\u0643\u0648\u0646 \u062c\u0632\u0621\u064b\u0627 \u0645\u0646 \u0641\u0631\u064a\u0642\u0646\u0627 \u0648\u062a\u0639\u062a\u0642\u062f \u0623\u0646\u0643 \u062a\u0633\u062a\u0637\u064a\u0639 \u0623\u0646 \u062a\u0636\u064a\u0641 \u0642\u064a\u0645\u0629 \u0643\u0628\u064a\u0631\u0629 \u0644\u0640 Ovoclone\u060c \u0641\u0645\u0627 \u0639\u0644\u064a\u0643 \u0633\u0648\u0649 \u0645\u0644\u0621 \u0627\u0644\u0646\u0645\u0648\u0630\u062c \u0623\u062f\u0646\u0627\u0647.<\/p>\n","protected":false},"author":1,"featured_media":3103,"parent":0,"menu_order":0,"comment_status":"closed","ping_status":"closed","template":"elementor_header_footer","meta":{"_acf_changed":false,"inline_featured_image":false,"footnotes":""},"class_list":["post-3155","page","type-page","status-publish","has-post-thumbnail","hentry"],"acf":[],"yoast_head":"<!-- This site is optimized with the Yoast SEO Premium plugin v27.4 (Yoast SEO v27.4) - https:\/\/yoast.com\/product\/yoast-seo-premium-wordpress\/ -->\n<title>\u0627\u0639\u0645\u0644 \u0641\u064a Ovoclone | \u0648\u0638\u0627\u0626\u0641 \u0641\u064a \u0627\u0633\u062a\u0646\u0633\u0627\u062e \u0627\u0644\u062d\u064a\u0648\u0627\u0646\u0627\u062a<\/title>\n<meta name=\"description\" content=\"\u0627\u0646\u0636\u0645 \u0625\u0644\u0649 \u0641\u0631\u064a\u0642 Ovoclone\u060c \u0627\u0644\u0634\u0631\u0643\u0629 \u0627\u0644\u0631\u0627\u0626\u062f\u0629 \u0641\u064a \u0627\u0633\u062a\u0646\u0633\u0627\u062e \u0627\u0644\u062d\u064a\u0648\u0627\u0646\u0627\u062a \u0627\u0644\u0623\u0644\u064a\u0641\u0629 \u0648\u0627\u0644\u062d\u0641\u0638 \u0627\u0644\u062e\u0644\u0648\u064a. \u0623\u0631\u0633\u0644 \u0644\u0646\u0627 \u0633\u064a\u0631\u062a\u0643 \u0627\u0644\u0630\u0627\u062a\u064a\u0629 \u0648\u0627\u0646\u0636\u0645 \u0625\u0644\u0649 \u0627\u0644\u0641\u0631\u064a\u0642.\" \/>\n<meta name=\"robots\" content=\"index, follow, max-snippet:-1, max-image-preview:large, max-video-preview:-1\" \/>\n<link rel=\"canonical\" href=\"https:\/\/ovoclone.com\/ar\/aamal-fi-ovoclone\/\" \/>\n<meta property=\"og:locale\" content=\"ar_AR\" \/>\n<meta property=\"og:type\" content=\"article\" \/>\n<meta property=\"og:title\" content=\"\u0627\u0639\u0645\u0644 \u0641\u064a Ovoclone\" \/>\n<meta property=\"og:description\" content=\"\u0627\u0646\u0636\u0645 \u0625\u0644\u0649 \u0641\u0631\u064a\u0642 Ovoclone\u060c \u0627\u0644\u0634\u0631\u0643\u0629 \u0627\u0644\u0631\u0627\u0626\u062f\u0629 \u0641\u064a \u0627\u0633\u062a\u0646\u0633\u0627\u062e \u0627\u0644\u062d\u064a\u0648\u0627\u0646\u0627\u062a \u0627\u0644\u0623\u0644\u064a\u0641\u0629 \u0648\u0627\u0644\u062d\u0641\u0638 \u0627\u0644\u062e\u0644\u0648\u064a. \u0623\u0631\u0633\u0644 \u0644\u0646\u0627 \u0633\u064a\u0631\u062a\u0643 \u0627\u0644\u0630\u0627\u062a\u064a\u0629 \u0648\u0627\u0646\u0636\u0645 \u0625\u0644\u0649 \u0627\u0644\u0641\u0631\u064a\u0642.\" \/>\n<meta property=\"og:url\" content=\"https:\/\/ovoclone.com\/ar\/aamal-fi-ovoclone\/\" \/>\n<meta property=\"og:site_name\" content=\"Ovoclone\" \/>\n<meta property=\"article:publisher\" content=\"https:\/\/www.facebook.com\/ovoclone\" \/>\n<meta property=\"article:modified_time\" content=\"2026-02-24T12:02:19+00:00\" \/>\n<meta property=\"og:image\" content=\"https:\/\/ovoclone.com\/wp-content\/uploads\/2025\/09\/A746603-Mejorado-NR.webp\" \/>\n\t<meta property=\"og:image:width\" content=\"1920\" \/>\n\t<meta property=\"og:image:height\" content=\"640\" \/>\n\t<meta property=\"og:image:type\" content=\"image\/webp\" \/>\n<meta name=\"twitter:card\" content=\"summary_large_image\" \/>\n<meta name=\"twitter:label1\" content=\"\u0648\u0642\u062a \u0627\u0644\u0642\u0631\u0627\u0621\u0629 \u0627\u0644\u0645\u064f\u0642\u062f\u0651\u0631\" \/>\n\t<meta name=\"twitter:data1\" content=\"1 \u062f\u0642\u064a\u0642\u0629\" \/>\n<script type=\"application\/ld+json\" class=\"yoast-schema-graph\">{\"@context\":\"https:\\\/\\\/schema.org\",\"@graph\":[{\"@type\":\"WebPage\",\"@id\":\"https:\\\/\\\/ovoclone.com\\\/ar\\\/aamal-fi-ovoclone\\\/\",\"url\":\"https:\\\/\\\/ovoclone.com\\\/ar\\\/aamal-fi-ovoclone\\\/\",\"name\":\"\u0627\u0639\u0645\u0644 \u0641\u064a Ovoclone | \u0648\u0638\u0627\u0626\u0641 \u0641\u064a \u0627\u0633\u062a\u0646\u0633\u0627\u062e \u0627\u0644\u062d\u064a\u0648\u0627\u0646\u0627\u062a\",\"isPartOf\":{\"@id\":\"https:\\\/\\\/ovoclone.com\\\/ar\\\/#website\"},\"primaryImageOfPage\":{\"@id\":\"https:\\\/\\\/ovoclone.com\\\/ar\\\/aamal-fi-ovoclone\\\/#primaryimage\"},\"image\":{\"@id\":\"https:\\\/\\\/ovoclone.com\\\/ar\\\/aamal-fi-ovoclone\\\/#primaryimage\"},\"thumbnailUrl\":\"https:\\\/\\\/ovoclone.com\\\/wp-content\\\/uploads\\\/2025\\\/09\\\/A746603-Mejorado-NR.webp\",\"datePublished\":\"2025-08-19T08:13:08+00:00\",\"dateModified\":\"2026-02-24T12:02:19+00:00\",\"description\":\"\u0627\u0646\u0636\u0645 \u0625\u0644\u0649 \u0641\u0631\u064a\u0642 Ovoclone\u060c \u0627\u0644\u0634\u0631\u0643\u0629 \u0627\u0644\u0631\u0627\u0626\u062f\u0629 \u0641\u064a \u0627\u0633\u062a\u0646\u0633\u0627\u062e \u0627\u0644\u062d\u064a\u0648\u0627\u0646\u0627\u062a \u0627\u0644\u0623\u0644\u064a\u0641\u0629 \u0648\u0627\u0644\u062d\u0641\u0638 \u0627\u0644\u062e\u0644\u0648\u064a. \u0623\u0631\u0633\u0644 \u0644\u0646\u0627 \u0633\u064a\u0631\u062a\u0643 \u0627\u0644\u0630\u0627\u062a\u064a\u0629 \u0648\u0627\u0646\u0636\u0645 \u0625\u0644\u0649 \u0627\u0644\u0641\u0631\u064a\u0642.\",\"breadcrumb\":{\"@id\":\"https:\\\/\\\/ovoclone.com\\\/ar\\\/aamal-fi-ovoclone\\\/#breadcrumb\"},\"inLanguage\":\"ar\",\"potentialAction\":[{\"@type\":\"ReadAction\",\"target\":[\"https:\\\/\\\/ovoclone.com\\\/ar\\\/aamal-fi-ovoclone\\\/\"]}]},{\"@type\":\"ImageObject\",\"inLanguage\":\"ar\",\"@id\":\"https:\\\/\\\/ovoclone.com\\\/ar\\\/aamal-fi-ovoclone\\\/#primaryimage\",\"url\":\"https:\\\/\\\/ovoclone.com\\\/wp-content\\\/uploads\\\/2025\\\/09\\\/A746603-Mejorado-NR.webp\",\"contentUrl\":\"https:\\\/\\\/ovoclone.com\\\/wp-content\\\/uploads\\\/2025\\\/09\\\/A746603-Mejorado-NR.webp\",\"width\":1920,\"height\":640},{\"@type\":\"BreadcrumbList\",\"@id\":\"https:\\\/\\\/ovoclone.com\\\/ar\\\/aamal-fi-ovoclone\\\/#breadcrumb\",\"itemListElement\":[{\"@type\":\"ListItem\",\"position\":1,\"name\":\"Home\",\"item\":\"https:\\\/\\\/ovoclone.com\\\/ar\\\/\"},{\"@type\":\"ListItem\",\"position\":2,\"name\":\"\u0627\u0639\u0645\u0644 \u0641\u064a Ovoclone\"}]},{\"@type\":\"WebSite\",\"@id\":\"https:\\\/\\\/ovoclone.com\\\/ar\\\/#website\",\"url\":\"https:\\\/\\\/ovoclone.com\\\/ar\\\/\",\"name\":\"Ovoclone\",\"description\":\"Ovoclone es la \u00fanica empresa en Espa\u00f1a especializada en clonaci\u00f3n de mascotas y preservaci\u00f3n celular de animales. Ofrecemos soluciones innovadoras para mantener la esencia gen\u00e9tica de perros, gatos y especies en peligro de extinci\u00f3n, combinando ciencia, tecnolog\u00eda y amor por los animales.\",\"publisher\":{\"@id\":\"https:\\\/\\\/ovoclone.com\\\/ar\\\/#organization\"},\"alternateName\":\"Ovoclone\",\"potentialAction\":[{\"@type\":\"SearchAction\",\"target\":{\"@type\":\"EntryPoint\",\"urlTemplate\":\"https:\\\/\\\/ovoclone.com\\\/ar\\\/?s={search_term_string}\"},\"query-input\":{\"@type\":\"PropertyValueSpecification\",\"valueRequired\":true,\"valueName\":\"search_term_string\"}}],\"inLanguage\":\"ar\"},{\"@type\":\"Organization\",\"@id\":\"https:\\\/\\\/ovoclone.com\\\/ar\\\/#organization\",\"name\":\"Ovoclone\",\"url\":\"https:\\\/\\\/ovoclone.com\\\/ar\\\/\",\"logo\":{\"@type\":\"ImageObject\",\"inLanguage\":\"ar\",\"@id\":\"https:\\\/\\\/ovoclone.com\\\/ar\\\/#\\\/schema\\\/logo\\\/image\\\/\",\"url\":\"https:\\\/\\\/ovoclone.com\\\/wp-content\\\/uploads\\\/2025\\\/07\\\/Ovoclone-log.png\",\"contentUrl\":\"https:\\\/\\\/ovoclone.com\\\/wp-content\\\/uploads\\\/2025\\\/07\\\/Ovoclone-log.png\",\"width\":426,\"height\":114,\"caption\":\"Ovoclone\"},\"image\":{\"@id\":\"https:\\\/\\\/ovoclone.com\\\/ar\\\/#\\\/schema\\\/logo\\\/image\\\/\"},\"sameAs\":[\"https:\\\/\\\/www.facebook.com\\\/ovoclone\",\"https:\\\/\\\/www.instagram.com\\\/ovoclone_\\\/\",\"https:\\\/\\\/www.linkedin.com\\\/company\\\/ovoclone\\\/\",\"https:\\\/\\\/www.youtube.com\\\/@Ovoclone\"]}]}<\/script>\n<!-- \/ Yoast SEO Premium plugin. -->","yoast_head_json":{"title":"\u0627\u0639\u0645\u0644 \u0641\u064a Ovoclone | \u0648\u0638\u0627\u0626\u0641 \u0641\u064a \u0627\u0633\u062a\u0646\u0633\u0627\u062e \u0627\u0644\u062d\u064a\u0648\u0627\u0646\u0627\u062a","description":"\u0627\u0646\u0636\u0645 \u0625\u0644\u0649 \u0641\u0631\u064a\u0642 Ovoclone\u060c \u0627\u0644\u0634\u0631\u0643\u0629 \u0627\u0644\u0631\u0627\u0626\u062f\u0629 \u0641\u064a \u0627\u0633\u062a\u0646\u0633\u0627\u062e \u0627\u0644\u062d\u064a\u0648\u0627\u0646\u0627\u062a \u0627\u0644\u0623\u0644\u064a\u0641\u0629 \u0648\u0627\u0644\u062d\u0641\u0638 \u0627\u0644\u062e\u0644\u0648\u064a. \u0623\u0631\u0633\u0644 \u0644\u0646\u0627 \u0633\u064a\u0631\u062a\u0643 \u0627\u0644\u0630\u0627\u062a\u064a\u0629 \u0648\u0627\u0646\u0636\u0645 \u0625\u0644\u0649 \u0627\u0644\u0641\u0631\u064a\u0642.","robots":{"index":"index","follow":"follow","max-snippet":"max-snippet:-1","max-image-preview":"max-image-preview:large","max-video-preview":"max-video-preview:-1"},"canonical":"https:\/\/ovoclone.com\/ar\/aamal-fi-ovoclone\/","og_locale":"ar_AR","og_type":"article","og_title":"\u0627\u0639\u0645\u0644 \u0641\u064a Ovoclone","og_description":"\u0627\u0646\u0636\u0645 \u0625\u0644\u0649 \u0641\u0631\u064a\u0642 Ovoclone\u060c \u0627\u0644\u0634\u0631\u0643\u0629 \u0627\u0644\u0631\u0627\u0626\u062f\u0629 \u0641\u064a \u0627\u0633\u062a\u0646\u0633\u0627\u062e \u0627\u0644\u062d\u064a\u0648\u0627\u0646\u0627\u062a \u0627\u0644\u0623\u0644\u064a\u0641\u0629 \u0648\u0627\u0644\u062d\u0641\u0638 \u0627\u0644\u062e\u0644\u0648\u064a. \u0623\u0631\u0633\u0644 \u0644\u0646\u0627 \u0633\u064a\u0631\u062a\u0643 \u0627\u0644\u0630\u0627\u062a\u064a\u0629 \u0648\u0627\u0646\u0636\u0645 \u0625\u0644\u0649 \u0627\u0644\u0641\u0631\u064a\u0642.","og_url":"https:\/\/ovoclone.com\/ar\/aamal-fi-ovoclone\/","og_site_name":"Ovoclone","article_publisher":"https:\/\/www.facebook.com\/ovoclone","article_modified_time":"2026-02-24T12:02:19+00:00","og_image":[{"width":1920,"height":640,"url":"https:\/\/ovoclone.com\/wp-content\/uploads\/2025\/09\/A746603-Mejorado-NR.webp","type":"image\/webp"}],"twitter_card":"summary_large_image","twitter_misc":{"\u0648\u0642\u062a \u0627\u0644\u0642\u0631\u0627\u0621\u0629 \u0627\u0644\u0645\u064f\u0642\u062f\u0651\u0631":"1 \u062f\u0642\u064a\u0642\u0629"},"schema":{"@context":"https:\/\/schema.org","@graph":[{"@type":"WebPage","@id":"https:\/\/ovoclone.com\/ar\/aamal-fi-ovoclone\/","url":"https:\/\/ovoclone.com\/ar\/aamal-fi-ovoclone\/","name":"\u0627\u0639\u0645\u0644 \u0641\u064a Ovoclone | \u0648\u0638\u0627\u0626\u0641 \u0641\u064a \u0627\u0633\u062a\u0646\u0633\u0627\u062e \u0627\u0644\u062d\u064a\u0648\u0627\u0646\u0627\u062a","isPartOf":{"@id":"https:\/\/ovoclone.com\/ar\/#website"},"primaryImageOfPage":{"@id":"https:\/\/ovoclone.com\/ar\/aamal-fi-ovoclone\/#primaryimage"},"image":{"@id":"https:\/\/ovoclone.com\/ar\/aamal-fi-ovoclone\/#primaryimage"},"thumbnailUrl":"https:\/\/ovoclone.com\/wp-content\/uploads\/2025\/09\/A746603-Mejorado-NR.webp","datePublished":"2025-08-19T08:13:08+00:00","dateModified":"2026-02-24T12:02:19+00:00","description":"\u0627\u0646\u0636\u0645 \u0625\u0644\u0649 \u0641\u0631\u064a\u0642 Ovoclone\u060c \u0627\u0644\u0634\u0631\u0643\u0629 \u0627\u0644\u0631\u0627\u0626\u062f\u0629 \u0641\u064a \u0627\u0633\u062a\u0646\u0633\u0627\u062e \u0627\u0644\u062d\u064a\u0648\u0627\u0646\u0627\u062a \u0627\u0644\u0623\u0644\u064a\u0641\u0629 \u0648\u0627\u0644\u062d\u0641\u0638 \u0627\u0644\u062e\u0644\u0648\u064a. \u0623\u0631\u0633\u0644 \u0644\u0646\u0627 \u0633\u064a\u0631\u062a\u0643 \u0627\u0644\u0630\u0627\u062a\u064a\u0629 \u0648\u0627\u0646\u0636\u0645 \u0625\u0644\u0649 \u0627\u0644\u0641\u0631\u064a\u0642.","breadcrumb":{"@id":"https:\/\/ovoclone.com\/ar\/aamal-fi-ovoclone\/#breadcrumb"},"inLanguage":"ar","potentialAction":[{"@type":"ReadAction","target":["https:\/\/ovoclone.com\/ar\/aamal-fi-ovoclone\/"]}]},{"@type":"ImageObject","inLanguage":"ar","@id":"https:\/\/ovoclone.com\/ar\/aamal-fi-ovoclone\/#primaryimage","url":"https:\/\/ovoclone.com\/wp-content\/uploads\/2025\/09\/A746603-Mejorado-NR.webp","contentUrl":"https:\/\/ovoclone.com\/wp-content\/uploads\/2025\/09\/A746603-Mejorado-NR.webp","width":1920,"height":640},{"@type":"BreadcrumbList","@id":"https:\/\/ovoclone.com\/ar\/aamal-fi-ovoclone\/#breadcrumb","itemListElement":[{"@type":"ListItem","position":1,"name":"Home","item":"https:\/\/ovoclone.com\/ar\/"},{"@type":"ListItem","position":2,"name":"\u0627\u0639\u0645\u0644 \u0641\u064a Ovoclone"}]},{"@type":"WebSite","@id":"https:\/\/ovoclone.com\/ar\/#website","url":"https:\/\/ovoclone.com\/ar\/","name":"Ovoclone","description":"Ovoclone es la \u00fanica empresa en Espa\u00f1a especializada en clonaci\u00f3n de mascotas y preservaci\u00f3n celular de animales. Ofrecemos soluciones innovadoras para mantener la esencia gen\u00e9tica de perros, gatos y especies en peligro de extinci\u00f3n, combinando ciencia, tecnolog\u00eda y amor por los animales.","publisher":{"@id":"https:\/\/ovoclone.com\/ar\/#organization"},"alternateName":"Ovoclone","potentialAction":[{"@type":"SearchAction","target":{"@type":"EntryPoint","urlTemplate":"https:\/\/ovoclone.com\/ar\/?s={search_term_string}"},"query-input":{"@type":"PropertyValueSpecification","valueRequired":true,"valueName":"search_term_string"}}],"inLanguage":"ar"},{"@type":"Organization","@id":"https:\/\/ovoclone.com\/ar\/#organization","name":"Ovoclone","url":"https:\/\/ovoclone.com\/ar\/","logo":{"@type":"ImageObject","inLanguage":"ar","@id":"https:\/\/ovoclone.com\/ar\/#\/schema\/logo\/image\/","url":"https:\/\/ovoclone.com\/wp-content\/uploads\/2025\/07\/Ovoclone-log.png","contentUrl":"https:\/\/ovoclone.com\/wp-content\/uploads\/2025\/07\/Ovoclone-log.png","width":426,"height":114,"caption":"Ovoclone"},"image":{"@id":"https:\/\/ovoclone.com\/ar\/#\/schema\/logo\/image\/"},"sameAs":["https:\/\/www.facebook.com\/ovoclone","https:\/\/www.instagram.com\/ovoclone_\/","https:\/\/www.linkedin.com\/company\/ovoclone\/","https:\/\/www.youtube.com\/@Ovoclone"]}]}},"_links":{"self":[{"href":"https:\/\/ovoclone.com\/ar\/wp-json\/wp\/v2\/pages\/3155","targetHints":{"allow":["GET"]}}],"collection":[{"href":"https:\/\/ovoclone.com\/ar\/wp-json\/wp\/v2\/pages"}],"about":[{"href":"https:\/\/ovoclone.com\/ar\/wp-json\/wp\/v2\/types\/page"}],"author":[{"embeddable":true,"href":"https:\/\/ovoclone.com\/ar\/wp-json\/wp\/v2\/users\/1"}],"replies":[{"embeddable":true,"href":"https:\/\/ovoclone.com\/ar\/wp-json\/wp\/v2\/comments?post=3155"}],"version-history":[{"count":3,"href":"https:\/\/ovoclone.com\/ar\/wp-json\/wp\/v2\/pages\/3155\/revisions"}],"predecessor-version":[{"id":7516,"href":"https:\/\/ovoclone.com\/ar\/wp-json\/wp\/v2\/pages\/3155\/revisions\/7516"}],"wp:featuredmedia":[{"embeddable":true,"href":"https:\/\/ovoclone.com\/ar\/wp-json\/wp\/v2\/media\/3103"}],"wp:attachment":[{"href":"https:\/\/ovoclone.com\/ar\/wp-json\/wp\/v2\/media?parent=3155"}],"curies":[{"name":"wp","href":"https:\/\/api.w.org\/{rel}","templated":true}]}}