{"id":4510,"date":"2025-08-19T09:19:21","date_gmt":"2025-08-19T09:19:21","guid":{"rendered":"https:\/\/ovoclone.com\/%d9%85%d8%b9%d8%a7%d9%84%d8%ac%d8%a9-%d9%88%d8%aa%d8%b3%d9%84%d9%8a%d9%85-%d8%a7%d9%84%d8%b3%d9%8a%d8%b1-%d8%a7%d9%84%d8%b0%d8%a7%d8%aa%d9%8a%d8%a9\/"},"modified":"2025-10-07T12:11:09","modified_gmt":"2025-10-07T12:11:09","slug":"muaalaja-wataslim-alsiyar-althatiya","status":"publish","type":"page","link":"https:\/\/ovoclone.com\/ar\/muaalaja-wataslim-alsiyar-althatiya\/","title":{"rendered":"\u0645\u0639\u0627\u0644\u062c\u0629 \u0648\u062a\u0633\u0644\u064a\u0645 \u0627\u0644\u0633\u064a\u0631 \u0627\u0644\u0630\u0627\u062a\u064a\u0629"},"content":{"rendered":"\t\t<div data-elementor-type=\"wp-page\" data-elementor-id=\"4510\" class=\"elementor elementor-4510 elementor-1469\" data-elementor-post-type=\"page\">\n\t\t\t\t<div class=\"elementor-element elementor-element-f616923 e-flex e-con-boxed e-con e-parent\" data-id=\"f616923\" data-element_type=\"container\" data-e-type=\"container\">\n\t\t\t\t\t<div class=\"e-con-inner\">\n\t\t\t\t<div class=\"elementor-element elementor-element-d717f87 elementor-widget elementor-widget-heading\" data-id=\"d717f87\" data-element_type=\"widget\" data-e-type=\"widget\" data-widget_type=\"heading.default\">\n\t\t\t\t\t<h2 class=\"elementor-heading-title elementor-size-default\">\u0627\u0644\u0645\u0633\u0624\u0648\u0644 \u0639\u0646 \u0645\u0639\u0627\u0644\u062c\u0629 \u0627\u0644\u0628\u064a\u0627\u0646\u0627\u062a \u0627\u0644\u0634\u062e\u0635\u064a\u0629<\/h2>\t\t\t\t<\/div>\n\t\t\t\t<div class=\"elementor-element elementor-element-b3b2b72 elementor-widget elementor-widget-text-editor\" data-id=\"b3b2b72\" data-element_type=\"widget\" data-e-type=\"widget\" data-widget_type=\"text-editor.default\">\n\t\t\t\t\t\t\t\t\t<p>\u0646\u064f\u0639\u0644\u0645\u0643 \u0628\u0623\u0646 \u0628\u064a\u0627\u0646\u0627\u062a \u0633\u064a\u0631\u062a\u0643 \u0627\u0644\u0630\u0627\u062a\u064a\u0629 \u0633\u064a\u062a\u0645 \u0645\u0639\u0627\u0644\u062c\u062a\u0647\u0627 \u0648\u0641\u0642\u064b\u0627 \u0644\u0645\u0627 \u0647\u0648 \u0645\u0646\u0635\u0648\u0635 \u0639\u0644\u064a\u0647 \u0641\u064a \u0627\u0644\u0642\u0627\u0646\u0648\u0646 \u0627\u0644\u0623\u0633\u0627\u0633\u064a 03\/2018 \u0648\u0627\u0644\u0644\u0627\u0626\u062d\u0629 \u0627\u0644\u0623\u0648\u0631\u0648\u0628\u064a\u0629 679\/2016 \u0627\u0644\u0645\u062a\u0639\u0644\u0642\u0629 \u0628\u062d\u0645\u0627\u064a\u0629 \u0627\u0644\u0628\u064a\u0627\u0646\u0627\u062a\u060c \u0648\u0643\u0630\u0644\u0643 \u0623\u064a \u0644\u0648\u0627\u0626\u062d \u0644\u0627\u062d\u0642\u0629 \u0644\u0644\u062a\u0646\u0641\u064a\u0630 \u0623\u0648 \u0627\u0644\u062a\u0639\u062f\u064a\u0644 \u0623\u0648 \u0627\u0644\u0627\u0633\u062a\u0628\u062f\u0627\u0644\u060c \u0648\u0633\u062a\u064f\u062f\u0631\u062c \u0641\u064a \u0645\u0644\u0641 \u0645\u0639\u0627\u0644\u062c\u0629 \u062a\u0643\u0648\u0646 \u0645\u0633\u0624\u0648\u0644\u064a\u062a\u0647 \u0639\u0644\u0649 \u0639\u0627\u062a\u0642 \u0634\u0631\u0643\u0629 OVOHORSE IBERICA SL\u060c \u0648\u0645\u0642\u0631\u0647\u0627 \u0641\u064a AVDA SEVERO OCHOA, 67 \u2013 29603 MARBELLA. <\/p>\t\t\t\t\t\t\t\t<\/div>\n\t\t\t\t<div class=\"elementor-element elementor-element-0c75a4d elementor-widget elementor-widget-heading\" data-id=\"0c75a4d\" data-element_type=\"widget\" data-e-type=\"widget\" data-widget_type=\"heading.default\">\n\t\t\t\t\t<h2 class=\"elementor-heading-title elementor-size-default\">\u0645\u0639\u0627\u0644\u062c\u0629 \u0627\u0644\u0633\u064a\u0631\u0629 \u0627\u0644\u0630\u0627\u062a\u064a\u0629<\/h2>\t\t\t\t<\/div>\n\t\t\t\t<div class=\"elementor-element elementor-element-65b069b elementor-widget elementor-widget-text-editor\" data-id=\"65b069b\" data-element_type=\"widget\" data-e-type=\"widget\" data-widget_type=\"text-editor.default\">\n\t\t\t\t\t\t\t\t\t<p>\u0627\u0644\u063a\u0631\u0636 \u0645\u0646 \u0645\u0639\u0627\u0644\u062c\u0629 \u0628\u064a\u0627\u0646\u0627\u062a\u0643 \u0647\u0648 \u0645\u062a\u0627\u0628\u0639\u0629 \u0637\u0644\u0628 \u0627\u0644\u062a\u0648\u0638\u064a\u0641 \u0627\u0644\u062e\u0627\u0635 \u0628\u0643 \u0648\u0625\u062f\u0627\u0631\u0629 \u0639\u0645\u0644\u064a\u0629 \u0627\u0644\u0627\u062e\u062a\u064a\u0627\u0631 \u0627\u0644\u0645\u062d\u062a\u0645\u0644\u0629\u060c \u0648\u0627\u0644\u062a\u064a \u0642\u062f \u062a\u0634\u0645\u0644 \u0627\u0644\u0645\u0634\u0627\u0631\u0643\u0629 \u0641\u064a \u0627\u062e\u062a\u0628\u0627\u0631\u0627\u062a \u062a\u0642\u064a\u064a\u0645 \u0645\u062e\u062a\u0644\u0641\u0629. \u0648\u064a\u0645\u0643\u0646 \u0646\u0642\u0644 \u0628\u064a\u0627\u0646\u0627\u062a\u0643 \u0625\u0644\u0649 \u0627\u0644\u0634\u0631\u0643\u0627\u062a \u0627\u0644\u062a\u0627\u0628\u0639\u0629 \u0644\u0644\u0645\u062c\u0645\u0648\u0639\u0629 \u0628\u0647\u062f\u0641 \u062a\u0645\u0643\u064a\u0646\u0643 \u0645\u0646 \u0627\u0644\u0645\u0634\u0627\u0631\u0643\u0629 \u0641\u064a \u0639\u0645\u0644\u064a\u0627\u062a \u0627\u062e\u062a\u064a\u0627\u0631 \u0645\u0648\u0638\u0641\u064a\u0646 \u0645\u0633\u062a\u0642\u0628\u0644\u064a\u0629 \u0623\u0648 \u0641\u064a \u062d\u0627\u0644 \u0648\u062c\u0648\u062f \u0627\u0644\u062a\u0632\u0627\u0645 \u0642\u0627\u0646\u0648\u0646\u064a \u0628\u0630\u0644\u0643. <\/p><p>\u0633\u064a\u062a\u0645 \u062d\u0630\u0641 \u0623\u0648 \u062d\u0638\u0631 \u0627\u0644\u0633\u064a\u0631 \u0627\u0644\u0630\u0627\u062a\u064a\u0629 \u0627\u0644\u062a\u064a \u0644\u0645 \u064a\u062a\u0645 \u062a\u062d\u062f\u064a\u062b\u0647\u0627 \u0645\u0646\u0630 \u0623\u0643\u062b\u0631 \u0645\u0646 24 \u0634\u0647\u0631\u064b\u0627 \u0644\u0645\u0646\u0639 \u0627\u0644\u0648\u0635\u0648\u0644 \u0625\u0644\u064a\u0647\u0627. \u0648\u0641\u064a \u062c\u0645\u064a\u0639 \u0627\u0644\u0623\u062d\u0648\u0627\u0644\u060c \u0633\u062a\u064f\u062d\u0641\u0638 \u0627\u0644\u0628\u064a\u0627\u0646\u0627\u062a \u0627\u0644\u0645\u0642\u062f\u0645\u0629 \u0637\u0627\u0644\u0645\u0627 \u0623\u0646 \u0639\u0645\u0644\u064a\u0629 \u0627\u0644\u0627\u062e\u062a\u064a\u0627\u0631 \u0645\u0627 \u0632\u0627\u0644\u062a \u0645\u0641\u062a\u0648\u062d\u0629. <\/p>\t\t\t\t\t\t\t\t<\/div>\n\t\t\t\t<div class=\"elementor-element elementor-element-0d0f715 elementor-widget elementor-widget-heading\" data-id=\"0d0f715\" data-element_type=\"widget\" data-e-type=\"widget\" data-widget_type=\"heading.default\">\n\t\t\t\t\t<h2 class=\"elementor-heading-title elementor-size-default\">\u062d\u0642\u0648\u0642 \u0623\u0635\u062d\u0627\u0628 \u0627\u0644\u0628\u064a\u0627\u0646\u0627\u062a<\/h2>\t\t\t\t<\/div>\n\t\t\t\t<div class=\"elementor-element elementor-element-26eab08 elementor-widget elementor-widget-text-editor\" data-id=\"26eab08\" data-element_type=\"widget\" data-e-type=\"widget\" data-widget_type=\"text-editor.default\">\n\t\t\t\t\t\t\t\t\t<p>\u064a\u0645\u0643\u0646\u0643 \u0645\u0645\u0627\u0631\u0633\u0629 \u062d\u0642\u0648\u0642\u0643 \u0641\u064a \u0627\u0644\u0648\u0635\u0648\u0644 \u0623\u0648 \u0627\u0644\u062a\u0635\u062d\u064a\u062d \u0623\u0648 \u0627\u0644\u062d\u0630\u0641\u060c \u0648\u062a\u0642\u064a\u064a\u062f \u0627\u0644\u0645\u0639\u0627\u0644\u062c\u0629\u060c \u0648\u0627\u0644\u0627\u0639\u062a\u0631\u0627\u0636\u060c \u0648\u0642\u0627\u0628\u0644\u064a\u0629 \u0646\u0642\u0644 \u0627\u0644\u0628\u064a\u0627\u0646\u0627\u062a\u060c \u0648\u0627\u0644\u0627\u0639\u062a\u0631\u0627\u0636 \u0639\u0644\u0649 \u0627\u0644\u0642\u0631\u0627\u0631\u0627\u062a \u0627\u0644\u0641\u0631\u062f\u064a\u0629 \u0627\u0644\u0622\u0644\u064a\u0629 \u0639\u0628\u0631 \u0627\u0644\u0628\u0631\u064a\u062f \u0627\u0644\u0625\u0644\u0643\u062a\u0631\u0648\u0646\u064a: info@ovoclone.com \u0623\u0648 \u0628\u0627\u0644\u0643\u062a\u0627\u0628\u0629 \u0625\u0644\u0649 \u0627\u0644\u0639\u0646\u0648\u0627\u0646 \u0627\u0644\u062a\u0627\u0644\u064a: OVOHORSE IBERICA SL\u060c AVDA SEVERO OCHOA, 67 \u2013 29603 MARBELLA.<\/p><p>\u0643\u0645\u0627 \u064a\u0645\u0643\u0646\u0643 \u0633\u062d\u0628 \u0645\u0648\u0627\u0641\u0642\u062a\u0643 \u0641\u064a \u062d\u0627\u0644 \u0645\u0646\u062d\u062a\u0647\u0627 \u0644\u063a\u0631\u0636 \u0645\u062d\u062f\u062f\u060c \u0645\u0639 \u0625\u0645\u0643\u0627\u0646\u064a\u0629 \u062a\u0639\u062f\u064a\u0644 \u062a\u0641\u0636\u064a\u0644\u0627\u062a\u0643 \u0641\u064a \u0623\u064a \u0648\u0642\u062a.<\/p>\t\t\t\t\t\t\t\t<\/div>\n\t\t\t\t<div class=\"elementor-element elementor-element-4971b6c elementor-widget elementor-widget-heading\" data-id=\"4971b6c\" data-element_type=\"widget\" data-e-type=\"widget\" data-widget_type=\"heading.default\">\n\t\t\t\t\t<h2 class=\"elementor-heading-title elementor-size-default\">\u0627\u0644\u0625\u0634\u0639\u0627\u0631 \u0627\u0644\u0642\u0627\u0646\u0648\u0646\u064a \u0648\u0633\u064a\u0627\u0633\u0629 \u0627\u0644\u062e\u0635\u0648\u0635\u064a\u0629: \u0627\u0644\u0634\u0631\u0648\u0637 \u0627\u0644\u0639\u0627\u0645\u0629<\/h2>\t\t\t\t<\/div>\n\t\t\t\t<div class=\"elementor-element elementor-element-70e5ae3 elementor-widget elementor-widget-text-editor\" data-id=\"70e5ae3\" data-element_type=\"widget\" data-e-type=\"widget\" data-widget_type=\"text-editor.default\">\n\t\t\t\t\t\t\t\t\t<p>\u0628\u0627\u0644\u0625\u0636\u0627\u0641\u0629 \u0625\u0644\u0649 \u0627\u0644\u0634\u0631\u0648\u0637 \u0627\u0644\u062e\u0627\u0635\u0629 \u0627\u0644\u0645\u0637\u0628\u0642\u0629 \u0639\u0644\u0649 \u0639\u0645\u0644\u064a\u0627\u062a \u0627\u0644\u0627\u062e\u062a\u064a\u0627\u0631 \u0644\u062f\u064a\u0646\u0627\u060c \u062a\u064f\u0637\u0628\u0642 \u0623\u064a\u0636\u064b\u0627\u060c \u0641\u064a \u0643\u0644 \u0645\u0627 \u0644\u0645 \u064a\u064f\u0646\u0635 \u0639\u0644\u064a\u0647 \u0635\u0631\u0627\u062d\u0629\u064b \u0641\u064a \u0647\u0630\u0627 \u0627\u0644\u0625\u0634\u0639\u0627\u0631\u060c \u0634\u0631\u0648\u0637\u0646\u0627 \u0627\u0644\u0639\u0627\u0645\u0629 \u0627\u0644\u062e\u0627\u0635\u0629 \u0628\u0627\u0644\u0625\u0634\u0639\u0627\u0631 \u0627\u0644\u0642\u0627\u0646\u0648\u0646\u064a \u0648\u0633\u064a\u0627\u0633\u0629 \u0627\u0644\u062e\u0635\u0648\u0635\u064a\u0629\u060c \u0648\u0627\u0644\u062a\u064a \u064a\u0645\u0643\u0646\u0643 \u0627\u0644\u0627\u0637\u0644\u0627\u0639 \u0639\u0644\u064a\u0647\u0627 \u0641\u064a <a href=\"https:\/\/ovoclone.com\/politica-de-privacidad\">\u0633\u064a\u0627\u0633\u0629 \u0627\u0644\u062e\u0635\u0648\u0635\u064a\u0629<\/a> \u0627\u0644\u062e\u0627\u0635\u0629 \u0628\u0646\u0627.<\/p><p>\u064a\u062c\u0628 \u0639\u0644\u0649 \u0623\u0635\u062d\u0627\u0628 \u0627\u0644\u0628\u064a\u0627\u0646\u0627\u062a \u0627\u0644\u0630\u064a\u0646 \u0644\u0627 \u064a\u0648\u0627\u0641\u0642\u0648\u0646 \u0639\u0644\u0649 \u0647\u0630\u0647 \u0627\u0644\u0633\u064a\u0627\u0633\u0629 \u0639\u062f\u0645 \u0625\u062f\u062e\u0627\u0644 \u0623\u064a \u0628\u064a\u0627\u0646\u0627\u062a \u0645\u0646 \u062e\u0644\u0627\u0644 \u0647\u0630\u0627 \u0627\u0644\u0645\u0648\u0642\u0639 \u0627\u0644\u0625\u0644\u0643\u062a\u0631\u0648\u0646\u064a\u060c \u0623\u0648 \u0627\u0644\u0648\u0635\u0648\u0644 \u0625\u0644\u0649 \u0645\u062d\u062a\u0648\u0627\u0647\u060c \u0623\u0648 \u0625\u0631\u0633\u0627\u0644 \u0633\u064a\u0631\u062a\u0647\u0645 \u0627\u0644\u0630\u0627\u062a\u064a\u0629 \u0625\u0644\u064a\u0646\u0627.<\/p>\t\t\t\t\t\t\t\t<\/div>\n\t\t\t\t\t<\/div>\n\t\t\t\t<\/div>\n\t\t\t\t<\/div>\n\t\t","protected":false},"excerpt":{"rendered":"<p>\u0627\u0644\u0645\u0633\u0624\u0648\u0644 \u0639\u0646 \u0645\u0639\u0627\u0644\u062c\u0629 \u0627\u0644\u0628\u064a\u0627\u0646\u0627\u062a \u0627\u0644\u0634\u062e\u0635\u064a\u0629 \u0646\u064f\u0639\u0644\u0645\u0643 \u0628\u0623\u0646 \u0628\u064a\u0627\u0646\u0627\u062a \u0633\u064a\u0631\u062a\u0643 \u0627\u0644\u0630\u0627\u062a\u064a\u0629 \u0633\u064a\u062a\u0645 \u0645\u0639\u0627\u0644\u062c\u062a\u0647\u0627 \u0648\u0641\u0642\u064b\u0627 \u0644\u0645\u0627 \u0647\u0648 \u0645\u0646\u0635\u0648\u0635 \u0639\u0644\u064a\u0647 \u0641\u064a \u0627\u0644\u0642\u0627\u0646\u0648\u0646 \u0627\u0644\u0623\u0633\u0627\u0633\u064a 03\/2018 \u0648\u0627\u0644\u0644\u0627\u0626\u062d\u0629 \u0627\u0644\u0623\u0648\u0631\u0648\u0628\u064a\u0629 679\/2016 \u0627\u0644\u0645\u062a\u0639\u0644\u0642\u0629 \u0628\u062d\u0645\u0627\u064a\u0629 \u0627\u0644\u0628\u064a\u0627\u0646\u0627\u062a\u060c \u0648\u0643\u0630\u0644\u0643 \u0623\u064a \u0644\u0648\u0627\u0626\u062d \u0644\u0627\u062d\u0642\u0629 \u0644\u0644\u062a\u0646\u0641\u064a\u0630 \u0623\u0648 \u0627\u0644\u062a\u0639\u062f\u064a\u0644 \u0623\u0648 \u0627\u0644\u0627\u0633\u062a\u0628\u062f\u0627\u0644\u060c \u0648\u0633\u062a\u064f\u062f\u0631\u062c \u0641\u064a \u0645\u0644\u0641 \u0645\u0639\u0627\u0644\u062c\u0629 \u062a\u0643\u0648\u0646 \u0645\u0633\u0624\u0648\u0644\u064a\u062a\u0647 \u0639\u0644\u0649 \u0639\u0627\u062a\u0642 \u0634\u0631\u0643\u0629 OVOHORSE IBERICA SL\u060c \u0648\u0645\u0642\u0631\u0647\u0627 \u0641\u064a AVDA SEVERO OCHOA, 67 \u2013 [&hellip;]<\/p>\n","protected":false},"author":1,"featured_media":4509,"parent":0,"menu_order":0,"comment_status":"closed","ping_status":"closed","template":"elementor_header_footer","meta":{"_acf_changed":false,"inline_featured_image":false,"footnotes":""},"class_list":["post-4510","page","type-page","status-publish","has-post-thumbnail","hentry"],"acf":[],"yoast_head":"<!-- This site is optimized with the Yoast SEO Premium plugin v27.4 (Yoast SEO v27.4) - https:\/\/yoast.com\/product\/yoast-seo-premium-wordpress\/ -->\n<title>\u0645\u0639\u0627\u0644\u062c\u0629 \u0648\u062a\u0633\u0644\u064a\u0645 \u0627\u0644\u0633\u064a\u0631 \u0627\u0644\u0630\u0627\u062a\u064a\u0629 | Ovoclone<\/title>\n<meta name=\"robots\" content=\"noindex, nofollow\" \/>\n<meta property=\"og:locale\" content=\"ar_AR\" \/>\n<meta property=\"og:type\" content=\"article\" \/>\n<meta property=\"og:title\" content=\"\u0645\u0639\u0627\u0644\u062c\u0629 \u0648\u062a\u0633\u0644\u064a\u0645 \u0627\u0644\u0633\u064a\u0631 \u0627\u0644\u0630\u0627\u062a\u064a\u0629\" \/>\n<meta property=\"og:description\" content=\"\u0627\u0644\u0645\u0633\u0624\u0648\u0644 \u0639\u0646 \u0645\u0639\u0627\u0644\u062c\u0629 \u0627\u0644\u0628\u064a\u0627\u0646\u0627\u062a \u0627\u0644\u0634\u062e\u0635\u064a\u0629 \u0646\u064f\u0639\u0644\u0645\u0643 \u0628\u0623\u0646 \u0628\u064a\u0627\u0646\u0627\u062a \u0633\u064a\u0631\u062a\u0643 \u0627\u0644\u0630\u0627\u062a\u064a\u0629 \u0633\u064a\u062a\u0645 \u0645\u0639\u0627\u0644\u062c\u062a\u0647\u0627 \u0648\u0641\u0642\u064b\u0627 \u0644\u0645\u0627 \u0647\u0648 \u0645\u0646\u0635\u0648\u0635 \u0639\u0644\u064a\u0647 \u0641\u064a \u0627\u0644\u0642\u0627\u0646\u0648\u0646 \u0627\u0644\u0623\u0633\u0627\u0633\u064a 03\/2018 \u0648\u0627\u0644\u0644\u0627\u0626\u062d\u0629 \u0627\u0644\u0623\u0648\u0631\u0648\u0628\u064a\u0629 679\/2016 \u0627\u0644\u0645\u062a\u0639\u0644\u0642\u0629 \u0628\u062d\u0645\u0627\u064a\u0629 \u0627\u0644\u0628\u064a\u0627\u0646\u0627\u062a\u060c \u0648\u0643\u0630\u0644\u0643 \u0623\u064a \u0644\u0648\u0627\u0626\u062d \u0644\u0627\u062d\u0642\u0629 \u0644\u0644\u062a\u0646\u0641\u064a\u0630 \u0623\u0648 \u0627\u0644\u062a\u0639\u062f\u064a\u0644 \u0623\u0648 \u0627\u0644\u0627\u0633\u062a\u0628\u062f\u0627\u0644\u060c \u0648\u0633\u062a\u064f\u062f\u0631\u062c \u0641\u064a \u0645\u0644\u0641 \u0645\u0639\u0627\u0644\u062c\u0629 \u062a\u0643\u0648\u0646 \u0645\u0633\u0624\u0648\u0644\u064a\u062a\u0647 \u0639\u0644\u0649 \u0639\u0627\u062a\u0642 \u0634\u0631\u0643\u0629 OVOHORSE IBERICA SL\u060c \u0648\u0645\u0642\u0631\u0647\u0627 \u0641\u064a AVDA SEVERO OCHOA, 67 \u2013 [&hellip;]\" \/>\n<meta property=\"og:url\" content=\"https:\/\/ovoclone.com\/ar\/muaalaja-wataslim-alsiyar-althatiya\/\" \/>\n<meta property=\"og:site_name\" content=\"Ovoclone\" \/>\n<meta property=\"article:publisher\" content=\"https:\/\/www.facebook.com\/ovoclone\" \/>\n<meta property=\"article:modified_time\" content=\"2025-10-07T12:11:09+00:00\" \/>\n<meta property=\"og:image\" content=\"https:\/\/ovoclone.com\/wp-content\/uploads\/2025\/08\/Embriologa-Ovohorse-768x354-1.webp\" \/>\n\t<meta property=\"og:image:width\" content=\"768\" \/>\n\t<meta property=\"og:image:height\" content=\"354\" \/>\n\t<meta property=\"og:image:type\" content=\"image\/webp\" \/>\n<meta name=\"twitter:card\" content=\"summary_large_image\" \/>\n<script type=\"application\/ld+json\" class=\"yoast-schema-graph\">{\"@context\":\"https:\\\/\\\/schema.org\",\"@graph\":[{\"@type\":\"WebPage\",\"@id\":\"https:\\\/\\\/ovoclone.com\\\/ar\\\/muaalaja-wataslim-alsiyar-althatiya\\\/\",\"url\":\"https:\\\/\\\/ovoclone.com\\\/ar\\\/muaalaja-wataslim-alsiyar-althatiya\\\/\",\"name\":\"\u0645\u0639\u0627\u0644\u062c\u0629 \u0648\u062a\u0633\u0644\u064a\u0645 \u0627\u0644\u0633\u064a\u0631 \u0627\u0644\u0630\u0627\u062a\u064a\u0629 | Ovoclone\",\"isPartOf\":{\"@id\":\"https:\\\/\\\/ovoclone.com\\\/ar\\\/#website\"},\"primaryImageOfPage\":{\"@id\":\"https:\\\/\\\/ovoclone.com\\\/ar\\\/muaalaja-wataslim-alsiyar-althatiya\\\/#primaryimage\"},\"image\":{\"@id\":\"https:\\\/\\\/ovoclone.com\\\/ar\\\/muaalaja-wataslim-alsiyar-althatiya\\\/#primaryimage\"},\"thumbnailUrl\":\"https:\\\/\\\/ovoclone.com\\\/wp-content\\\/uploads\\\/2025\\\/08\\\/Embriologa-Ovohorse-768x354-1.webp\",\"datePublished\":\"2025-08-19T09:19:21+00:00\",\"dateModified\":\"2025-10-07T12:11:09+00:00\",\"breadcrumb\":{\"@id\":\"https:\\\/\\\/ovoclone.com\\\/ar\\\/muaalaja-wataslim-alsiyar-althatiya\\\/#breadcrumb\"},\"inLanguage\":\"ar\",\"potentialAction\":[{\"@type\":\"ReadAction\",\"target\":[\"https:\\\/\\\/ovoclone.com\\\/ar\\\/muaalaja-wataslim-alsiyar-althatiya\\\/\"]}]},{\"@type\":\"ImageObject\",\"inLanguage\":\"ar\",\"@id\":\"https:\\\/\\\/ovoclone.com\\\/ar\\\/muaalaja-wataslim-alsiyar-althatiya\\\/#primaryimage\",\"url\":\"https:\\\/\\\/ovoclone.com\\\/wp-content\\\/uploads\\\/2025\\\/08\\\/Embriologa-Ovohorse-768x354-1.webp\",\"contentUrl\":\"https:\\\/\\\/ovoclone.com\\\/wp-content\\\/uploads\\\/2025\\\/08\\\/Embriologa-Ovohorse-768x354-1.webp\",\"width\":768,\"height\":354},{\"@type\":\"BreadcrumbList\",\"@id\":\"https:\\\/\\\/ovoclone.com\\\/ar\\\/muaalaja-wataslim-alsiyar-althatiya\\\/#breadcrumb\",\"itemListElement\":[{\"@type\":\"ListItem\",\"position\":1,\"name\":\"Home\",\"item\":\"https:\\\/\\\/ovoclone.com\\\/ar\\\/\"},{\"@type\":\"ListItem\",\"position\":2,\"name\":\"\u0645\u0639\u0627\u0644\u062c\u0629 \u0648\u062a\u0633\u0644\u064a\u0645 \u0627\u0644\u0633\u064a\u0631 \u0627\u0644\u0630\u0627\u062a\u064a\u0629\"}]},{\"@type\":\"WebSite\",\"@id\":\"https:\\\/\\\/ovoclone.com\\\/ar\\\/#website\",\"url\":\"https:\\\/\\\/ovoclone.com\\\/ar\\\/\",\"name\":\"Ovoclone\",\"description\":\"Ovoclone es la \u00fanica empresa en Espa\u00f1a especializada en clonaci\u00f3n de mascotas y preservaci\u00f3n celular de animales. Ofrecemos soluciones innovadoras para mantener la esencia gen\u00e9tica de perros, gatos y especies en peligro de extinci\u00f3n, combinando ciencia, tecnolog\u00eda y amor por los animales.\",\"publisher\":{\"@id\":\"https:\\\/\\\/ovoclone.com\\\/ar\\\/#organization\"},\"alternateName\":\"Ovoclone\",\"potentialAction\":[{\"@type\":\"SearchAction\",\"target\":{\"@type\":\"EntryPoint\",\"urlTemplate\":\"https:\\\/\\\/ovoclone.com\\\/ar\\\/?s={search_term_string}\"},\"query-input\":{\"@type\":\"PropertyValueSpecification\",\"valueRequired\":true,\"valueName\":\"search_term_string\"}}],\"inLanguage\":\"ar\"},{\"@type\":\"Organization\",\"@id\":\"https:\\\/\\\/ovoclone.com\\\/ar\\\/#organization\",\"name\":\"Ovoclone\",\"url\":\"https:\\\/\\\/ovoclone.com\\\/ar\\\/\",\"logo\":{\"@type\":\"ImageObject\",\"inLanguage\":\"ar\",\"@id\":\"https:\\\/\\\/ovoclone.com\\\/ar\\\/#\\\/schema\\\/logo\\\/image\\\/\",\"url\":\"https:\\\/\\\/ovoclone.com\\\/wp-content\\\/uploads\\\/2025\\\/07\\\/Ovoclone-log.png\",\"contentUrl\":\"https:\\\/\\\/ovoclone.com\\\/wp-content\\\/uploads\\\/2025\\\/07\\\/Ovoclone-log.png\",\"width\":426,\"height\":114,\"caption\":\"Ovoclone\"},\"image\":{\"@id\":\"https:\\\/\\\/ovoclone.com\\\/ar\\\/#\\\/schema\\\/logo\\\/image\\\/\"},\"sameAs\":[\"https:\\\/\\\/www.facebook.com\\\/ovoclone\",\"https:\\\/\\\/www.instagram.com\\\/ovoclone_\\\/\",\"https:\\\/\\\/www.linkedin.com\\\/company\\\/ovoclone\\\/\",\"https:\\\/\\\/www.youtube.com\\\/@Ovoclone\"]}]}<\/script>\n<!-- \/ Yoast SEO Premium plugin. -->","yoast_head_json":{"title":"\u0645\u0639\u0627\u0644\u062c\u0629 \u0648\u062a\u0633\u0644\u064a\u0645 \u0627\u0644\u0633\u064a\u0631 \u0627\u0644\u0630\u0627\u062a\u064a\u0629 | Ovoclone","robots":{"index":"noindex","follow":"nofollow"},"og_locale":"ar_AR","og_type":"article","og_title":"\u0645\u0639\u0627\u0644\u062c\u0629 \u0648\u062a\u0633\u0644\u064a\u0645 \u0627\u0644\u0633\u064a\u0631 \u0627\u0644\u0630\u0627\u062a\u064a\u0629","og_description":"\u0627\u0644\u0645\u0633\u0624\u0648\u0644 \u0639\u0646 \u0645\u0639\u0627\u0644\u062c\u0629 \u0627\u0644\u0628\u064a\u0627\u0646\u0627\u062a \u0627\u0644\u0634\u062e\u0635\u064a\u0629 \u0646\u064f\u0639\u0644\u0645\u0643 \u0628\u0623\u0646 \u0628\u064a\u0627\u0646\u0627\u062a \u0633\u064a\u0631\u062a\u0643 \u0627\u0644\u0630\u0627\u062a\u064a\u0629 \u0633\u064a\u062a\u0645 \u0645\u0639\u0627\u0644\u062c\u062a\u0647\u0627 \u0648\u0641\u0642\u064b\u0627 \u0644\u0645\u0627 \u0647\u0648 \u0645\u0646\u0635\u0648\u0635 \u0639\u0644\u064a\u0647 \u0641\u064a \u0627\u0644\u0642\u0627\u0646\u0648\u0646 \u0627\u0644\u0623\u0633\u0627\u0633\u064a 03\/2018 \u0648\u0627\u0644\u0644\u0627\u0626\u062d\u0629 \u0627\u0644\u0623\u0648\u0631\u0648\u0628\u064a\u0629 679\/2016 \u0627\u0644\u0645\u062a\u0639\u0644\u0642\u0629 \u0628\u062d\u0645\u0627\u064a\u0629 \u0627\u0644\u0628\u064a\u0627\u0646\u0627\u062a\u060c \u0648\u0643\u0630\u0644\u0643 \u0623\u064a \u0644\u0648\u0627\u0626\u062d \u0644\u0627\u062d\u0642\u0629 \u0644\u0644\u062a\u0646\u0641\u064a\u0630 \u0623\u0648 \u0627\u0644\u062a\u0639\u062f\u064a\u0644 \u0623\u0648 \u0627\u0644\u0627\u0633\u062a\u0628\u062f\u0627\u0644\u060c \u0648\u0633\u062a\u064f\u062f\u0631\u062c \u0641\u064a \u0645\u0644\u0641 \u0645\u0639\u0627\u0644\u062c\u0629 \u062a\u0643\u0648\u0646 \u0645\u0633\u0624\u0648\u0644\u064a\u062a\u0647 \u0639\u0644\u0649 \u0639\u0627\u062a\u0642 \u0634\u0631\u0643\u0629 OVOHORSE IBERICA SL\u060c \u0648\u0645\u0642\u0631\u0647\u0627 \u0641\u064a AVDA SEVERO OCHOA, 67 \u2013 [&hellip;]","og_url":"https:\/\/ovoclone.com\/ar\/muaalaja-wataslim-alsiyar-althatiya\/","og_site_name":"Ovoclone","article_publisher":"https:\/\/www.facebook.com\/ovoclone","article_modified_time":"2025-10-07T12:11:09+00:00","og_image":[{"width":768,"height":354,"url":"https:\/\/ovoclone.com\/wp-content\/uploads\/2025\/08\/Embriologa-Ovohorse-768x354-1.webp","type":"image\/webp"}],"twitter_card":"summary_large_image","schema":{"@context":"https:\/\/schema.org","@graph":[{"@type":"WebPage","@id":"https:\/\/ovoclone.com\/ar\/muaalaja-wataslim-alsiyar-althatiya\/","url":"https:\/\/ovoclone.com\/ar\/muaalaja-wataslim-alsiyar-althatiya\/","name":"\u0645\u0639\u0627\u0644\u062c\u0629 \u0648\u062a\u0633\u0644\u064a\u0645 \u0627\u0644\u0633\u064a\u0631 \u0627\u0644\u0630\u0627\u062a\u064a\u0629 | Ovoclone","isPartOf":{"@id":"https:\/\/ovoclone.com\/ar\/#website"},"primaryImageOfPage":{"@id":"https:\/\/ovoclone.com\/ar\/muaalaja-wataslim-alsiyar-althatiya\/#primaryimage"},"image":{"@id":"https:\/\/ovoclone.com\/ar\/muaalaja-wataslim-alsiyar-althatiya\/#primaryimage"},"thumbnailUrl":"https:\/\/ovoclone.com\/wp-content\/uploads\/2025\/08\/Embriologa-Ovohorse-768x354-1.webp","datePublished":"2025-08-19T09:19:21+00:00","dateModified":"2025-10-07T12:11:09+00:00","breadcrumb":{"@id":"https:\/\/ovoclone.com\/ar\/muaalaja-wataslim-alsiyar-althatiya\/#breadcrumb"},"inLanguage":"ar","potentialAction":[{"@type":"ReadAction","target":["https:\/\/ovoclone.com\/ar\/muaalaja-wataslim-alsiyar-althatiya\/"]}]},{"@type":"ImageObject","inLanguage":"ar","@id":"https:\/\/ovoclone.com\/ar\/muaalaja-wataslim-alsiyar-althatiya\/#primaryimage","url":"https:\/\/ovoclone.com\/wp-content\/uploads\/2025\/08\/Embriologa-Ovohorse-768x354-1.webp","contentUrl":"https:\/\/ovoclone.com\/wp-content\/uploads\/2025\/08\/Embriologa-Ovohorse-768x354-1.webp","width":768,"height":354},{"@type":"BreadcrumbList","@id":"https:\/\/ovoclone.com\/ar\/muaalaja-wataslim-alsiyar-althatiya\/#breadcrumb","itemListElement":[{"@type":"ListItem","position":1,"name":"Home","item":"https:\/\/ovoclone.com\/ar\/"},{"@type":"ListItem","position":2,"name":"\u0645\u0639\u0627\u0644\u062c\u0629 \u0648\u062a\u0633\u0644\u064a\u0645 \u0627\u0644\u0633\u064a\u0631 \u0627\u0644\u0630\u0627\u062a\u064a\u0629"}]},{"@type":"WebSite","@id":"https:\/\/ovoclone.com\/ar\/#website","url":"https:\/\/ovoclone.com\/ar\/","name":"Ovoclone","description":"Ovoclone es la \u00fanica empresa en Espa\u00f1a especializada en clonaci\u00f3n de mascotas y preservaci\u00f3n celular de animales. Ofrecemos soluciones innovadoras para mantener la esencia gen\u00e9tica de perros, gatos y especies en peligro de extinci\u00f3n, combinando ciencia, tecnolog\u00eda y amor por los animales.","publisher":{"@id":"https:\/\/ovoclone.com\/ar\/#organization"},"alternateName":"Ovoclone","potentialAction":[{"@type":"SearchAction","target":{"@type":"EntryPoint","urlTemplate":"https:\/\/ovoclone.com\/ar\/?s={search_term_string}"},"query-input":{"@type":"PropertyValueSpecification","valueRequired":true,"valueName":"search_term_string"}}],"inLanguage":"ar"},{"@type":"Organization","@id":"https:\/\/ovoclone.com\/ar\/#organization","name":"Ovoclone","url":"https:\/\/ovoclone.com\/ar\/","logo":{"@type":"ImageObject","inLanguage":"ar","@id":"https:\/\/ovoclone.com\/ar\/#\/schema\/logo\/image\/","url":"https:\/\/ovoclone.com\/wp-content\/uploads\/2025\/07\/Ovoclone-log.png","contentUrl":"https:\/\/ovoclone.com\/wp-content\/uploads\/2025\/07\/Ovoclone-log.png","width":426,"height":114,"caption":"Ovoclone"},"image":{"@id":"https:\/\/ovoclone.com\/ar\/#\/schema\/logo\/image\/"},"sameAs":["https:\/\/www.facebook.com\/ovoclone","https:\/\/www.instagram.com\/ovoclone_\/","https:\/\/www.linkedin.com\/company\/ovoclone\/","https:\/\/www.youtube.com\/@Ovoclone"]}]}},"_links":{"self":[{"href":"https:\/\/ovoclone.com\/ar\/wp-json\/wp\/v2\/pages\/4510","targetHints":{"allow":["GET"]}}],"collection":[{"href":"https:\/\/ovoclone.com\/ar\/wp-json\/wp\/v2\/pages"}],"about":[{"href":"https:\/\/ovoclone.com\/ar\/wp-json\/wp\/v2\/types\/page"}],"author":[{"embeddable":true,"href":"https:\/\/ovoclone.com\/ar\/wp-json\/wp\/v2\/users\/1"}],"replies":[{"embeddable":true,"href":"https:\/\/ovoclone.com\/ar\/wp-json\/wp\/v2\/comments?post=4510"}],"version-history":[{"count":1,"href":"https:\/\/ovoclone.com\/ar\/wp-json\/wp\/v2\/pages\/4510\/revisions"}],"predecessor-version":[{"id":4511,"href":"https:\/\/ovoclone.com\/ar\/wp-json\/wp\/v2\/pages\/4510\/revisions\/4511"}],"wp:featuredmedia":[{"embeddable":true,"href":"https:\/\/ovoclone.com\/ar\/wp-json\/wp\/v2\/media\/4509"}],"wp:attachment":[{"href":"https:\/\/ovoclone.com\/ar\/wp-json\/wp\/v2\/media?parent=4510"}],"curies":[{"name":"wp","href":"https:\/\/api.w.org\/{rel}","templated":true}]}}