{"id":1830,"date":"2025-08-01T07:29:48","date_gmt":"2025-08-01T07:29:48","guid":{"rendered":"https:\/\/ovoclone.com\/ueber-uns\/"},"modified":"2025-09-09T12:19:57","modified_gmt":"2025-09-09T12:19:57","slug":"ueber-uns","status":"publish","type":"page","link":"https:\/\/ovoclone.com\/de\/ueber-uns\/","title":{"rendered":"\u00dcber uns"},"content":{"rendered":"\t\t<div data-elementor-type=\"wp-page\" data-elementor-id=\"1830\" class=\"elementor elementor-1830 elementor-174\" data-elementor-post-type=\"page\">\n\t\t\t\t<div class=\"elementor-element elementor-element-cc8206c e-flex e-con-boxed e-con e-parent\" data-id=\"cc8206c\" data-element_type=\"container\" data-e-type=\"container\">\n\t\t\t\t\t<div class=\"e-con-inner\">\n\t\t\t\t<div class=\"elementor-element elementor-element-6c200b4 elementor-widget elementor-widget-heading\" data-id=\"6c200b4\" data-element_type=\"widget\" data-e-type=\"widget\" data-widget_type=\"heading.default\">\n\t\t\t\t\t<h1 class=\"elementor-heading-title elementor-size-default\">\u00dcber uns<\/h1>\t\t\t\t<\/div>\n\t\t\t\t<div class=\"elementor-element elementor-element-76b1164 elementor-widget elementor-widget-heading\" data-id=\"76b1164\" data-element_type=\"widget\" data-e-type=\"widget\" data-widget_type=\"heading.default\">\n\t\t\t\t\t<h2 class=\"elementor-heading-title elementor-size-default\">MEHR ALS 20 JAHRE, IN DENEN WIR TR\u00c4UME VERWIRKLICHEN <\/br>\nIM BEREICH DER MENSCHLICHEN ASSISTIERTEN REPRODUKTION<\/h2>\t\t\t\t<\/div>\n\t\t\t\t\t<\/div>\n\t\t\t\t<\/div>\n\t\t<div class=\"elementor-element elementor-element-30d4229 e-flex e-con-boxed e-con e-parent\" data-id=\"30d4229\" data-element_type=\"container\" data-e-type=\"container\">\n\t\t\t\t\t<div class=\"e-con-inner\">\n\t\t<div class=\"elementor-element elementor-element-8a29c11 e-con-full e-flex e-con e-child\" data-id=\"8a29c11\" data-element_type=\"container\" data-e-type=\"container\">\n\t\t\t\t<div class=\"elementor-element elementor-element-3dc41cf elementor-widget elementor-widget-text-editor\" data-id=\"3dc41cf\" data-element_type=\"widget\" data-e-type=\"widget\" data-widget_type=\"text-editor.default\">\n\t\t\t\t\t\t\t\t\t<p><strong>OVOCLONE<\/strong> entstand aus der langj\u00e4hrigen Erfahrung von <strong>OVOCLINIC<\/strong> und <strong>OVOBANK<\/strong> in der menschlichen assistierten Reproduktion; einer Gruppe von mehr als 150 Fachleuten, die auf menschliche Reproduktionsmedizin, Genetik und Kryokonservierung spezialisiert sind. Mit \u00fcber 20 Jahren Erfahrung im Bereich der menschlichen Reproduktion sind wir einen Schritt weiter gegangen und m\u00f6chten nun Teil der Pferdewelt werden, um dabei zu helfen, das Erbe von Hengsten und Stuten zu bewahren \u2013 dank der modernsten derzeit verf\u00fcgbaren Techniken der assistierten Reproduktion. <\/p><p>Hohe Erfolgsraten und Auszeichnungen w\u00fcrdigen unsere berufliche Laufbahn und unseren Beitrag zur menschlichen Reproduktionsmedizin. Dar\u00fcber hinaus best\u00e4tigen Qualit\u00e4tszertifikate unsere Einrichtungen. <\/p><p>Ovoclone wurde mit den European Awards 2022 und 2024 f\u00fcr seine Innovation in der Erhaltung von Zelllinien und der Tierklonierung ausgezeichnet.<\/p>\t\t\t\t\t\t\t\t<\/div>\n\t\t\t\t<\/div>\n\t\t<div class=\"elementor-element elementor-element-d72b08d e-con-full e-flex e-con e-child\" data-id=\"d72b08d\" data-element_type=\"container\" data-e-type=\"container\">\n\t\t\t\t<div class=\"elementor-element elementor-element-3bb62b4 elementor-widget elementor-widget-image\" data-id=\"3bb62b4\" data-element_type=\"widget\" data-e-type=\"widget\" data-widget_type=\"image.default\">\n\t\t\t\t\t\t\t\t\t\t\t\t\t\t\t<img decoding=\"async\" width=\"247\" height=\"115\" src=\"https:\/\/ovoclone.com\/wp-content\/uploads\/2025\/08\/european-awards.webp\" class=\"attachment-large size-large wp-image-1311\" alt=\"\" \/>\t\t\t\t\t\t\t\t\t\t\t\t\t\t\t<\/div>\n\t\t\t\t<div class=\"elementor-element elementor-element-828b15a elementor-widget elementor-widget-text-editor\" data-id=\"828b15a\" data-element_type=\"widget\" data-e-type=\"widget\" data-widget_type=\"text-editor.default\">\n\t\t\t\t\t\t\t\t\t<p><strong><em>Preis European Awards 2024<\/em><\/strong><\/p>\t\t\t\t\t\t\t\t<\/div>\n\t\t\t\t<\/div>\n\t\t\t\t\t<\/div>\n\t\t\t\t<\/div>\n\t\t<div class=\"elementor-element elementor-element-5ed0299 e-flex e-con-boxed e-con e-parent\" data-id=\"5ed0299\" data-element_type=\"container\" data-e-type=\"container\">\n\t\t\t\t\t<div class=\"e-con-inner\">\n\t\t\t\t<div class=\"elementor-element elementor-element-369120f elementor-widget elementor-widget-heading\" data-id=\"369120f\" data-element_type=\"widget\" data-e-type=\"widget\" data-widget_type=\"heading.default\">\n\t\t\t\t\t<h2 class=\"elementor-heading-title elementor-size-default\">\"UNSERE WISSENSCHAFTLICHE ERFAHRUNG SPRICHT F\u00dcR UNS\"<\/h2>\t\t\t\t<\/div>\n\t\t\t\t\t<\/div>\n\t\t\t\t<\/div>\n\t\t<div class=\"elementor-element elementor-element-5dd6d6a e-con-full e-flex e-con e-parent\" data-id=\"5dd6d6a\" data-element_type=\"container\" data-e-type=\"container\" data-settings=\"{&quot;background_background&quot;:&quot;classic&quot;}\">\n\t\t\t\t<div class=\"elementor-element elementor-element-b903cb5 elementor-widget elementor-widget-heading\" data-id=\"b903cb5\" data-element_type=\"widget\" data-e-type=\"widget\" data-widget_type=\"heading.default\">\n\t\t\t\t\t<h2 class=\"elementor-heading-title elementor-size-default\">WARUM UNS <span style=\"color: #07D4EF\">W\u00c4HLEN<\/span>?<\/h2>\t\t\t\t<\/div>\n\t\t\t\t<div class=\"elementor-element elementor-element-64a7dcf elementor-widget__width-initial elementor-widget-mobile__width-inherit elementor-widget elementor-widget-text-editor\" data-id=\"64a7dcf\" data-element_type=\"widget\" data-e-type=\"widget\" data-widget_type=\"text-editor.default\">\n\t\t\t\t\t\t\t\t\t<p>Unsere Gruppe, die stets an der Spitze der Innovation steht, hat uns zu einem der f\u00fchrenden Teams in der Reproduktionsmedizin auf nationaler und internationaler Ebene gemacht. <a href=\"https:\/\/ovoclinic.net\/\"><strong>Ovoclinic<\/strong><\/a> und <a href=\"https:\/\/ovobank.com\/\"><strong>Ovobank<\/strong><\/a>, die erste Eizellbank Europas, werden von Enrique Criado Scholz geleitet, einem Embryologen, der seine berufliche Laufbahn in den besten Laboratorien in den Vereinigten Staaten, Italien und Spanien entwickelt hat. Unsere Labore sind f\u00fchrend dank unseres Einsatzes f\u00fcr modernste Ausstattung und einer kontinuierlichen Entwicklung in Forschung, Entwicklung und Innovation (F&amp;E&amp;I). <\/p><p><strong>Ovoclone<\/strong> entstand aus unserem Bestreben, neue Prozesse, Protokolle und Bereiche weiterzuentwickeln und zu verbessern. Mit unserer Gruppe m\u00f6chten wir unsere Erfahrung und unser umfangreiches Wissen in der <strong>assistierten Reproduktion<\/strong> und der <strong>Kryobiologie<\/strong> einbringen, da wir auf die menschliche assistierte Reproduktion spezialisiert sind. <\/p>\t\t\t\t\t\t\t\t<\/div>\n\t\t\t\t<\/div>\n\t\t<div class=\"elementor-element elementor-element-b9d1bae e-flex e-con-boxed e-con e-parent\" data-id=\"b9d1bae\" data-element_type=\"container\" data-e-type=\"container\">\n\t\t\t\t\t<div class=\"e-con-inner\">\n\t\t\t\t<div class=\"elementor-element elementor-element-f9bc472 elementor-widget elementor-widget-gallery\" data-id=\"f9bc472\" data-element_type=\"widget\" data-e-type=\"widget\" data-settings=\"{&quot;gap&quot;:{&quot;unit&quot;:&quot;px&quot;,&quot;size&quot;:20,&quot;sizes&quot;:[]},&quot;aspect_ratio&quot;:&quot;1:1&quot;,&quot;lazyload&quot;:&quot;yes&quot;,&quot;gallery_layout&quot;:&quot;grid&quot;,&quot;columns&quot;:4,&quot;columns_tablet&quot;:2,&quot;columns_mobile&quot;:1,&quot;gap_tablet&quot;:{&quot;unit&quot;:&quot;px&quot;,&quot;size&quot;:10,&quot;sizes&quot;:[]},&quot;gap_mobile&quot;:{&quot;unit&quot;:&quot;px&quot;,&quot;size&quot;:10,&quot;sizes&quot;:[]},&quot;link_to&quot;:&quot;file&quot;,&quot;overlay_background&quot;:&quot;yes&quot;,&quot;content_hover_animation&quot;:&quot;fade-in&quot;}\" data-widget_type=\"gallery.default\">\n\t\t\t\t\t\t\t<div class=\"elementor-gallery__container\">\n\t\t\t\t\t\t\t<a class=\"e-gallery-item elementor-gallery-item elementor-animated-content\" href=\"https:\/\/ovoclone.com\/wp-content\/uploads\/2025\/08\/OPU-Ovohorse-300x265-1.jpg\" data-elementor-open-lightbox=\"yes\" data-elementor-lightbox-slideshow=\"f9bc472\" data-elementor-lightbox-title=\"OPU-Ovohorse-300x265-1\" data-e-action-hash=\"#elementor-action%3Aaction%3Dlightbox%26settings%3DeyJpZCI6MTc3LCJ1cmwiOiJodHRwczpcL1wvb3ZvY2xvbmUuY29tXC93cC1jb250ZW50XC91cGxvYWRzXC8yMDI1XC8wOFwvT1BVLU92b2hvcnNlLTMwMHgyNjUtMS5qcGciLCJzbGlkZXNob3ciOiJmOWJjNDcyIn0%3D\">\n\t\t\t\t\t<div class=\"e-gallery-image elementor-gallery-item__image\" data-thumbnail=\"https:\/\/ovoclone.com\/wp-content\/uploads\/2025\/08\/OPU-Ovohorse-300x265-1.jpg\" data-width=\"300\" data-height=\"265\" aria-label=\"\" role=\"img\" ><\/div>\n\t\t\t\t\t\t\t\t\t\t\t<div class=\"elementor-gallery-item__overlay\"><\/div>\n\t\t\t\t\t\t\t\t\t\t\t\t\t\t<\/a>\n\t\t\t\t\t\t\t<a class=\"e-gallery-item elementor-gallery-item elementor-animated-content\" href=\"https:\/\/ovoclone.com\/wp-content\/uploads\/2025\/08\/Ovohorse-Ovoclone-Sunshine-300x265-1.jpg\" data-elementor-open-lightbox=\"yes\" data-elementor-lightbox-slideshow=\"f9bc472\" data-elementor-lightbox-title=\"Ovohorse-Ovoclone-Sunshine-300x265-1\" data-e-action-hash=\"#elementor-action%3Aaction%3Dlightbox%26settings%3DeyJpZCI6MTc4LCJ1cmwiOiJodHRwczpcL1wvb3ZvY2xvbmUuY29tXC93cC1jb250ZW50XC91cGxvYWRzXC8yMDI1XC8wOFwvT3ZvaG9yc2UtT3ZvY2xvbmUtU3Vuc2hpbmUtMzAweDI2NS0xLmpwZyIsInNsaWRlc2hvdyI6ImY5YmM0NzIifQ%3D%3D\">\n\t\t\t\t\t<div class=\"e-gallery-image elementor-gallery-item__image\" data-thumbnail=\"https:\/\/ovoclone.com\/wp-content\/uploads\/2025\/08\/Ovohorse-Ovoclone-Sunshine-300x265-1.jpg\" data-width=\"300\" data-height=\"265\" aria-label=\"\" role=\"img\" ><\/div>\n\t\t\t\t\t\t\t\t\t\t\t<div class=\"elementor-gallery-item__overlay\"><\/div>\n\t\t\t\t\t\t\t\t\t\t\t\t\t\t<\/a>\n\t\t\t\t\t\t\t<a class=\"e-gallery-item elementor-gallery-item elementor-animated-content\" href=\"https:\/\/ovoclone.com\/wp-content\/uploads\/2025\/08\/Sunshine2023-Ovohorse-300x265-1.jpg\" data-elementor-open-lightbox=\"yes\" data-elementor-lightbox-slideshow=\"f9bc472\" data-elementor-lightbox-title=\"Sunshine2023-Ovohorse-300x265-1\" data-e-action-hash=\"#elementor-action%3Aaction%3Dlightbox%26settings%3DeyJpZCI6MTc5LCJ1cmwiOiJodHRwczpcL1wvb3ZvY2xvbmUuY29tXC93cC1jb250ZW50XC91cGxvYWRzXC8yMDI1XC8wOFwvU3Vuc2hpbmUyMDIzLU92b2hvcnNlLTMwMHgyNjUtMS5qcGciLCJzbGlkZXNob3ciOiJmOWJjNDcyIn0%3D\">\n\t\t\t\t\t<div class=\"e-gallery-image elementor-gallery-item__image\" data-thumbnail=\"https:\/\/ovoclone.com\/wp-content\/uploads\/2025\/08\/Sunshine2023-Ovohorse-300x265-1.jpg\" data-width=\"300\" data-height=\"265\" aria-label=\"\" role=\"img\" ><\/div>\n\t\t\t\t\t\t\t\t\t\t\t<div class=\"elementor-gallery-item__overlay\"><\/div>\n\t\t\t\t\t\t\t\t\t\t\t\t\t\t<\/a>\n\t\t\t\t\t\t\t<a class=\"e-gallery-item elementor-gallery-item elementor-animated-content\" href=\"https:\/\/ovoclone.com\/wp-content\/uploads\/2025\/08\/Sunshine-Tour-2023-Ovohorse-300x265-1.jpg\" data-elementor-open-lightbox=\"yes\" data-elementor-lightbox-slideshow=\"f9bc472\" data-elementor-lightbox-title=\"Sunshine-Tour-2023-Ovohorse-300x265-1\" data-e-action-hash=\"#elementor-action%3Aaction%3Dlightbox%26settings%3DeyJpZCI6MTgwLCJ1cmwiOiJodHRwczpcL1wvb3ZvY2xvbmUuY29tXC93cC1jb250ZW50XC91cGxvYWRzXC8yMDI1XC8wOFwvU3Vuc2hpbmUtVG91ci0yMDIzLU92b2hvcnNlLTMwMHgyNjUtMS5qcGciLCJzbGlkZXNob3ciOiJmOWJjNDcyIn0%3D\">\n\t\t\t\t\t<div class=\"e-gallery-image elementor-gallery-item__image\" data-thumbnail=\"https:\/\/ovoclone.com\/wp-content\/uploads\/2025\/08\/Sunshine-Tour-2023-Ovohorse-300x265-1.jpg\" data-width=\"300\" data-height=\"265\" aria-label=\"\" role=\"img\" ><\/div>\n\t\t\t\t\t\t\t\t\t\t\t<div class=\"elementor-gallery-item__overlay\"><\/div>\n\t\t\t\t\t\t\t\t\t\t\t\t\t\t<\/a>\n\t\t\t\t\t\t\t<a class=\"e-gallery-item elementor-gallery-item elementor-animated-content\" href=\"https:\/\/ovoclone.com\/wp-content\/uploads\/2025\/08\/Caballo-Ovohorse-300x265-1.jpg\" data-elementor-open-lightbox=\"yes\" data-elementor-lightbox-slideshow=\"f9bc472\" data-elementor-lightbox-title=\"Caballo-Ovohorse-300x265-1\" data-e-action-hash=\"#elementor-action%3Aaction%3Dlightbox%26settings%3DeyJpZCI6MTgxLCJ1cmwiOiJodHRwczpcL1wvb3ZvY2xvbmUuY29tXC93cC1jb250ZW50XC91cGxvYWRzXC8yMDI1XC8wOFwvQ2FiYWxsby1Pdm9ob3JzZS0zMDB4MjY1LTEuanBnIiwic2xpZGVzaG93IjoiZjliYzQ3MiJ9\">\n\t\t\t\t\t<div class=\"e-gallery-image elementor-gallery-item__image\" data-thumbnail=\"https:\/\/ovoclone.com\/wp-content\/uploads\/2025\/08\/Caballo-Ovohorse-300x265-1.jpg\" data-width=\"300\" data-height=\"265\" aria-label=\"\" role=\"img\" ><\/div>\n\t\t\t\t\t\t\t\t\t\t\t<div class=\"elementor-gallery-item__overlay\"><\/div>\n\t\t\t\t\t\t\t\t\t\t\t\t\t\t<\/a>\n\t\t\t\t\t\t\t<a class=\"e-gallery-item elementor-gallery-item elementor-animated-content\" href=\"https:\/\/ovoclone.com\/wp-content\/uploads\/2025\/08\/Finca-Ovohorse-300x265-1.jpg\" data-elementor-open-lightbox=\"yes\" data-elementor-lightbox-slideshow=\"f9bc472\" data-elementor-lightbox-title=\"Finca-Ovohorse-300x265-1\" data-e-action-hash=\"#elementor-action%3Aaction%3Dlightbox%26settings%3DeyJpZCI6MTgyLCJ1cmwiOiJodHRwczpcL1wvb3ZvY2xvbmUuY29tXC93cC1jb250ZW50XC91cGxvYWRzXC8yMDI1XC8wOFwvRmluY2EtT3ZvaG9yc2UtMzAweDI2NS0xLmpwZyIsInNsaWRlc2hvdyI6ImY5YmM0NzIifQ%3D%3D\">\n\t\t\t\t\t<div class=\"e-gallery-image elementor-gallery-item__image\" data-thumbnail=\"https:\/\/ovoclone.com\/wp-content\/uploads\/2025\/08\/Finca-Ovohorse-300x265-1.jpg\" data-width=\"300\" data-height=\"265\" aria-label=\"\" role=\"img\" ><\/div>\n\t\t\t\t\t\t\t\t\t\t\t<div class=\"elementor-gallery-item__overlay\"><\/div>\n\t\t\t\t\t\t\t\t\t\t\t\t\t\t<\/a>\n\t\t\t\t\t\t\t<a class=\"e-gallery-item elementor-gallery-item elementor-animated-content\" href=\"https:\/\/ovoclone.com\/wp-content\/uploads\/2025\/08\/Ifema-Madrid-300x265-1.webp\" data-elementor-open-lightbox=\"yes\" data-elementor-lightbox-slideshow=\"f9bc472\" data-elementor-lightbox-title=\"Ifema-Madrid-300x265-1\" data-e-action-hash=\"#elementor-action%3Aaction%3Dlightbox%26settings%3DeyJpZCI6MTgzLCJ1cmwiOiJodHRwczpcL1wvb3ZvY2xvbmUuY29tXC93cC1jb250ZW50XC91cGxvYWRzXC8yMDI1XC8wOFwvSWZlbWEtTWFkcmlkLTMwMHgyNjUtMS53ZWJwIiwic2xpZGVzaG93IjoiZjliYzQ3MiJ9\">\n\t\t\t\t\t<div class=\"e-gallery-image elementor-gallery-item__image\" data-thumbnail=\"https:\/\/ovoclone.com\/wp-content\/uploads\/2025\/08\/Ifema-Madrid-300x265-1.webp\" data-width=\"300\" data-height=\"265\" aria-label=\"\" role=\"img\" ><\/div>\n\t\t\t\t\t\t\t\t\t\t\t<div class=\"elementor-gallery-item__overlay\"><\/div>\n\t\t\t\t\t\t\t\t\t\t\t\t\t\t<\/a>\n\t\t\t\t\t\t\t<a class=\"e-gallery-item elementor-gallery-item elementor-animated-content\" href=\"https:\/\/ovoclone.com\/wp-content\/uploads\/2025\/08\/Laboratorio-Ovohorse-300x265-1.jpg\" data-elementor-open-lightbox=\"yes\" data-elementor-lightbox-slideshow=\"f9bc472\" data-elementor-lightbox-title=\"Laboratorio-Ovohorse-300x265-1\" data-e-action-hash=\"#elementor-action%3Aaction%3Dlightbox%26settings%3DeyJpZCI6MTg0LCJ1cmwiOiJodHRwczpcL1wvb3ZvY2xvbmUuY29tXC93cC1jb250ZW50XC91cGxvYWRzXC8yMDI1XC8wOFwvTGFib3JhdG9yaW8tT3ZvaG9yc2UtMzAweDI2NS0xLmpwZyIsInNsaWRlc2hvdyI6ImY5YmM0NzIifQ%3D%3D\">\n\t\t\t\t\t<div class=\"e-gallery-image elementor-gallery-item__image\" data-thumbnail=\"https:\/\/ovoclone.com\/wp-content\/uploads\/2025\/08\/Laboratorio-Ovohorse-300x265-1.jpg\" data-width=\"300\" data-height=\"265\" aria-label=\"\" role=\"img\" ><\/div>\n\t\t\t\t\t\t\t\t\t\t\t<div class=\"elementor-gallery-item__overlay\"><\/div>\n\t\t\t\t\t\t\t\t\t\t\t\t\t\t<\/a>\n\t\t\t\t\t<\/div>\n\t\t\t\t\t<\/div>\n\t\t\t\t\t<\/div>\n\t\t\t\t<\/div>\n\t\t\t\t<\/div>\n\t\t","protected":false},"excerpt":{"rendered":"<p>\u00dcber uns MEHR ALS 20 JAHRE, IN DENEN WIR TR\u00c4UME VERWIRKLICHEN IM BEREICH DER MENSCHLICHEN ASSISTIERTEN REPRODUKTION OVOCLONE entstand aus der langj\u00e4hrigen Erfahrung von OVOCLINIC und OVOBANK in der menschlichen assistierten Reproduktion; einer Gruppe von mehr als 150 Fachleuten, die auf menschliche Reproduktionsmedizin, Genetik und Kryokonservierung spezialisiert sind. Mit \u00fcber 20 Jahren Erfahrung im Bereich [&hellip;]<\/p>\n","protected":false},"author":1,"featured_media":2592,"parent":0,"menu_order":0,"comment_status":"closed","ping_status":"closed","template":"elementor_header_footer","meta":{"_acf_changed":false,"inline_featured_image":false,"footnotes":""},"class_list":["post-1830","page","type-page","status-publish","has-post-thumbnail","hentry"],"acf":[],"yoast_head":"<!-- This site is optimized with the Yoast SEO Premium plugin v27.4 (Yoast SEO v27.4) - https:\/\/yoast.com\/product\/yoast-seo-premium-wordpress\/ -->\n<title>\u00dcber uns Ovoclone | Experten f\u00fcr Tierklonen<\/title>\n<meta name=\"description\" content=\"Bei Ovoclone sind wir in Spanien Vorreiter in der Klonung von Haustieren und der Zellkonservierung. Wissenschaft, Technologie und die Liebe zu Tieren zeichnen uns aus.\" \/>\n<meta name=\"robots\" content=\"index, follow, max-snippet:-1, max-image-preview:large, max-video-preview:-1\" \/>\n<link rel=\"canonical\" href=\"https:\/\/ovoclone.com\/de\/ueber-uns\/\" \/>\n<meta property=\"og:locale\" content=\"de_DE\" \/>\n<meta property=\"og:type\" content=\"article\" \/>\n<meta property=\"og:title\" content=\"\u00dcber uns\" \/>\n<meta property=\"og:description\" content=\"Bei Ovoclone sind wir in Spanien Vorreiter in der Klonung von Haustieren und der Zellkonservierung. Wissenschaft, Technologie und die Liebe zu Tieren zeichnen uns aus.\" \/>\n<meta property=\"og:url\" content=\"https:\/\/ovoclone.com\/de\/ueber-uns\/\" \/>\n<meta property=\"og:site_name\" content=\"Ovoclone\" \/>\n<meta property=\"article:publisher\" content=\"https:\/\/www.facebook.com\/ovoclone\" \/>\n<meta property=\"article:modified_time\" content=\"2025-09-09T12:19:57+00:00\" \/>\n<meta property=\"og:image\" content=\"https:\/\/ovoclone.com\/wp-content\/uploads\/2025\/07\/veterinario-de-ovoclone-con-perro.webp\" \/>\n\t<meta property=\"og:image:width\" content=\"1920\" \/>\n\t<meta property=\"og:image:height\" content=\"640\" \/>\n\t<meta property=\"og:image:type\" content=\"image\/webp\" \/>\n<meta name=\"twitter:card\" content=\"summary_large_image\" \/>\n<meta name=\"twitter:label1\" content=\"Gesch\u00e4tzte Lesezeit\" \/>\n\t<meta name=\"twitter:data1\" content=\"1\u00a0Minute\" \/>\n<script type=\"application\/ld+json\" class=\"yoast-schema-graph\">{\"@context\":\"https:\\\/\\\/schema.org\",\"@graph\":[{\"@type\":\"WebPage\",\"@id\":\"https:\\\/\\\/ovoclone.com\\\/de\\\/ueber-uns\\\/\",\"url\":\"https:\\\/\\\/ovoclone.com\\\/de\\\/ueber-uns\\\/\",\"name\":\"\u00dcber uns Ovoclone | Experten f\u00fcr Tierklonen\",\"isPartOf\":{\"@id\":\"https:\\\/\\\/ovoclone.com\\\/de\\\/#website\"},\"primaryImageOfPage\":{\"@id\":\"https:\\\/\\\/ovoclone.com\\\/de\\\/ueber-uns\\\/#primaryimage\"},\"image\":{\"@id\":\"https:\\\/\\\/ovoclone.com\\\/de\\\/ueber-uns\\\/#primaryimage\"},\"thumbnailUrl\":\"https:\\\/\\\/ovoclone.com\\\/wp-content\\\/uploads\\\/2025\\\/07\\\/veterinario-de-ovoclone-con-perro.webp\",\"datePublished\":\"2025-08-01T07:29:48+00:00\",\"dateModified\":\"2025-09-09T12:19:57+00:00\",\"description\":\"Bei Ovoclone sind wir in Spanien Vorreiter in der Klonung von Haustieren und der Zellkonservierung. Wissenschaft, Technologie und die Liebe zu Tieren zeichnen uns aus.\",\"breadcrumb\":{\"@id\":\"https:\\\/\\\/ovoclone.com\\\/de\\\/ueber-uns\\\/#breadcrumb\"},\"inLanguage\":\"de\",\"potentialAction\":[{\"@type\":\"ReadAction\",\"target\":[\"https:\\\/\\\/ovoclone.com\\\/de\\\/ueber-uns\\\/\"]}]},{\"@type\":\"ImageObject\",\"inLanguage\":\"de\",\"@id\":\"https:\\\/\\\/ovoclone.com\\\/de\\\/ueber-uns\\\/#primaryimage\",\"url\":\"https:\\\/\\\/ovoclone.com\\\/wp-content\\\/uploads\\\/2025\\\/07\\\/veterinario-de-ovoclone-con-perro.webp\",\"contentUrl\":\"https:\\\/\\\/ovoclone.com\\\/wp-content\\\/uploads\\\/2025\\\/07\\\/veterinario-de-ovoclone-con-perro.webp\",\"width\":1920,\"height\":640},{\"@type\":\"BreadcrumbList\",\"@id\":\"https:\\\/\\\/ovoclone.com\\\/de\\\/ueber-uns\\\/#breadcrumb\",\"itemListElement\":[{\"@type\":\"ListItem\",\"position\":1,\"name\":\"Home\",\"item\":\"https:\\\/\\\/ovoclone.com\\\/de\\\/\"},{\"@type\":\"ListItem\",\"position\":2,\"name\":\"\u00dcber uns\"}]},{\"@type\":\"WebSite\",\"@id\":\"https:\\\/\\\/ovoclone.com\\\/de\\\/#website\",\"url\":\"https:\\\/\\\/ovoclone.com\\\/de\\\/\",\"name\":\"Ovoclone\",\"description\":\"Ovoclone es la \u00fanica empresa en Espa\u00f1a especializada en clonaci\u00f3n de mascotas y preservaci\u00f3n celular de animales. Ofrecemos soluciones innovadoras para mantener la esencia gen\u00e9tica de perros, gatos y especies en peligro de extinci\u00f3n, combinando ciencia, tecnolog\u00eda y amor por los animales.\",\"publisher\":{\"@id\":\"https:\\\/\\\/ovoclone.com\\\/de\\\/#organization\"},\"alternateName\":\"Ovoclone\",\"potentialAction\":[{\"@type\":\"SearchAction\",\"target\":{\"@type\":\"EntryPoint\",\"urlTemplate\":\"https:\\\/\\\/ovoclone.com\\\/de\\\/?s={search_term_string}\"},\"query-input\":{\"@type\":\"PropertyValueSpecification\",\"valueRequired\":true,\"valueName\":\"search_term_string\"}}],\"inLanguage\":\"de\"},{\"@type\":\"Organization\",\"@id\":\"https:\\\/\\\/ovoclone.com\\\/de\\\/#organization\",\"name\":\"Ovoclone\",\"url\":\"https:\\\/\\\/ovoclone.com\\\/de\\\/\",\"logo\":{\"@type\":\"ImageObject\",\"inLanguage\":\"de\",\"@id\":\"https:\\\/\\\/ovoclone.com\\\/de\\\/#\\\/schema\\\/logo\\\/image\\\/\",\"url\":\"https:\\\/\\\/ovoclone.com\\\/wp-content\\\/uploads\\\/2025\\\/07\\\/Ovoclone-log.png\",\"contentUrl\":\"https:\\\/\\\/ovoclone.com\\\/wp-content\\\/uploads\\\/2025\\\/07\\\/Ovoclone-log.png\",\"width\":426,\"height\":114,\"caption\":\"Ovoclone\"},\"image\":{\"@id\":\"https:\\\/\\\/ovoclone.com\\\/de\\\/#\\\/schema\\\/logo\\\/image\\\/\"},\"sameAs\":[\"https:\\\/\\\/www.facebook.com\\\/ovoclone\",\"https:\\\/\\\/www.instagram.com\\\/ovoclone_\\\/\",\"https:\\\/\\\/www.linkedin.com\\\/company\\\/ovoclone\\\/\",\"https:\\\/\\\/www.youtube.com\\\/@Ovoclone\"]}]}<\/script>\n<!-- \/ Yoast SEO Premium plugin. -->","yoast_head_json":{"title":"\u00dcber uns Ovoclone | Experten f\u00fcr Tierklonen","description":"Bei Ovoclone sind wir in Spanien Vorreiter in der Klonung von Haustieren und der Zellkonservierung. Wissenschaft, Technologie und die Liebe zu Tieren zeichnen uns aus.","robots":{"index":"index","follow":"follow","max-snippet":"max-snippet:-1","max-image-preview":"max-image-preview:large","max-video-preview":"max-video-preview:-1"},"canonical":"https:\/\/ovoclone.com\/de\/ueber-uns\/","og_locale":"de_DE","og_type":"article","og_title":"\u00dcber uns","og_description":"Bei Ovoclone sind wir in Spanien Vorreiter in der Klonung von Haustieren und der Zellkonservierung. Wissenschaft, Technologie und die Liebe zu Tieren zeichnen uns aus.","og_url":"https:\/\/ovoclone.com\/de\/ueber-uns\/","og_site_name":"Ovoclone","article_publisher":"https:\/\/www.facebook.com\/ovoclone","article_modified_time":"2025-09-09T12:19:57+00:00","og_image":[{"width":1920,"height":640,"url":"https:\/\/ovoclone.com\/wp-content\/uploads\/2025\/07\/veterinario-de-ovoclone-con-perro.webp","type":"image\/webp"}],"twitter_card":"summary_large_image","twitter_misc":{"Gesch\u00e4tzte Lesezeit":"1\u00a0Minute"},"schema":{"@context":"https:\/\/schema.org","@graph":[{"@type":"WebPage","@id":"https:\/\/ovoclone.com\/de\/ueber-uns\/","url":"https:\/\/ovoclone.com\/de\/ueber-uns\/","name":"\u00dcber uns Ovoclone | Experten f\u00fcr Tierklonen","isPartOf":{"@id":"https:\/\/ovoclone.com\/de\/#website"},"primaryImageOfPage":{"@id":"https:\/\/ovoclone.com\/de\/ueber-uns\/#primaryimage"},"image":{"@id":"https:\/\/ovoclone.com\/de\/ueber-uns\/#primaryimage"},"thumbnailUrl":"https:\/\/ovoclone.com\/wp-content\/uploads\/2025\/07\/veterinario-de-ovoclone-con-perro.webp","datePublished":"2025-08-01T07:29:48+00:00","dateModified":"2025-09-09T12:19:57+00:00","description":"Bei Ovoclone sind wir in Spanien Vorreiter in der Klonung von Haustieren und der Zellkonservierung. Wissenschaft, Technologie und die Liebe zu Tieren zeichnen uns aus.","breadcrumb":{"@id":"https:\/\/ovoclone.com\/de\/ueber-uns\/#breadcrumb"},"inLanguage":"de","potentialAction":[{"@type":"ReadAction","target":["https:\/\/ovoclone.com\/de\/ueber-uns\/"]}]},{"@type":"ImageObject","inLanguage":"de","@id":"https:\/\/ovoclone.com\/de\/ueber-uns\/#primaryimage","url":"https:\/\/ovoclone.com\/wp-content\/uploads\/2025\/07\/veterinario-de-ovoclone-con-perro.webp","contentUrl":"https:\/\/ovoclone.com\/wp-content\/uploads\/2025\/07\/veterinario-de-ovoclone-con-perro.webp","width":1920,"height":640},{"@type":"BreadcrumbList","@id":"https:\/\/ovoclone.com\/de\/ueber-uns\/#breadcrumb","itemListElement":[{"@type":"ListItem","position":1,"name":"Home","item":"https:\/\/ovoclone.com\/de\/"},{"@type":"ListItem","position":2,"name":"\u00dcber uns"}]},{"@type":"WebSite","@id":"https:\/\/ovoclone.com\/de\/#website","url":"https:\/\/ovoclone.com\/de\/","name":"Ovoclone","description":"Ovoclone es la \u00fanica empresa en Espa\u00f1a especializada en clonaci\u00f3n de mascotas y preservaci\u00f3n celular de animales. Ofrecemos soluciones innovadoras para mantener la esencia gen\u00e9tica de perros, gatos y especies en peligro de extinci\u00f3n, combinando ciencia, tecnolog\u00eda y amor por los animales.","publisher":{"@id":"https:\/\/ovoclone.com\/de\/#organization"},"alternateName":"Ovoclone","potentialAction":[{"@type":"SearchAction","target":{"@type":"EntryPoint","urlTemplate":"https:\/\/ovoclone.com\/de\/?s={search_term_string}"},"query-input":{"@type":"PropertyValueSpecification","valueRequired":true,"valueName":"search_term_string"}}],"inLanguage":"de"},{"@type":"Organization","@id":"https:\/\/ovoclone.com\/de\/#organization","name":"Ovoclone","url":"https:\/\/ovoclone.com\/de\/","logo":{"@type":"ImageObject","inLanguage":"de","@id":"https:\/\/ovoclone.com\/de\/#\/schema\/logo\/image\/","url":"https:\/\/ovoclone.com\/wp-content\/uploads\/2025\/07\/Ovoclone-log.png","contentUrl":"https:\/\/ovoclone.com\/wp-content\/uploads\/2025\/07\/Ovoclone-log.png","width":426,"height":114,"caption":"Ovoclone"},"image":{"@id":"https:\/\/ovoclone.com\/de\/#\/schema\/logo\/image\/"},"sameAs":["https:\/\/www.facebook.com\/ovoclone","https:\/\/www.instagram.com\/ovoclone_\/","https:\/\/www.linkedin.com\/company\/ovoclone\/","https:\/\/www.youtube.com\/@Ovoclone"]}]}},"_links":{"self":[{"href":"https:\/\/ovoclone.com\/de\/wp-json\/wp\/v2\/pages\/1830","targetHints":{"allow":["GET"]}}],"collection":[{"href":"https:\/\/ovoclone.com\/de\/wp-json\/wp\/v2\/pages"}],"about":[{"href":"https:\/\/ovoclone.com\/de\/wp-json\/wp\/v2\/types\/page"}],"author":[{"embeddable":true,"href":"https:\/\/ovoclone.com\/de\/wp-json\/wp\/v2\/users\/1"}],"replies":[{"embeddable":true,"href":"https:\/\/ovoclone.com\/de\/wp-json\/wp\/v2\/comments?post=1830"}],"version-history":[{"count":2,"href":"https:\/\/ovoclone.com\/de\/wp-json\/wp\/v2\/pages\/1830\/revisions"}],"predecessor-version":[{"id":2796,"href":"https:\/\/ovoclone.com\/de\/wp-json\/wp\/v2\/pages\/1830\/revisions\/2796"}],"wp:featuredmedia":[{"embeddable":true,"href":"https:\/\/ovoclone.com\/de\/wp-json\/wp\/v2\/media\/2592"}],"wp:attachment":[{"href":"https:\/\/ovoclone.com\/de\/wp-json\/wp\/v2\/media?parent=1830"}],"curies":[{"name":"wp","href":"https:\/\/api.w.org\/{rel}","templated":true}]}}