{"id":1855,"date":"2025-08-19T09:13:08","date_gmt":"2025-08-19T08:13:08","guid":{"rendered":"https:\/\/ovoclone.com\/arbeitet-bei-ovoclone\/"},"modified":"2026-02-24T13:04:37","modified_gmt":"2026-02-24T12:04:37","slug":"arbeitet-bei-ovoclone","status":"publish","type":"page","link":"https:\/\/ovoclone.com\/de\/arbeitet-bei-ovoclone\/","title":{"rendered":"Arbeitet bei Ovoclone"},"content":{"rendered":"\t\t<div data-elementor-type=\"wp-page\" data-elementor-id=\"1855\" class=\"elementor elementor-1855 elementor-1452\" data-elementor-post-type=\"page\">\n\t\t\t\t<div class=\"elementor-element elementor-element-d1412d8 e-flex e-con-boxed e-con e-parent\" data-id=\"d1412d8\" data-element_type=\"container\" data-e-type=\"container\">\n\t\t\t\t\t<div class=\"e-con-inner\">\n\t\t\t\t<div class=\"elementor-element elementor-element-fca50de elementor-widget elementor-widget-heading\" data-id=\"fca50de\" data-element_type=\"widget\" data-e-type=\"widget\" data-widget_type=\"heading.default\">\n\t\t\t\t\t<h2 class=\"elementor-heading-title elementor-size-default\">Senden Sie uns Ihren Lebenslauf<\/h2>\t\t\t\t<\/div>\n\t\t\t\t<div class=\"elementor-element elementor-element-64a547f elementor-widget__width-initial elementor-widget elementor-widget-text-editor\" data-id=\"64a547f\" data-element_type=\"widget\" data-e-type=\"widget\" data-widget_type=\"text-editor.default\">\n\t\t\t\t\t\t\t\t\t<p>Wenn Sie Teil unseres Teams werden m\u00f6chten und glauben, dass Sie den gro\u00dfen Wert beitragen k\u00f6nnen, den dies f\u00fcr Ovoclone bedeutet, m\u00fcssen Sie lediglich das untenstehende Formular ausf\u00fcllen.<\/p>\n\t\t\t\t\t\t\t\t<\/div>\n\t\t\t\t<div class=\"elementor-element elementor-element-385e00a elementor-widget__width-initial elementor-button-align-stretch elementor-widget elementor-widget-form\" data-id=\"385e00a\" data-element_type=\"widget\" data-e-type=\"widget\" data-settings=\"{&quot;step_next_label&quot;:&quot;Weiter&quot;,&quot;step_previous_label&quot;:&quot;Zur\\u00fcck&quot;,&quot;button_width&quot;:&quot;100&quot;,&quot;step_type&quot;:&quot;number_text&quot;,&quot;step_icon_shape&quot;:&quot;circle&quot;}\" data-widget_type=\"form.default\">\n\t\t\t\t\t\t\t<form class=\"elementor-form\" method=\"post\" id=\"form_trabajo_ovoclone\" name=\"Formular Arbeiten bei Ovoclone\" aria-label=\"Formular Arbeiten bei Ovoclone\">\n\t\t\t<input type=\"hidden\" name=\"post_id\" value=\"1855\"\/>\n\t\t\t<input type=\"hidden\" name=\"form_id\" value=\"385e00a\"\/>\n\t\t\t<input type=\"hidden\" name=\"referer_title\" value=\"Arbeiten bei Ovoclone | Jobs in der Tierklonung\" \/>\n\n\t\t\t\t\t\t\t<input type=\"hidden\" name=\"queried_id\" value=\"1855\"\/>\n\t\t\t\n\t\t\t<div class=\"elementor-form-fields-wrapper elementor-labels-above\">\n\t\t\t\t\t\t\t\t<div class=\"elementor-field-type-text elementor-field-group elementor-column elementor-field-group-nombre elementor-col-50 elementor-field-required\">\n\t\t\t\t\t\t\t\t\t\t\t\t<label for=\"form-field-nombre\" class=\"elementor-field-label\">\n\t\t\t\t\t\t\t\tVorname und Nachname\t\t\t\t\t\t\t<\/label>\n\t\t\t\t\t\t\t\t\t\t\t\t\t\t<input size=\"1\" type=\"text\" name=\"form_fields[nombre]\" id=\"form-field-nombre\" class=\"elementor-field elementor-size-sm  elementor-field-textual\" required=\"required\">\n\t\t\t\t\t\t\t\t\t\t\t<\/div>\n\t\t\t\t\t\t\t\t<div class=\"elementor-field-type-text elementor-field-group elementor-column elementor-field-group-ciudad elementor-col-50 elementor-field-required\">\n\t\t\t\t\t\t\t\t\t\t\t\t<label for=\"form-field-ciudad\" class=\"elementor-field-label\">\n\t\t\t\t\t\t\t\tStadt\t\t\t\t\t\t\t<\/label>\n\t\t\t\t\t\t\t\t\t\t\t\t\t\t<input size=\"1\" type=\"text\" name=\"form_fields[ciudad]\" id=\"form-field-ciudad\" class=\"elementor-field elementor-size-sm  elementor-field-textual\" required=\"required\">\n\t\t\t\t\t\t\t\t\t\t\t<\/div>\n\t\t\t\t\t\t\t\t<div class=\"elementor-field-type-email elementor-field-group elementor-column elementor-field-group-email elementor-col-50 elementor-field-required\">\n\t\t\t\t\t\t\t\t\t\t\t\t<label for=\"form-field-email\" class=\"elementor-field-label\">\n\t\t\t\t\t\t\t\tEmail\t\t\t\t\t\t\t<\/label>\n\t\t\t\t\t\t\t\t\t\t\t\t\t\t<input size=\"1\" type=\"email\" name=\"form_fields[email]\" id=\"form-field-email\" class=\"elementor-field elementor-size-sm  elementor-field-textual\" required=\"required\">\n\t\t\t\t\t\t\t\t\t\t\t<\/div>\n\t\t\t\t\t\t\t\t<div class=\"elementor-field-type-tel elementor-field-group elementor-column elementor-field-group-telefono elementor-col-50 elementor-field-required\">\n\t\t\t\t\t\t\t\t\t\t\t\t<label for=\"form-field-telefono\" class=\"elementor-field-label\">\n\t\t\t\t\t\t\t\tTelefon\t\t\t\t\t\t\t<\/label>\n\t\t\t\t\t\t<span class=\"ccfef-editor-intl-input\" data-id=\"form-field-telefono\" data-field-id=\"64977a6\" data-default-country=\"es\" data-include-countries=\"\" data-exclude-countries=\"\" data-dial-code-visibility=\"show\" data-strict-mode=\"no\" style=\"display: none;\"><\/span>\t\t<input size=\"1\" type=\"tel\" name=\"form_fields[telefono]\" id=\"form-field-telefono\" class=\"elementor-field elementor-size-sm  elementor-field-textual\" placeholder=\" \" required=\"required\" pattern=\"[0-9()#&amp;+*-=.]+\" title=\"Nur Nummern oder Telefon-Zeichen (#, -, *, etc) werden akzeptiert.\">\n\n\t\t\t\t\t\t<\/div>\n\t\t\t\t\t\t\t\t<div class=\"elementor-field-type-upload elementor-field-group elementor-column elementor-field-group-archivo_cv elementor-col-100 elementor-field-required\">\n\t\t\t\t\t\t\t\t\t\t\t\t<label for=\"form-field-archivo_cv\" class=\"elementor-field-label\">\n\t\t\t\t\t\t\t\tF\u00fcgen Sie Ihren Lebenslauf bei\t\t\t\t\t\t\t<\/label>\n\t\t\t\t\t\t\t\t<input type=\"file\" name=\"form_fields[archivo_cv]\" id=\"form-field-archivo_cv\" class=\"elementor-field elementor-size-sm  elementor-upload-field\" required=\"required\" data-maxsize=\"1\" data-maxsize-message=\"Diese Datei \u00fcbersteigt die maximale Dateigr\u00f6\u00dfe.\">\n\n\t\t\t\t\t\t<\/div>\n\t\t\t\t\t\t\t\t<div class=\"elementor-field-type-textarea elementor-field-group elementor-column elementor-field-group-mensaje elementor-col-100 elementor-field-required\">\n\t\t\t\t\t\t\t\t\t\t\t\t<label for=\"form-field-mensaje\" class=\"elementor-field-label\">\n\t\t\t\t\t\t\t\tNachricht\t\t\t\t\t\t\t<\/label>\n\t\t\t\t\t\t<textarea class=\"elementor-field-textual elementor-field  elementor-size-sm\" name=\"form_fields[mensaje]\" id=\"form-field-mensaje\" rows=\"3\" required=\"required\"><\/textarea>\t\t\t\t<\/div>\n\t\t\t\t\t\t\t\t<div class=\"elementor-field-type-acceptance elementor-field-group elementor-column elementor-field-group-consentimiento elementor-col-100 elementor-field-required\">\n\t\t\t\t\t\t\t<div class=\"elementor-field-subgroup\">\n\t\t\t<span class=\"elementor-field-option\">\n\t\t\t\t<input type=\"checkbox\" name=\"form_fields[consentimiento]\" id=\"form-field-consentimiento\" class=\"elementor-field elementor-size-sm  elementor-acceptance-field\" required=\"required\">\n\t\t\t\t<label for=\"form-field-consentimiento\"><span style=\"font-size=14px;\">Ich habe die <a href=\"https:\/\/ovoclone.com\/de\/bearbeitung-und-weitergabe-von-lebenslaeufen\/\">Einwilligung und die Weitergabe des Lebenslaufs<\/a> gelesen und akzeptiere sie.<\/span><\/label>\t\t\t<\/span>\n\t\t<\/div>\n\t\t\t\t\t\t<\/div>\n\t\t\t\t\t\t\t\t<div class=\"elementor-field-type-html elementor-field-group elementor-column elementor-field-group-field_8b54d13 elementor-col-100\">\n\t\t\t\t\t<p style=\"font-size: 10px;\">Verantwortlicher: OVOHORSE IBERICA S.L | Zweck: Bereitstellung der von Ihnen angeforderten Informationen oder Dienstleistungen. | Rechtsgrundlage: Einwilligung der betroffenen Person | Empf\u00e4nger: Daten werden nicht an Dritte weitergegeben, au\u00dfer wenn eine gesetzliche Verpflichtung besteht. | Rechte: Sie haben das Recht auf Zugang, Berichtigung und L\u00f6schung Ihrer Daten sowie weitere Rechte, wie in den zus\u00e4tzlichen Informationen erl\u00e4utert. | Zus\u00e4tzliche und detaillierte Informationen finden Sie in unserem Abschnitt Datenschutzrichtlinie.   <\/p>\t\t\t\t<\/div>\n\t\t\t\t\t\t\t\t<div class=\"elementor-field-type-recaptcha_v3 elementor-field-group elementor-column elementor-field-group-field_37be444 elementor-col-100 recaptcha_v3-bottomright\">\n\t\t\t\t\t<div class=\"elementor-field\" id=\"form-field-field_37be444\"><div class=\"elementor-g-recaptcha\" data-sitekey=\"6LeQ-HQsAAAAACX-VpnhC7fFIySf4btXP1VEpPnT\" data-type=\"v3\" data-action=\"Form\" data-badge=\"bottomright\" data-size=\"invisible\"><\/div><\/div>\t\t\t\t<\/div>\n\t\t\t\t\t\t\t\t<div class=\"elementor-field-type-text\">\n\t\t\t\t\t<input size=\"1\" type=\"text\" name=\"form_fields[field_0cea5cc]\" id=\"form-field-field_0cea5cc\" class=\"elementor-field elementor-size-sm \" style=\"display:none !important;\">\t\t\t\t<\/div>\n\t\t\t\t\t\t\t\t<div class=\"elementor-field-group elementor-column elementor-field-type-submit elementor-col-100 e-form__buttons\">\n\t\t\t\t\t<button class=\"elementor-button elementor-size-sm elementor-animation-shrink\" type=\"submit\">\n\t\t\t\t\t\t<span class=\"elementor-button-content-wrapper\">\n\t\t\t\t\t\t\t\t\t\t\t\t\t\t\t\t\t\t\t\t\t\t<span class=\"elementor-button-text\">Senden<\/span>\n\t\t\t\t\t\t\t\t\t\t\t\t\t<\/span>\n\t\t\t\t\t<\/button>\n\t\t\t\t<\/div>\n\t\t\t<\/div>\n\t\t<\/form>\n\t\t\t\t\t\t<\/div>\n\t\t\t\t\t<\/div>\n\t\t\t\t<\/div>\n\t\t\t\t<\/div>\n\t\t","protected":false},"excerpt":{"rendered":"<p>Senden Sie uns Ihren Lebenslauf Wenn Sie Teil unseres Teams werden m\u00f6chten und glauben, dass Sie den gro\u00dfen Wert beitragen k\u00f6nnen, den dies f\u00fcr Ovoclone bedeutet, m\u00fcssen Sie lediglich das untenstehende Formular ausf\u00fcllen.<\/p>\n","protected":false},"author":1,"featured_media":2774,"parent":0,"menu_order":0,"comment_status":"closed","ping_status":"closed","template":"elementor_header_footer","meta":{"_acf_changed":false,"inline_featured_image":false,"footnotes":""},"class_list":["post-1855","page","type-page","status-publish","has-post-thumbnail","hentry"],"acf":[],"yoast_head":"<!-- This site is optimized with the Yoast SEO Premium plugin v27.4 (Yoast SEO v27.4) - https:\/\/yoast.com\/product\/yoast-seo-premium-wordpress\/ -->\n<title>Arbeiten bei Ovoclone | Jobs in der Tierklonung<\/title>\n<meta name=\"description\" content=\"Werden Sie Teil des Ovoclone-Teams, einem Pionierunternehmen in der Haustierklonung und Zellkonservierung. Senden Sie uns Ihren Lebenslauf und schlie\u00dfen Sie sich unserem Team an.\" \/>\n<meta name=\"robots\" content=\"index, follow, max-snippet:-1, max-image-preview:large, max-video-preview:-1\" \/>\n<link rel=\"canonical\" href=\"https:\/\/ovoclone.com\/de\/arbeitet-bei-ovoclone\/\" \/>\n<meta property=\"og:locale\" content=\"de_DE\" \/>\n<meta property=\"og:type\" content=\"article\" \/>\n<meta property=\"og:title\" content=\"Arbeitet bei Ovoclone\" \/>\n<meta property=\"og:description\" content=\"Werden Sie Teil des Ovoclone-Teams, einem Pionierunternehmen in der Haustierklonung und Zellkonservierung. Senden Sie uns Ihren Lebenslauf und schlie\u00dfen Sie sich unserem Team an.\" \/>\n<meta property=\"og:url\" content=\"https:\/\/ovoclone.com\/de\/arbeitet-bei-ovoclone\/\" \/>\n<meta property=\"og:site_name\" content=\"Ovoclone\" \/>\n<meta property=\"article:publisher\" content=\"https:\/\/www.facebook.com\/ovoclone\" \/>\n<meta property=\"article:modified_time\" content=\"2026-02-24T12:04:37+00:00\" \/>\n<meta property=\"og:image\" content=\"https:\/\/ovoclone.com\/wp-content\/uploads\/2025\/09\/A746603-Mejorado-NR.webp\" \/>\n\t<meta property=\"og:image:width\" content=\"1920\" \/>\n\t<meta property=\"og:image:height\" content=\"640\" \/>\n\t<meta property=\"og:image:type\" content=\"image\/webp\" \/>\n<meta name=\"twitter:card\" content=\"summary_large_image\" \/>\n<meta name=\"twitter:label1\" content=\"Gesch\u00e4tzte Lesezeit\" \/>\n\t<meta name=\"twitter:data1\" content=\"4\u00a0Minute\" \/>\n<script type=\"application\/ld+json\" class=\"yoast-schema-graph\">{\"@context\":\"https:\\\/\\\/schema.org\",\"@graph\":[{\"@type\":\"WebPage\",\"@id\":\"https:\\\/\\\/ovoclone.com\\\/de\\\/arbeitet-bei-ovoclone\\\/\",\"url\":\"https:\\\/\\\/ovoclone.com\\\/de\\\/arbeitet-bei-ovoclone\\\/\",\"name\":\"Arbeiten bei Ovoclone | Jobs in der Tierklonung\",\"isPartOf\":{\"@id\":\"https:\\\/\\\/ovoclone.com\\\/de\\\/#website\"},\"primaryImageOfPage\":{\"@id\":\"https:\\\/\\\/ovoclone.com\\\/de\\\/arbeitet-bei-ovoclone\\\/#primaryimage\"},\"image\":{\"@id\":\"https:\\\/\\\/ovoclone.com\\\/de\\\/arbeitet-bei-ovoclone\\\/#primaryimage\"},\"thumbnailUrl\":\"https:\\\/\\\/ovoclone.com\\\/wp-content\\\/uploads\\\/2025\\\/09\\\/A746603-Mejorado-NR.webp\",\"datePublished\":\"2025-08-19T08:13:08+00:00\",\"dateModified\":\"2026-02-24T12:04:37+00:00\",\"description\":\"Werden Sie Teil des Ovoclone-Teams, einem Pionierunternehmen in der Haustierklonung und Zellkonservierung. Senden Sie uns Ihren Lebenslauf und schlie\u00dfen Sie sich unserem Team an.\",\"breadcrumb\":{\"@id\":\"https:\\\/\\\/ovoclone.com\\\/de\\\/arbeitet-bei-ovoclone\\\/#breadcrumb\"},\"inLanguage\":\"de\",\"potentialAction\":[{\"@type\":\"ReadAction\",\"target\":[\"https:\\\/\\\/ovoclone.com\\\/de\\\/arbeitet-bei-ovoclone\\\/\"]}]},{\"@type\":\"ImageObject\",\"inLanguage\":\"de\",\"@id\":\"https:\\\/\\\/ovoclone.com\\\/de\\\/arbeitet-bei-ovoclone\\\/#primaryimage\",\"url\":\"https:\\\/\\\/ovoclone.com\\\/wp-content\\\/uploads\\\/2025\\\/09\\\/A746603-Mejorado-NR.webp\",\"contentUrl\":\"https:\\\/\\\/ovoclone.com\\\/wp-content\\\/uploads\\\/2025\\\/09\\\/A746603-Mejorado-NR.webp\",\"width\":1920,\"height\":640},{\"@type\":\"BreadcrumbList\",\"@id\":\"https:\\\/\\\/ovoclone.com\\\/de\\\/arbeitet-bei-ovoclone\\\/#breadcrumb\",\"itemListElement\":[{\"@type\":\"ListItem\",\"position\":1,\"name\":\"Home\",\"item\":\"https:\\\/\\\/ovoclone.com\\\/de\\\/\"},{\"@type\":\"ListItem\",\"position\":2,\"name\":\"Arbeitet bei Ovoclone\"}]},{\"@type\":\"WebSite\",\"@id\":\"https:\\\/\\\/ovoclone.com\\\/de\\\/#website\",\"url\":\"https:\\\/\\\/ovoclone.com\\\/de\\\/\",\"name\":\"Ovoclone\",\"description\":\"Ovoclone es la \u00fanica empresa en Espa\u00f1a especializada en clonaci\u00f3n de mascotas y preservaci\u00f3n celular de animales. Ofrecemos soluciones innovadoras para mantener la esencia gen\u00e9tica de perros, gatos y especies en peligro de extinci\u00f3n, combinando ciencia, tecnolog\u00eda y amor por los animales.\",\"publisher\":{\"@id\":\"https:\\\/\\\/ovoclone.com\\\/de\\\/#organization\"},\"alternateName\":\"Ovoclone\",\"potentialAction\":[{\"@type\":\"SearchAction\",\"target\":{\"@type\":\"EntryPoint\",\"urlTemplate\":\"https:\\\/\\\/ovoclone.com\\\/de\\\/?s={search_term_string}\"},\"query-input\":{\"@type\":\"PropertyValueSpecification\",\"valueRequired\":true,\"valueName\":\"search_term_string\"}}],\"inLanguage\":\"de\"},{\"@type\":\"Organization\",\"@id\":\"https:\\\/\\\/ovoclone.com\\\/de\\\/#organization\",\"name\":\"Ovoclone\",\"url\":\"https:\\\/\\\/ovoclone.com\\\/de\\\/\",\"logo\":{\"@type\":\"ImageObject\",\"inLanguage\":\"de\",\"@id\":\"https:\\\/\\\/ovoclone.com\\\/de\\\/#\\\/schema\\\/logo\\\/image\\\/\",\"url\":\"https:\\\/\\\/ovoclone.com\\\/wp-content\\\/uploads\\\/2025\\\/07\\\/Ovoclone-log.png\",\"contentUrl\":\"https:\\\/\\\/ovoclone.com\\\/wp-content\\\/uploads\\\/2025\\\/07\\\/Ovoclone-log.png\",\"width\":426,\"height\":114,\"caption\":\"Ovoclone\"},\"image\":{\"@id\":\"https:\\\/\\\/ovoclone.com\\\/de\\\/#\\\/schema\\\/logo\\\/image\\\/\"},\"sameAs\":[\"https:\\\/\\\/www.facebook.com\\\/ovoclone\",\"https:\\\/\\\/www.instagram.com\\\/ovoclone_\\\/\",\"https:\\\/\\\/www.linkedin.com\\\/company\\\/ovoclone\\\/\",\"https:\\\/\\\/www.youtube.com\\\/@Ovoclone\"]}]}<\/script>\n<!-- \/ Yoast SEO Premium plugin. -->","yoast_head_json":{"title":"Arbeiten bei Ovoclone | Jobs in der Tierklonung","description":"Werden Sie Teil des Ovoclone-Teams, einem Pionierunternehmen in der Haustierklonung und Zellkonservierung. Senden Sie uns Ihren Lebenslauf und schlie\u00dfen Sie sich unserem Team an.","robots":{"index":"index","follow":"follow","max-snippet":"max-snippet:-1","max-image-preview":"max-image-preview:large","max-video-preview":"max-video-preview:-1"},"canonical":"https:\/\/ovoclone.com\/de\/arbeitet-bei-ovoclone\/","og_locale":"de_DE","og_type":"article","og_title":"Arbeitet bei Ovoclone","og_description":"Werden Sie Teil des Ovoclone-Teams, einem Pionierunternehmen in der Haustierklonung und Zellkonservierung. Senden Sie uns Ihren Lebenslauf und schlie\u00dfen Sie sich unserem Team an.","og_url":"https:\/\/ovoclone.com\/de\/arbeitet-bei-ovoclone\/","og_site_name":"Ovoclone","article_publisher":"https:\/\/www.facebook.com\/ovoclone","article_modified_time":"2026-02-24T12:04:37+00:00","og_image":[{"width":1920,"height":640,"url":"https:\/\/ovoclone.com\/wp-content\/uploads\/2025\/09\/A746603-Mejorado-NR.webp","type":"image\/webp"}],"twitter_card":"summary_large_image","twitter_misc":{"Gesch\u00e4tzte Lesezeit":"4\u00a0Minute"},"schema":{"@context":"https:\/\/schema.org","@graph":[{"@type":"WebPage","@id":"https:\/\/ovoclone.com\/de\/arbeitet-bei-ovoclone\/","url":"https:\/\/ovoclone.com\/de\/arbeitet-bei-ovoclone\/","name":"Arbeiten bei Ovoclone | Jobs in der Tierklonung","isPartOf":{"@id":"https:\/\/ovoclone.com\/de\/#website"},"primaryImageOfPage":{"@id":"https:\/\/ovoclone.com\/de\/arbeitet-bei-ovoclone\/#primaryimage"},"image":{"@id":"https:\/\/ovoclone.com\/de\/arbeitet-bei-ovoclone\/#primaryimage"},"thumbnailUrl":"https:\/\/ovoclone.com\/wp-content\/uploads\/2025\/09\/A746603-Mejorado-NR.webp","datePublished":"2025-08-19T08:13:08+00:00","dateModified":"2026-02-24T12:04:37+00:00","description":"Werden Sie Teil des Ovoclone-Teams, einem Pionierunternehmen in der Haustierklonung und Zellkonservierung. Senden Sie uns Ihren Lebenslauf und schlie\u00dfen Sie sich unserem Team an.","breadcrumb":{"@id":"https:\/\/ovoclone.com\/de\/arbeitet-bei-ovoclone\/#breadcrumb"},"inLanguage":"de","potentialAction":[{"@type":"ReadAction","target":["https:\/\/ovoclone.com\/de\/arbeitet-bei-ovoclone\/"]}]},{"@type":"ImageObject","inLanguage":"de","@id":"https:\/\/ovoclone.com\/de\/arbeitet-bei-ovoclone\/#primaryimage","url":"https:\/\/ovoclone.com\/wp-content\/uploads\/2025\/09\/A746603-Mejorado-NR.webp","contentUrl":"https:\/\/ovoclone.com\/wp-content\/uploads\/2025\/09\/A746603-Mejorado-NR.webp","width":1920,"height":640},{"@type":"BreadcrumbList","@id":"https:\/\/ovoclone.com\/de\/arbeitet-bei-ovoclone\/#breadcrumb","itemListElement":[{"@type":"ListItem","position":1,"name":"Home","item":"https:\/\/ovoclone.com\/de\/"},{"@type":"ListItem","position":2,"name":"Arbeitet bei Ovoclone"}]},{"@type":"WebSite","@id":"https:\/\/ovoclone.com\/de\/#website","url":"https:\/\/ovoclone.com\/de\/","name":"Ovoclone","description":"Ovoclone es la \u00fanica empresa en Espa\u00f1a especializada en clonaci\u00f3n de mascotas y preservaci\u00f3n celular de animales. Ofrecemos soluciones innovadoras para mantener la esencia gen\u00e9tica de perros, gatos y especies en peligro de extinci\u00f3n, combinando ciencia, tecnolog\u00eda y amor por los animales.","publisher":{"@id":"https:\/\/ovoclone.com\/de\/#organization"},"alternateName":"Ovoclone","potentialAction":[{"@type":"SearchAction","target":{"@type":"EntryPoint","urlTemplate":"https:\/\/ovoclone.com\/de\/?s={search_term_string}"},"query-input":{"@type":"PropertyValueSpecification","valueRequired":true,"valueName":"search_term_string"}}],"inLanguage":"de"},{"@type":"Organization","@id":"https:\/\/ovoclone.com\/de\/#organization","name":"Ovoclone","url":"https:\/\/ovoclone.com\/de\/","logo":{"@type":"ImageObject","inLanguage":"de","@id":"https:\/\/ovoclone.com\/de\/#\/schema\/logo\/image\/","url":"https:\/\/ovoclone.com\/wp-content\/uploads\/2025\/07\/Ovoclone-log.png","contentUrl":"https:\/\/ovoclone.com\/wp-content\/uploads\/2025\/07\/Ovoclone-log.png","width":426,"height":114,"caption":"Ovoclone"},"image":{"@id":"https:\/\/ovoclone.com\/de\/#\/schema\/logo\/image\/"},"sameAs":["https:\/\/www.facebook.com\/ovoclone","https:\/\/www.instagram.com\/ovoclone_\/","https:\/\/www.linkedin.com\/company\/ovoclone\/","https:\/\/www.youtube.com\/@Ovoclone"]}]}},"_links":{"self":[{"href":"https:\/\/ovoclone.com\/de\/wp-json\/wp\/v2\/pages\/1855","targetHints":{"allow":["GET"]}}],"collection":[{"href":"https:\/\/ovoclone.com\/de\/wp-json\/wp\/v2\/pages"}],"about":[{"href":"https:\/\/ovoclone.com\/de\/wp-json\/wp\/v2\/types\/page"}],"author":[{"embeddable":true,"href":"https:\/\/ovoclone.com\/de\/wp-json\/wp\/v2\/users\/1"}],"replies":[{"embeddable":true,"href":"https:\/\/ovoclone.com\/de\/wp-json\/wp\/v2\/comments?post=1855"}],"version-history":[{"count":6,"href":"https:\/\/ovoclone.com\/de\/wp-json\/wp\/v2\/pages\/1855\/revisions"}],"predecessor-version":[{"id":7527,"href":"https:\/\/ovoclone.com\/de\/wp-json\/wp\/v2\/pages\/1855\/revisions\/7527"}],"wp:featuredmedia":[{"embeddable":true,"href":"https:\/\/ovoclone.com\/de\/wp-json\/wp\/v2\/media\/2774"}],"wp:attachment":[{"href":"https:\/\/ovoclone.com\/de\/wp-json\/wp\/v2\/media?parent=1855"}],"curies":[{"name":"wp","href":"https:\/\/api.w.org\/{rel}","templated":true}]}}