{"id":2752,"date":"2025-08-19T09:19:21","date_gmt":"2025-08-19T09:19:21","guid":{"rendered":"https:\/\/ovoclone.com\/bearbeitung-und-weitergabe-von-lebenslaeufen\/"},"modified":"2025-09-09T12:29:04","modified_gmt":"2025-09-09T12:29:04","slug":"bearbeitung-und-weitergabe-von-lebenslaeufen","status":"publish","type":"page","link":"https:\/\/ovoclone.com\/de\/bearbeitung-und-weitergabe-von-lebenslaeufen\/","title":{"rendered":"Bearbeitung und Weitergabe von Lebensl\u00e4ufen"},"content":{"rendered":"\t\t<div data-elementor-type=\"wp-page\" data-elementor-id=\"2752\" class=\"elementor elementor-2752 elementor-1469\" data-elementor-post-type=\"page\">\n\t\t\t\t<div class=\"elementor-element elementor-element-f616923 e-flex e-con-boxed e-con e-parent\" data-id=\"f616923\" data-element_type=\"container\" data-e-type=\"container\">\n\t\t\t\t\t<div class=\"e-con-inner\">\n\t\t\t\t<div class=\"elementor-element elementor-element-d717f87 elementor-widget elementor-widget-heading\" data-id=\"d717f87\" data-element_type=\"widget\" data-e-type=\"widget\" data-widget_type=\"heading.default\">\n\t\t\t\t\t<h2 class=\"elementor-heading-title elementor-size-default\">VERANTWORTLICHER F\u00dcR DIE VERARBEITUNG PERSONENBEZOGENER DATEN<\/h2>\t\t\t\t<\/div>\n\t\t\t\t<div class=\"elementor-element elementor-element-b3b2b72 elementor-widget elementor-widget-text-editor\" data-id=\"b3b2b72\" data-element_type=\"widget\" data-e-type=\"widget\" data-widget_type=\"text-editor.default\">\n\t\t\t\t\t\t\t\t\t<p>Wir informieren Sie dar\u00fcber, dass die Daten in Ihrem Lebenslauf gem\u00e4\u00df den Bestimmungen des Organgesetzes 03\/2018 und der EU-Verordnung 679\/2016 zum Datenschutz sowie deren Durchf\u00fchrungs-, \u00c4nderungs- oder gegebenenfalls Ersatzvorschriften verarbeitet und in eine Verarbeitungsdatei aufgenommen werden, deren Verantwortlicher OVOHORSE IBERICA SL. mit Sitz in AVDA SEVERO OCHOA, 67 \u2013 29603 MARBELLA ist. <\/p>\t\t\t\t\t\t\t\t<\/div>\n\t\t\t\t<div class=\"elementor-element elementor-element-0c75a4d elementor-widget elementor-widget-heading\" data-id=\"0c75a4d\" data-element_type=\"widget\" data-e-type=\"widget\" data-widget_type=\"heading.default\">\n\t\t\t\t\t<h2 class=\"elementor-heading-title elementor-size-default\">VERARBEITUNG VON LEBENSL\u00c4UFEN<\/h2>\t\t\t\t<\/div>\n\t\t\t\t<div class=\"elementor-element elementor-element-65b069b elementor-widget elementor-widget-text-editor\" data-id=\"65b069b\" data-element_type=\"widget\" data-e-type=\"widget\" data-widget_type=\"text-editor.default\">\n\t\t\t\t\t\t\t\t\t<p>Der Zweck der Verarbeitung Ihrer Daten besteht darin, Ihre Bewerbung zu bearbeiten und das m\u00f6gliche Auswahlverfahren zu verwalten, was auch die Teilnahme an verschiedenen Auswahltests umfassen kann. Ihre Daten k\u00f6nnen an Unternehmen der Gruppe weitergegeben werden, um an weiteren Auswahlverfahren teilzunehmen oder wenn eine gesetzliche Verpflichtung besteht. <\/p><p>Lebensl\u00e4ufe, die seit mehr als 24 Monaten nicht aktualisiert wurden, werden gel\u00f6scht oder gesperrt, um ihre Einsichtnahme zu verhindern. In jedem Fall werden die bereitgestellten Daten so lange aufbewahrt, wie das Auswahlverfahren offen bleibt. <\/p>\t\t\t\t\t\t\t\t<\/div>\n\t\t\t\t<div class=\"elementor-element elementor-element-0d0f715 elementor-widget elementor-widget-heading\" data-id=\"0d0f715\" data-element_type=\"widget\" data-e-type=\"widget\" data-widget_type=\"heading.default\">\n\t\t\t\t\t<h2 class=\"elementor-heading-title elementor-size-default\">RECHTE DER BETROFFENEN PERSONEN<\/h2>\t\t\t\t<\/div>\n\t\t\t\t<div class=\"elementor-element elementor-element-26eab08 elementor-widget elementor-widget-text-editor\" data-id=\"26eab08\" data-element_type=\"widget\" data-e-type=\"widget\" data-widget_type=\"text-editor.default\">\n\t\t\t\t\t\t\t\t\t<p>Sie k\u00f6nnen Ihre Rechte auf Auskunft, Berichtigung oder L\u00f6schung, Einschr\u00e4nkung der Verarbeitung, Widerspruch, Daten\u00fcbertragbarkeit sowie das Recht, sich gegen automatisierte Einzelentscheidungen zu wenden, per E-Mail an info@ovoclone.com oder schriftlich an folgende Anschrift aus\u00fcben: OVOHORSE IBERICA SL, AVDA SEVERO OCHOA, 67 \u2013 29603 MARBELLA.<\/p><p>Sie k\u00f6nnen auch Ihre Einwilligung widerrufen, falls Sie diese f\u00fcr einen bestimmten Zweck erteilt haben, und Sie k\u00f6nnen Ihre Pr\u00e4ferenzen jederzeit \u00e4ndern.<\/p>\t\t\t\t\t\t\t\t<\/div>\n\t\t\t\t<div class=\"elementor-element elementor-element-4971b6c elementor-widget elementor-widget-heading\" data-id=\"4971b6c\" data-element_type=\"widget\" data-e-type=\"widget\" data-widget_type=\"heading.default\">\n\t\t\t\t\t<h2 class=\"elementor-heading-title elementor-size-default\">RECHTLICHER HINWEIS UND DATENSCHUTZRICHTLINIE: ALLGEMEINE BEDINGUNGEN<\/h2>\t\t\t\t<\/div>\n\t\t\t\t<div class=\"elementor-element elementor-element-70e5ae3 elementor-widget elementor-widget-text-editor\" data-id=\"70e5ae3\" data-element_type=\"widget\" data-e-type=\"widget\" data-widget_type=\"text-editor.default\">\n\t\t\t\t\t\t\t\t\t<p>Zus\u00e4tzlich zu den besonderen Bedingungen, die f\u00fcr unsere Auswahlverfahren gelten, finden auch unsere allgemeinen Bedingungen des Rechtlichen Hinweises und der Datenschutzrichtlinie auf alle Aspekte Anwendung, die in diesem Hinweis nicht ausdr\u00fccklich geregelt sind und in unserer <a href=\"https:\/\/ovoclone.com\/de\/datenschutzrichtlinie\/\">Datenschutzerkl\u00e4rung <\/a>eingesehen werden k\u00f6nnen.<\/p><p>BETROFFENE, DIE MIT DIESER RICHTLINIE NICHT EINVERSTANDEN SIND, D\u00dcRFEN KEINE DATEN \u00dcBER DIESE WEBSITE EINGEBEN, NICHT AUF DIE INHALTE DIESER WEBSITE ZUGREIFEN UND UNS IHREN LEBENSLAUF NICHT ZUSENDEN.<\/p>\t\t\t\t\t\t\t\t<\/div>\n\t\t\t\t\t<\/div>\n\t\t\t\t<\/div>\n\t\t\t\t<\/div>\n\t\t","protected":false},"excerpt":{"rendered":"<p>VERANTWORTLICHER F\u00dcR DIE VERARBEITUNG PERSONENBEZOGENER DATEN Wir informieren Sie dar\u00fcber, dass die Daten in Ihrem Lebenslauf gem\u00e4\u00df den Bestimmungen des Organgesetzes 03\/2018 und der EU-Verordnung 679\/2016 zum Datenschutz sowie deren Durchf\u00fchrungs-, \u00c4nderungs- oder gegebenenfalls Ersatzvorschriften verarbeitet und in eine Verarbeitungsdatei aufgenommen werden, deren Verantwortlicher OVOHORSE IBERICA SL. mit Sitz in AVDA SEVERO OCHOA, 67 \u2013 [&hellip;]<\/p>\n","protected":false},"author":1,"featured_media":1407,"parent":0,"menu_order":0,"comment_status":"closed","ping_status":"closed","template":"elementor_header_footer","meta":{"_acf_changed":false,"inline_featured_image":false,"footnotes":""},"class_list":["post-2752","page","type-page","status-publish","has-post-thumbnail","hentry"],"acf":[],"yoast_head":"<!-- This site is optimized with the Yoast SEO Premium plugin v27.4 (Yoast SEO v27.4) - https:\/\/yoast.com\/product\/yoast-seo-premium-wordpress\/ -->\n<title>Bearbeitung und Weitergabe von Lebensl\u00e4ufen | Ovoclone<\/title>\n<meta name=\"robots\" content=\"noindex, nofollow\" \/>\n<meta property=\"og:locale\" content=\"de_DE\" \/>\n<meta property=\"og:type\" content=\"article\" \/>\n<meta property=\"og:title\" content=\"Bearbeitung und Weitergabe von Lebensl\u00e4ufen\" \/>\n<meta property=\"og:description\" content=\"VERANTWORTLICHER F\u00dcR DIE VERARBEITUNG PERSONENBEZOGENER DATEN Wir informieren Sie dar\u00fcber, dass die Daten in Ihrem Lebenslauf gem\u00e4\u00df den Bestimmungen des Organgesetzes 03\/2018 und der EU-Verordnung 679\/2016 zum Datenschutz sowie deren Durchf\u00fchrungs-, \u00c4nderungs- oder gegebenenfalls Ersatzvorschriften verarbeitet und in eine Verarbeitungsdatei aufgenommen werden, deren Verantwortlicher OVOHORSE IBERICA SL. mit Sitz in AVDA SEVERO OCHOA, 67 \u2013 [&hellip;]\" \/>\n<meta property=\"og:url\" content=\"https:\/\/ovoclone.com\/de\/bearbeitung-und-weitergabe-von-lebenslaeufen\/\" \/>\n<meta property=\"og:site_name\" content=\"Ovoclone\" \/>\n<meta property=\"article:publisher\" content=\"https:\/\/www.facebook.com\/ovoclone\" \/>\n<meta property=\"article:modified_time\" content=\"2025-09-09T12:29:04+00:00\" \/>\n<meta property=\"og:image\" content=\"https:\/\/ovoclone.com\/wp-content\/uploads\/2025\/08\/Embriologa-Ovohorse-768x354-1.webp\" \/>\n\t<meta property=\"og:image:width\" content=\"768\" \/>\n\t<meta property=\"og:image:height\" content=\"354\" \/>\n\t<meta property=\"og:image:type\" content=\"image\/webp\" \/>\n<meta name=\"twitter:card\" content=\"summary_large_image\" \/>\n<meta name=\"twitter:label1\" content=\"Gesch\u00e4tzte Lesezeit\" \/>\n\t<meta name=\"twitter:data1\" content=\"2\u00a0Minute\" \/>\n<script type=\"application\/ld+json\" class=\"yoast-schema-graph\">{\"@context\":\"https:\\\/\\\/schema.org\",\"@graph\":[{\"@type\":\"WebPage\",\"@id\":\"https:\\\/\\\/ovoclone.com\\\/de\\\/bearbeitung-und-weitergabe-von-lebenslaeufen\\\/\",\"url\":\"https:\\\/\\\/ovoclone.com\\\/de\\\/bearbeitung-und-weitergabe-von-lebenslaeufen\\\/\",\"name\":\"Bearbeitung und Weitergabe von Lebensl\u00e4ufen | Ovoclone\",\"isPartOf\":{\"@id\":\"https:\\\/\\\/ovoclone.com\\\/de\\\/#website\"},\"primaryImageOfPage\":{\"@id\":\"https:\\\/\\\/ovoclone.com\\\/de\\\/bearbeitung-und-weitergabe-von-lebenslaeufen\\\/#primaryimage\"},\"image\":{\"@id\":\"https:\\\/\\\/ovoclone.com\\\/de\\\/bearbeitung-und-weitergabe-von-lebenslaeufen\\\/#primaryimage\"},\"thumbnailUrl\":\"https:\\\/\\\/ovoclone.com\\\/wp-content\\\/uploads\\\/2025\\\/08\\\/Embriologa-Ovohorse-768x354-1.webp\",\"datePublished\":\"2025-08-19T09:19:21+00:00\",\"dateModified\":\"2025-09-09T12:29:04+00:00\",\"breadcrumb\":{\"@id\":\"https:\\\/\\\/ovoclone.com\\\/de\\\/bearbeitung-und-weitergabe-von-lebenslaeufen\\\/#breadcrumb\"},\"inLanguage\":\"de\",\"potentialAction\":[{\"@type\":\"ReadAction\",\"target\":[\"https:\\\/\\\/ovoclone.com\\\/de\\\/bearbeitung-und-weitergabe-von-lebenslaeufen\\\/\"]}]},{\"@type\":\"ImageObject\",\"inLanguage\":\"de\",\"@id\":\"https:\\\/\\\/ovoclone.com\\\/de\\\/bearbeitung-und-weitergabe-von-lebenslaeufen\\\/#primaryimage\",\"url\":\"https:\\\/\\\/ovoclone.com\\\/wp-content\\\/uploads\\\/2025\\\/08\\\/Embriologa-Ovohorse-768x354-1.webp\",\"contentUrl\":\"https:\\\/\\\/ovoclone.com\\\/wp-content\\\/uploads\\\/2025\\\/08\\\/Embriologa-Ovohorse-768x354-1.webp\",\"width\":768,\"height\":354},{\"@type\":\"BreadcrumbList\",\"@id\":\"https:\\\/\\\/ovoclone.com\\\/de\\\/bearbeitung-und-weitergabe-von-lebenslaeufen\\\/#breadcrumb\",\"itemListElement\":[{\"@type\":\"ListItem\",\"position\":1,\"name\":\"Home\",\"item\":\"https:\\\/\\\/ovoclone.com\\\/de\\\/\"},{\"@type\":\"ListItem\",\"position\":2,\"name\":\"Bearbeitung und Weitergabe von Lebensl\u00e4ufen\"}]},{\"@type\":\"WebSite\",\"@id\":\"https:\\\/\\\/ovoclone.com\\\/de\\\/#website\",\"url\":\"https:\\\/\\\/ovoclone.com\\\/de\\\/\",\"name\":\"Ovoclone\",\"description\":\"Ovoclone es la \u00fanica empresa en Espa\u00f1a especializada en clonaci\u00f3n de mascotas y preservaci\u00f3n celular de animales. Ofrecemos soluciones innovadoras para mantener la esencia gen\u00e9tica de perros, gatos y especies en peligro de extinci\u00f3n, combinando ciencia, tecnolog\u00eda y amor por los animales.\",\"publisher\":{\"@id\":\"https:\\\/\\\/ovoclone.com\\\/de\\\/#organization\"},\"alternateName\":\"Ovoclone\",\"potentialAction\":[{\"@type\":\"SearchAction\",\"target\":{\"@type\":\"EntryPoint\",\"urlTemplate\":\"https:\\\/\\\/ovoclone.com\\\/de\\\/?s={search_term_string}\"},\"query-input\":{\"@type\":\"PropertyValueSpecification\",\"valueRequired\":true,\"valueName\":\"search_term_string\"}}],\"inLanguage\":\"de\"},{\"@type\":\"Organization\",\"@id\":\"https:\\\/\\\/ovoclone.com\\\/de\\\/#organization\",\"name\":\"Ovoclone\",\"url\":\"https:\\\/\\\/ovoclone.com\\\/de\\\/\",\"logo\":{\"@type\":\"ImageObject\",\"inLanguage\":\"de\",\"@id\":\"https:\\\/\\\/ovoclone.com\\\/de\\\/#\\\/schema\\\/logo\\\/image\\\/\",\"url\":\"https:\\\/\\\/ovoclone.com\\\/wp-content\\\/uploads\\\/2025\\\/07\\\/Ovoclone-log.png\",\"contentUrl\":\"https:\\\/\\\/ovoclone.com\\\/wp-content\\\/uploads\\\/2025\\\/07\\\/Ovoclone-log.png\",\"width\":426,\"height\":114,\"caption\":\"Ovoclone\"},\"image\":{\"@id\":\"https:\\\/\\\/ovoclone.com\\\/de\\\/#\\\/schema\\\/logo\\\/image\\\/\"},\"sameAs\":[\"https:\\\/\\\/www.facebook.com\\\/ovoclone\",\"https:\\\/\\\/www.instagram.com\\\/ovoclone_\\\/\",\"https:\\\/\\\/www.linkedin.com\\\/company\\\/ovoclone\\\/\",\"https:\\\/\\\/www.youtube.com\\\/@Ovoclone\"]}]}<\/script>\n<!-- \/ Yoast SEO Premium plugin. -->","yoast_head_json":{"title":"Bearbeitung und Weitergabe von Lebensl\u00e4ufen | Ovoclone","robots":{"index":"noindex","follow":"nofollow"},"og_locale":"de_DE","og_type":"article","og_title":"Bearbeitung und Weitergabe von Lebensl\u00e4ufen","og_description":"VERANTWORTLICHER F\u00dcR DIE VERARBEITUNG PERSONENBEZOGENER DATEN Wir informieren Sie dar\u00fcber, dass die Daten in Ihrem Lebenslauf gem\u00e4\u00df den Bestimmungen des Organgesetzes 03\/2018 und der EU-Verordnung 679\/2016 zum Datenschutz sowie deren Durchf\u00fchrungs-, \u00c4nderungs- oder gegebenenfalls Ersatzvorschriften verarbeitet und in eine Verarbeitungsdatei aufgenommen werden, deren Verantwortlicher OVOHORSE IBERICA SL. mit Sitz in AVDA SEVERO OCHOA, 67 \u2013 [&hellip;]","og_url":"https:\/\/ovoclone.com\/de\/bearbeitung-und-weitergabe-von-lebenslaeufen\/","og_site_name":"Ovoclone","article_publisher":"https:\/\/www.facebook.com\/ovoclone","article_modified_time":"2025-09-09T12:29:04+00:00","og_image":[{"width":768,"height":354,"url":"https:\/\/ovoclone.com\/wp-content\/uploads\/2025\/08\/Embriologa-Ovohorse-768x354-1.webp","type":"image\/webp"}],"twitter_card":"summary_large_image","twitter_misc":{"Gesch\u00e4tzte Lesezeit":"2\u00a0Minute"},"schema":{"@context":"https:\/\/schema.org","@graph":[{"@type":"WebPage","@id":"https:\/\/ovoclone.com\/de\/bearbeitung-und-weitergabe-von-lebenslaeufen\/","url":"https:\/\/ovoclone.com\/de\/bearbeitung-und-weitergabe-von-lebenslaeufen\/","name":"Bearbeitung und Weitergabe von Lebensl\u00e4ufen | Ovoclone","isPartOf":{"@id":"https:\/\/ovoclone.com\/de\/#website"},"primaryImageOfPage":{"@id":"https:\/\/ovoclone.com\/de\/bearbeitung-und-weitergabe-von-lebenslaeufen\/#primaryimage"},"image":{"@id":"https:\/\/ovoclone.com\/de\/bearbeitung-und-weitergabe-von-lebenslaeufen\/#primaryimage"},"thumbnailUrl":"https:\/\/ovoclone.com\/wp-content\/uploads\/2025\/08\/Embriologa-Ovohorse-768x354-1.webp","datePublished":"2025-08-19T09:19:21+00:00","dateModified":"2025-09-09T12:29:04+00:00","breadcrumb":{"@id":"https:\/\/ovoclone.com\/de\/bearbeitung-und-weitergabe-von-lebenslaeufen\/#breadcrumb"},"inLanguage":"de","potentialAction":[{"@type":"ReadAction","target":["https:\/\/ovoclone.com\/de\/bearbeitung-und-weitergabe-von-lebenslaeufen\/"]}]},{"@type":"ImageObject","inLanguage":"de","@id":"https:\/\/ovoclone.com\/de\/bearbeitung-und-weitergabe-von-lebenslaeufen\/#primaryimage","url":"https:\/\/ovoclone.com\/wp-content\/uploads\/2025\/08\/Embriologa-Ovohorse-768x354-1.webp","contentUrl":"https:\/\/ovoclone.com\/wp-content\/uploads\/2025\/08\/Embriologa-Ovohorse-768x354-1.webp","width":768,"height":354},{"@type":"BreadcrumbList","@id":"https:\/\/ovoclone.com\/de\/bearbeitung-und-weitergabe-von-lebenslaeufen\/#breadcrumb","itemListElement":[{"@type":"ListItem","position":1,"name":"Home","item":"https:\/\/ovoclone.com\/de\/"},{"@type":"ListItem","position":2,"name":"Bearbeitung und Weitergabe von Lebensl\u00e4ufen"}]},{"@type":"WebSite","@id":"https:\/\/ovoclone.com\/de\/#website","url":"https:\/\/ovoclone.com\/de\/","name":"Ovoclone","description":"Ovoclone es la \u00fanica empresa en Espa\u00f1a especializada en clonaci\u00f3n de mascotas y preservaci\u00f3n celular de animales. Ofrecemos soluciones innovadoras para mantener la esencia gen\u00e9tica de perros, gatos y especies en peligro de extinci\u00f3n, combinando ciencia, tecnolog\u00eda y amor por los animales.","publisher":{"@id":"https:\/\/ovoclone.com\/de\/#organization"},"alternateName":"Ovoclone","potentialAction":[{"@type":"SearchAction","target":{"@type":"EntryPoint","urlTemplate":"https:\/\/ovoclone.com\/de\/?s={search_term_string}"},"query-input":{"@type":"PropertyValueSpecification","valueRequired":true,"valueName":"search_term_string"}}],"inLanguage":"de"},{"@type":"Organization","@id":"https:\/\/ovoclone.com\/de\/#organization","name":"Ovoclone","url":"https:\/\/ovoclone.com\/de\/","logo":{"@type":"ImageObject","inLanguage":"de","@id":"https:\/\/ovoclone.com\/de\/#\/schema\/logo\/image\/","url":"https:\/\/ovoclone.com\/wp-content\/uploads\/2025\/07\/Ovoclone-log.png","contentUrl":"https:\/\/ovoclone.com\/wp-content\/uploads\/2025\/07\/Ovoclone-log.png","width":426,"height":114,"caption":"Ovoclone"},"image":{"@id":"https:\/\/ovoclone.com\/de\/#\/schema\/logo\/image\/"},"sameAs":["https:\/\/www.facebook.com\/ovoclone","https:\/\/www.instagram.com\/ovoclone_\/","https:\/\/www.linkedin.com\/company\/ovoclone\/","https:\/\/www.youtube.com\/@Ovoclone"]}]}},"_links":{"self":[{"href":"https:\/\/ovoclone.com\/de\/wp-json\/wp\/v2\/pages\/2752","targetHints":{"allow":["GET"]}}],"collection":[{"href":"https:\/\/ovoclone.com\/de\/wp-json\/wp\/v2\/pages"}],"about":[{"href":"https:\/\/ovoclone.com\/de\/wp-json\/wp\/v2\/types\/page"}],"author":[{"embeddable":true,"href":"https:\/\/ovoclone.com\/de\/wp-json\/wp\/v2\/users\/1"}],"replies":[{"embeddable":true,"href":"https:\/\/ovoclone.com\/de\/wp-json\/wp\/v2\/comments?post=2752"}],"version-history":[{"count":1,"href":"https:\/\/ovoclone.com\/de\/wp-json\/wp\/v2\/pages\/2752\/revisions"}],"predecessor-version":[{"id":2753,"href":"https:\/\/ovoclone.com\/de\/wp-json\/wp\/v2\/pages\/2752\/revisions\/2753"}],"wp:featuredmedia":[{"embeddable":true,"href":"https:\/\/ovoclone.com\/de\/wp-json\/wp\/v2\/media\/1407"}],"wp:attachment":[{"href":"https:\/\/ovoclone.com\/de\/wp-json\/wp\/v2\/media?parent=2752"}],"curies":[{"name":"wp","href":"https:\/\/api.w.org\/{rel}","templated":true}]}}