{"id":1851,"date":"2025-08-19T09:13:08","date_gmt":"2025-08-19T08:13:08","guid":{"rendered":"https:\/\/ovoclone.com\/work-at-ovoclone\/"},"modified":"2026-02-24T13:03:05","modified_gmt":"2026-02-24T12:03:05","slug":"work-at-ovoclone","status":"publish","type":"page","link":"https:\/\/ovoclone.com\/en\/work-at-ovoclone\/","title":{"rendered":"Work at Ovoclone"},"content":{"rendered":"\t\t<div data-elementor-type=\"wp-page\" data-elementor-id=\"1851\" class=\"elementor elementor-1851 elementor-1452\" data-elementor-post-type=\"page\">\n\t\t\t\t<div class=\"elementor-element elementor-element-d1412d8 e-flex e-con-boxed e-con e-parent\" data-id=\"d1412d8\" data-element_type=\"container\" data-e-type=\"container\">\n\t\t\t\t\t<div class=\"e-con-inner\">\n\t\t\t\t<div class=\"elementor-element elementor-element-fca50de elementor-widget elementor-widget-heading\" data-id=\"fca50de\" data-element_type=\"widget\" data-e-type=\"widget\" data-widget_type=\"heading.default\">\n\t\t\t\t\t<h2 class=\"elementor-heading-title elementor-size-default\">Send us your CV<\/h2>\t\t\t\t<\/div>\n\t\t\t\t<div class=\"elementor-element elementor-element-64a547f elementor-widget__width-initial elementor-widget elementor-widget-text-editor\" data-id=\"64a547f\" data-element_type=\"widget\" data-e-type=\"widget\" data-widget_type=\"text-editor.default\">\n\t\t\t\t\t\t\t\t\t<p>If you would like to be part of our Team, and you believe you can contribute with the great value that this represents for Ovoclone, you only need to fill in the form below.<\/p>\n\t\t\t\t\t\t\t\t<\/div>\n\t\t\t\t<div class=\"elementor-element elementor-element-385e00a elementor-widget__width-initial elementor-button-align-stretch elementor-widget elementor-widget-form\" data-id=\"385e00a\" data-element_type=\"widget\" data-e-type=\"widget\" data-settings=\"{&quot;step_next_label&quot;:&quot;Next&quot;,&quot;step_previous_label&quot;:&quot;Previous&quot;,&quot;button_width&quot;:&quot;100&quot;,&quot;step_type&quot;:&quot;number_text&quot;,&quot;step_icon_shape&quot;:&quot;circle&quot;}\" data-widget_type=\"form.default\">\n\t\t\t\t\t\t\t<form class=\"elementor-form\" method=\"post\" id=\"form_trabajo_ovoclone\" name=\"Work with us at Ovoclone Form\" aria-label=\"Work with us at Ovoclone Form\">\n\t\t\t<input type=\"hidden\" name=\"post_id\" value=\"1851\"\/>\n\t\t\t<input type=\"hidden\" name=\"form_id\" value=\"385e00a\"\/>\n\t\t\t<input type=\"hidden\" name=\"referer_title\" value=\"Work at Ovoclone | Careers in Animal Cloning\" \/>\n\n\t\t\t\t\t\t\t<input type=\"hidden\" name=\"queried_id\" value=\"1851\"\/>\n\t\t\t\n\t\t\t<div class=\"elementor-form-fields-wrapper elementor-labels-above\">\n\t\t\t\t\t\t\t\t<div class=\"elementor-field-type-text elementor-field-group elementor-column elementor-field-group-nombre elementor-col-50 elementor-field-required\">\n\t\t\t\t\t\t\t\t\t\t\t\t<label for=\"form-field-nombre\" class=\"elementor-field-label\">\n\t\t\t\t\t\t\t\tFull name\t\t\t\t\t\t\t<\/label>\n\t\t\t\t\t\t\t\t\t\t\t\t\t\t<input size=\"1\" type=\"text\" name=\"form_fields[nombre]\" id=\"form-field-nombre\" class=\"elementor-field elementor-size-sm  elementor-field-textual\" required=\"required\">\n\t\t\t\t\t\t\t\t\t\t\t<\/div>\n\t\t\t\t\t\t\t\t<div class=\"elementor-field-type-text elementor-field-group elementor-column elementor-field-group-ciudad elementor-col-50 elementor-field-required\">\n\t\t\t\t\t\t\t\t\t\t\t\t<label for=\"form-field-ciudad\" class=\"elementor-field-label\">\n\t\t\t\t\t\t\t\tCity\t\t\t\t\t\t\t<\/label>\n\t\t\t\t\t\t\t\t\t\t\t\t\t\t<input size=\"1\" type=\"text\" name=\"form_fields[ciudad]\" id=\"form-field-ciudad\" class=\"elementor-field elementor-size-sm  elementor-field-textual\" required=\"required\">\n\t\t\t\t\t\t\t\t\t\t\t<\/div>\n\t\t\t\t\t\t\t\t<div class=\"elementor-field-type-email elementor-field-group elementor-column elementor-field-group-email elementor-col-50 elementor-field-required\">\n\t\t\t\t\t\t\t\t\t\t\t\t<label for=\"form-field-email\" class=\"elementor-field-label\">\n\t\t\t\t\t\t\t\tEmail\t\t\t\t\t\t\t<\/label>\n\t\t\t\t\t\t\t\t\t\t\t\t\t\t<input size=\"1\" type=\"email\" name=\"form_fields[email]\" id=\"form-field-email\" class=\"elementor-field elementor-size-sm  elementor-field-textual\" required=\"required\">\n\t\t\t\t\t\t\t\t\t\t\t<\/div>\n\t\t\t\t\t\t\t\t<div class=\"elementor-field-type-tel elementor-field-group elementor-column elementor-field-group-telefono elementor-col-50 elementor-field-required\">\n\t\t\t\t\t\t\t\t\t\t\t\t<label for=\"form-field-telefono\" class=\"elementor-field-label\">\n\t\t\t\t\t\t\t\tPhone\t\t\t\t\t\t\t<\/label>\n\t\t\t\t\t\t<span class=\"ccfef-editor-intl-input\" data-id=\"form-field-telefono\" data-field-id=\"64977a6\" data-default-country=\"es\" data-include-countries=\"\" data-exclude-countries=\"\" data-dial-code-visibility=\"show\" data-strict-mode=\"no\" style=\"display: none;\"><\/span>\t\t<input size=\"1\" type=\"tel\" name=\"form_fields[telefono]\" id=\"form-field-telefono\" class=\"elementor-field elementor-size-sm  elementor-field-textual\" placeholder=\" \" required=\"required\" pattern=\"[0-9()#&amp;+*-=.]+\" title=\"Only numbers and phone characters (#, -, *, etc) are accepted.\">\n\n\t\t\t\t\t\t<\/div>\n\t\t\t\t\t\t\t\t<div class=\"elementor-field-type-upload elementor-field-group elementor-column elementor-field-group-archivo_cv elementor-col-100 elementor-field-required\">\n\t\t\t\t\t\t\t\t\t\t\t\t<label for=\"form-field-archivo_cv\" class=\"elementor-field-label\">\n\t\t\t\t\t\t\t\tAttach your CV\t\t\t\t\t\t\t<\/label>\n\t\t\t\t\t\t\t\t<input type=\"file\" name=\"form_fields[archivo_cv]\" id=\"form-field-archivo_cv\" class=\"elementor-field elementor-size-sm  elementor-upload-field\" required=\"required\" data-maxsize=\"1\" data-maxsize-message=\"This file exceeds the maximum allowed size.\">\n\n\t\t\t\t\t\t<\/div>\n\t\t\t\t\t\t\t\t<div class=\"elementor-field-type-textarea elementor-field-group elementor-column elementor-field-group-mensaje elementor-col-100 elementor-field-required\">\n\t\t\t\t\t\t\t\t\t\t\t\t<label for=\"form-field-mensaje\" class=\"elementor-field-label\">\n\t\t\t\t\t\t\t\tMessage\t\t\t\t\t\t\t<\/label>\n\t\t\t\t\t\t<textarea class=\"elementor-field-textual elementor-field  elementor-size-sm\" name=\"form_fields[mensaje]\" id=\"form-field-mensaje\" rows=\"3\" required=\"required\"><\/textarea>\t\t\t\t<\/div>\n\t\t\t\t\t\t\t\t<div class=\"elementor-field-type-acceptance elementor-field-group elementor-column elementor-field-group-consentimiento elementor-col-100 elementor-field-required\">\n\t\t\t\t\t\t\t<div class=\"elementor-field-subgroup\">\n\t\t\t<span class=\"elementor-field-option\">\n\t\t\t\t<input type=\"checkbox\" name=\"form_fields[consentimiento]\" id=\"form-field-consentimiento\" class=\"elementor-field elementor-size-sm  elementor-acceptance-field\" required=\"required\">\n\t\t\t\t<label for=\"form-field-consentimiento\"><span style=\"font-size=14px;\">I have read and accept the <a href=\"https:\/\/ovoclone.com\/en\/processing-and-transfer-of-cvs\/\">Consent and transfer of CV<\/a>.<\/span><\/label>\t\t\t<\/span>\n\t\t<\/div>\n\t\t\t\t\t\t<\/div>\n\t\t\t\t\t\t\t\t<div class=\"elementor-field-type-html elementor-field-group elementor-column elementor-field-group-field_8b54d13 elementor-col-100\">\n\t\t\t\t\t<p style=\"font-size: 10px;\">Data Controller: OVOHORSE IBERICA S.L | Purpose: To provide the information or services you request from us. | Legal Basis: Consent of the data subject | Recipients: Data will not be transferred to third parties except under legal obligation. | Rights: To access, rectify and delete data, as well as other rights, as explained in the additional information. | You can consult the additional and detailed information in our Privacy Policy section.   <\/p>\t\t\t\t<\/div>\n\t\t\t\t\t\t\t\t<div class=\"elementor-field-type-recaptcha_v3 elementor-field-group elementor-column elementor-field-group-field_37be444 elementor-col-100 recaptcha_v3-bottomright\">\n\t\t\t\t\t<div class=\"elementor-field\" id=\"form-field-field_37be444\"><div class=\"elementor-g-recaptcha\" data-sitekey=\"6LeQ-HQsAAAAACX-VpnhC7fFIySf4btXP1VEpPnT\" data-type=\"v3\" data-action=\"Form\" data-badge=\"bottomright\" data-size=\"invisible\"><\/div><\/div>\t\t\t\t<\/div>\n\t\t\t\t\t\t\t\t<div class=\"elementor-field-type-text\">\n\t\t\t\t\t<input size=\"1\" type=\"text\" name=\"form_fields[field_0cea5cc]\" id=\"form-field-field_0cea5cc\" class=\"elementor-field elementor-size-sm \" style=\"display:none !important;\">\t\t\t\t<\/div>\n\t\t\t\t\t\t\t\t<div class=\"elementor-field-group elementor-column elementor-field-type-submit elementor-col-100 e-form__buttons\">\n\t\t\t\t\t<button class=\"elementor-button elementor-size-sm elementor-animation-shrink\" type=\"submit\">\n\t\t\t\t\t\t<span class=\"elementor-button-content-wrapper\">\n\t\t\t\t\t\t\t\t\t\t\t\t\t\t\t\t\t\t\t\t\t\t<span class=\"elementor-button-text\">Send<\/span>\n\t\t\t\t\t\t\t\t\t\t\t\t\t<\/span>\n\t\t\t\t\t<\/button>\n\t\t\t\t<\/div>\n\t\t\t<\/div>\n\t\t<\/form>\n\t\t\t\t\t\t<\/div>\n\t\t\t\t\t<\/div>\n\t\t\t\t<\/div>\n\t\t\t\t<\/div>\n\t\t","protected":false},"excerpt":{"rendered":"<p>Send us your CV If you would like to be part of our Team, and you believe you can contribute with the great value that this represents for Ovoclone, you only need to fill in the form below.<\/p>\n","protected":false},"author":1,"featured_media":2772,"parent":0,"menu_order":0,"comment_status":"closed","ping_status":"closed","template":"elementor_header_footer","meta":{"_acf_changed":false,"inline_featured_image":false,"footnotes":""},"class_list":["post-1851","page","type-page","status-publish","has-post-thumbnail","hentry"],"acf":[],"yoast_head":"<!-- This site is optimized with the Yoast SEO Premium plugin v27.4 (Yoast SEO v27.4) - https:\/\/yoast.com\/product\/yoast-seo-premium-wordpress\/ -->\n<title>Work at Ovoclone | Careers in Animal Cloning<\/title>\n<meta name=\"description\" content=\"Join the Ovoclone team, a pioneering company in pet cloning and cell preservation. Send us your CV and become part of the team.\" \/>\n<meta name=\"robots\" content=\"index, follow, max-snippet:-1, max-image-preview:large, max-video-preview:-1\" \/>\n<link rel=\"canonical\" href=\"https:\/\/ovoclone.com\/en\/work-at-ovoclone\/\" \/>\n<meta property=\"og:locale\" content=\"en_US\" \/>\n<meta property=\"og:type\" content=\"article\" \/>\n<meta property=\"og:title\" content=\"Work at Ovoclone\" \/>\n<meta property=\"og:description\" content=\"Join the Ovoclone team, a pioneering company in pet cloning and cell preservation. Send us your CV and become part of the team.\" \/>\n<meta property=\"og:url\" content=\"https:\/\/ovoclone.com\/en\/work-at-ovoclone\/\" \/>\n<meta property=\"og:site_name\" content=\"Ovoclone\" \/>\n<meta property=\"article:publisher\" content=\"https:\/\/www.facebook.com\/ovoclone\" \/>\n<meta property=\"article:modified_time\" content=\"2026-02-24T12:03:05+00:00\" \/>\n<meta property=\"og:image\" content=\"https:\/\/ovoclone.com\/wp-content\/uploads\/2025\/09\/A746603-Mejorado-NR.webp\" \/>\n\t<meta property=\"og:image:width\" content=\"1920\" \/>\n\t<meta property=\"og:image:height\" content=\"640\" \/>\n\t<meta property=\"og:image:type\" content=\"image\/webp\" \/>\n<meta name=\"twitter:card\" content=\"summary_large_image\" \/>\n<meta name=\"twitter:label1\" content=\"Est. reading time\" \/>\n\t<meta name=\"twitter:data1\" content=\"4 minutes\" \/>\n<script type=\"application\/ld+json\" class=\"yoast-schema-graph\">{\"@context\":\"https:\\\/\\\/schema.org\",\"@graph\":[{\"@type\":\"WebPage\",\"@id\":\"https:\\\/\\\/ovoclone.com\\\/en\\\/work-at-ovoclone\\\/\",\"url\":\"https:\\\/\\\/ovoclone.com\\\/en\\\/work-at-ovoclone\\\/\",\"name\":\"Work at Ovoclone | Careers in Animal Cloning\",\"isPartOf\":{\"@id\":\"https:\\\/\\\/ovoclone.com\\\/en\\\/#website\"},\"primaryImageOfPage\":{\"@id\":\"https:\\\/\\\/ovoclone.com\\\/en\\\/work-at-ovoclone\\\/#primaryimage\"},\"image\":{\"@id\":\"https:\\\/\\\/ovoclone.com\\\/en\\\/work-at-ovoclone\\\/#primaryimage\"},\"thumbnailUrl\":\"https:\\\/\\\/ovoclone.com\\\/wp-content\\\/uploads\\\/2025\\\/09\\\/A746603-Mejorado-NR.webp\",\"datePublished\":\"2025-08-19T08:13:08+00:00\",\"dateModified\":\"2026-02-24T12:03:05+00:00\",\"description\":\"Join the Ovoclone team, a pioneering company in pet cloning and cell preservation. Send us your CV and become part of the team.\",\"breadcrumb\":{\"@id\":\"https:\\\/\\\/ovoclone.com\\\/en\\\/work-at-ovoclone\\\/#breadcrumb\"},\"inLanguage\":\"en-US\",\"potentialAction\":[{\"@type\":\"ReadAction\",\"target\":[\"https:\\\/\\\/ovoclone.com\\\/en\\\/work-at-ovoclone\\\/\"]}]},{\"@type\":\"ImageObject\",\"inLanguage\":\"en-US\",\"@id\":\"https:\\\/\\\/ovoclone.com\\\/en\\\/work-at-ovoclone\\\/#primaryimage\",\"url\":\"https:\\\/\\\/ovoclone.com\\\/wp-content\\\/uploads\\\/2025\\\/09\\\/A746603-Mejorado-NR.webp\",\"contentUrl\":\"https:\\\/\\\/ovoclone.com\\\/wp-content\\\/uploads\\\/2025\\\/09\\\/A746603-Mejorado-NR.webp\",\"width\":1920,\"height\":640},{\"@type\":\"BreadcrumbList\",\"@id\":\"https:\\\/\\\/ovoclone.com\\\/en\\\/work-at-ovoclone\\\/#breadcrumb\",\"itemListElement\":[{\"@type\":\"ListItem\",\"position\":1,\"name\":\"Home\",\"item\":\"https:\\\/\\\/ovoclone.com\\\/en\\\/\"},{\"@type\":\"ListItem\",\"position\":2,\"name\":\"Work at Ovoclone\"}]},{\"@type\":\"WebSite\",\"@id\":\"https:\\\/\\\/ovoclone.com\\\/en\\\/#website\",\"url\":\"https:\\\/\\\/ovoclone.com\\\/en\\\/\",\"name\":\"Ovoclone\",\"description\":\"Ovoclone es la \u00fanica empresa en Espa\u00f1a especializada en clonaci\u00f3n de mascotas y preservaci\u00f3n celular de animales. Ofrecemos soluciones innovadoras para mantener la esencia gen\u00e9tica de perros, gatos y especies en peligro de extinci\u00f3n, combinando ciencia, tecnolog\u00eda y amor por los animales.\",\"publisher\":{\"@id\":\"https:\\\/\\\/ovoclone.com\\\/en\\\/#organization\"},\"alternateName\":\"Ovoclone\",\"potentialAction\":[{\"@type\":\"SearchAction\",\"target\":{\"@type\":\"EntryPoint\",\"urlTemplate\":\"https:\\\/\\\/ovoclone.com\\\/en\\\/?s={search_term_string}\"},\"query-input\":{\"@type\":\"PropertyValueSpecification\",\"valueRequired\":true,\"valueName\":\"search_term_string\"}}],\"inLanguage\":\"en-US\"},{\"@type\":\"Organization\",\"@id\":\"https:\\\/\\\/ovoclone.com\\\/en\\\/#organization\",\"name\":\"Ovoclone\",\"url\":\"https:\\\/\\\/ovoclone.com\\\/en\\\/\",\"logo\":{\"@type\":\"ImageObject\",\"inLanguage\":\"en-US\",\"@id\":\"https:\\\/\\\/ovoclone.com\\\/en\\\/#\\\/schema\\\/logo\\\/image\\\/\",\"url\":\"https:\\\/\\\/ovoclone.com\\\/wp-content\\\/uploads\\\/2025\\\/07\\\/Ovoclone-log.png\",\"contentUrl\":\"https:\\\/\\\/ovoclone.com\\\/wp-content\\\/uploads\\\/2025\\\/07\\\/Ovoclone-log.png\",\"width\":426,\"height\":114,\"caption\":\"Ovoclone\"},\"image\":{\"@id\":\"https:\\\/\\\/ovoclone.com\\\/en\\\/#\\\/schema\\\/logo\\\/image\\\/\"},\"sameAs\":[\"https:\\\/\\\/www.facebook.com\\\/ovoclone\",\"https:\\\/\\\/www.instagram.com\\\/ovoclone_\\\/\",\"https:\\\/\\\/www.linkedin.com\\\/company\\\/ovoclone\\\/\",\"https:\\\/\\\/www.youtube.com\\\/@Ovoclone\"]}]}<\/script>\n<!-- \/ Yoast SEO Premium plugin. -->","yoast_head_json":{"title":"Work at Ovoclone | Careers in Animal Cloning","description":"Join the Ovoclone team, a pioneering company in pet cloning and cell preservation. Send us your CV and become part of the team.","robots":{"index":"index","follow":"follow","max-snippet":"max-snippet:-1","max-image-preview":"max-image-preview:large","max-video-preview":"max-video-preview:-1"},"canonical":"https:\/\/ovoclone.com\/en\/work-at-ovoclone\/","og_locale":"en_US","og_type":"article","og_title":"Work at Ovoclone","og_description":"Join the Ovoclone team, a pioneering company in pet cloning and cell preservation. Send us your CV and become part of the team.","og_url":"https:\/\/ovoclone.com\/en\/work-at-ovoclone\/","og_site_name":"Ovoclone","article_publisher":"https:\/\/www.facebook.com\/ovoclone","article_modified_time":"2026-02-24T12:03:05+00:00","og_image":[{"width":1920,"height":640,"url":"https:\/\/ovoclone.com\/wp-content\/uploads\/2025\/09\/A746603-Mejorado-NR.webp","type":"image\/webp"}],"twitter_card":"summary_large_image","twitter_misc":{"Est. reading time":"4 minutes"},"schema":{"@context":"https:\/\/schema.org","@graph":[{"@type":"WebPage","@id":"https:\/\/ovoclone.com\/en\/work-at-ovoclone\/","url":"https:\/\/ovoclone.com\/en\/work-at-ovoclone\/","name":"Work at Ovoclone | Careers in Animal Cloning","isPartOf":{"@id":"https:\/\/ovoclone.com\/en\/#website"},"primaryImageOfPage":{"@id":"https:\/\/ovoclone.com\/en\/work-at-ovoclone\/#primaryimage"},"image":{"@id":"https:\/\/ovoclone.com\/en\/work-at-ovoclone\/#primaryimage"},"thumbnailUrl":"https:\/\/ovoclone.com\/wp-content\/uploads\/2025\/09\/A746603-Mejorado-NR.webp","datePublished":"2025-08-19T08:13:08+00:00","dateModified":"2026-02-24T12:03:05+00:00","description":"Join the Ovoclone team, a pioneering company in pet cloning and cell preservation. Send us your CV and become part of the team.","breadcrumb":{"@id":"https:\/\/ovoclone.com\/en\/work-at-ovoclone\/#breadcrumb"},"inLanguage":"en-US","potentialAction":[{"@type":"ReadAction","target":["https:\/\/ovoclone.com\/en\/work-at-ovoclone\/"]}]},{"@type":"ImageObject","inLanguage":"en-US","@id":"https:\/\/ovoclone.com\/en\/work-at-ovoclone\/#primaryimage","url":"https:\/\/ovoclone.com\/wp-content\/uploads\/2025\/09\/A746603-Mejorado-NR.webp","contentUrl":"https:\/\/ovoclone.com\/wp-content\/uploads\/2025\/09\/A746603-Mejorado-NR.webp","width":1920,"height":640},{"@type":"BreadcrumbList","@id":"https:\/\/ovoclone.com\/en\/work-at-ovoclone\/#breadcrumb","itemListElement":[{"@type":"ListItem","position":1,"name":"Home","item":"https:\/\/ovoclone.com\/en\/"},{"@type":"ListItem","position":2,"name":"Work at Ovoclone"}]},{"@type":"WebSite","@id":"https:\/\/ovoclone.com\/en\/#website","url":"https:\/\/ovoclone.com\/en\/","name":"Ovoclone","description":"Ovoclone es la \u00fanica empresa en Espa\u00f1a especializada en clonaci\u00f3n de mascotas y preservaci\u00f3n celular de animales. Ofrecemos soluciones innovadoras para mantener la esencia gen\u00e9tica de perros, gatos y especies en peligro de extinci\u00f3n, combinando ciencia, tecnolog\u00eda y amor por los animales.","publisher":{"@id":"https:\/\/ovoclone.com\/en\/#organization"},"alternateName":"Ovoclone","potentialAction":[{"@type":"SearchAction","target":{"@type":"EntryPoint","urlTemplate":"https:\/\/ovoclone.com\/en\/?s={search_term_string}"},"query-input":{"@type":"PropertyValueSpecification","valueRequired":true,"valueName":"search_term_string"}}],"inLanguage":"en-US"},{"@type":"Organization","@id":"https:\/\/ovoclone.com\/en\/#organization","name":"Ovoclone","url":"https:\/\/ovoclone.com\/en\/","logo":{"@type":"ImageObject","inLanguage":"en-US","@id":"https:\/\/ovoclone.com\/en\/#\/schema\/logo\/image\/","url":"https:\/\/ovoclone.com\/wp-content\/uploads\/2025\/07\/Ovoclone-log.png","contentUrl":"https:\/\/ovoclone.com\/wp-content\/uploads\/2025\/07\/Ovoclone-log.png","width":426,"height":114,"caption":"Ovoclone"},"image":{"@id":"https:\/\/ovoclone.com\/en\/#\/schema\/logo\/image\/"},"sameAs":["https:\/\/www.facebook.com\/ovoclone","https:\/\/www.instagram.com\/ovoclone_\/","https:\/\/www.linkedin.com\/company\/ovoclone\/","https:\/\/www.youtube.com\/@Ovoclone"]}]}},"_links":{"self":[{"href":"https:\/\/ovoclone.com\/en\/wp-json\/wp\/v2\/pages\/1851","targetHints":{"allow":["GET"]}}],"collection":[{"href":"https:\/\/ovoclone.com\/en\/wp-json\/wp\/v2\/pages"}],"about":[{"href":"https:\/\/ovoclone.com\/en\/wp-json\/wp\/v2\/types\/page"}],"author":[{"embeddable":true,"href":"https:\/\/ovoclone.com\/en\/wp-json\/wp\/v2\/users\/1"}],"replies":[{"embeddable":true,"href":"https:\/\/ovoclone.com\/en\/wp-json\/wp\/v2\/comments?post=1851"}],"version-history":[{"count":8,"href":"https:\/\/ovoclone.com\/en\/wp-json\/wp\/v2\/pages\/1851\/revisions"}],"predecessor-version":[{"id":7521,"href":"https:\/\/ovoclone.com\/en\/wp-json\/wp\/v2\/pages\/1851\/revisions\/7521"}],"wp:featuredmedia":[{"embeddable":true,"href":"https:\/\/ovoclone.com\/en\/wp-json\/wp\/v2\/media\/2772"}],"wp:attachment":[{"href":"https:\/\/ovoclone.com\/en\/wp-json\/wp\/v2\/media?parent=1851"}],"curies":[{"name":"wp","href":"https:\/\/api.w.org\/{rel}","templated":true}]}}