{"id":2748,"date":"2025-08-19T09:19:21","date_gmt":"2025-08-19T09:19:21","guid":{"rendered":"https:\/\/ovoclone.com\/processing-and-transfer-of-cvs\/"},"modified":"2025-09-09T12:27:40","modified_gmt":"2025-09-09T12:27:40","slug":"processing-and-transfer-of-cvs","status":"publish","type":"page","link":"https:\/\/ovoclone.com\/en\/processing-and-transfer-of-cvs\/","title":{"rendered":"Processing and transfer of CVs"},"content":{"rendered":"\t\t<div data-elementor-type=\"wp-page\" data-elementor-id=\"2748\" class=\"elementor elementor-2748 elementor-1469\" data-elementor-post-type=\"page\">\n\t\t\t\t<div class=\"elementor-element elementor-element-f616923 e-flex e-con-boxed e-con e-parent\" data-id=\"f616923\" data-element_type=\"container\" data-e-type=\"container\">\n\t\t\t\t\t<div class=\"e-con-inner\">\n\t\t\t\t<div class=\"elementor-element elementor-element-d717f87 elementor-widget elementor-widget-heading\" data-id=\"d717f87\" data-element_type=\"widget\" data-e-type=\"widget\" data-widget_type=\"heading.default\">\n\t\t\t\t\t<h2 class=\"elementor-heading-title elementor-size-default\">DATA CONTROLLER<\/h2>\t\t\t\t<\/div>\n\t\t\t\t<div class=\"elementor-element elementor-element-b3b2b72 elementor-widget elementor-widget-text-editor\" data-id=\"b3b2b72\" data-element_type=\"widget\" data-e-type=\"widget\" data-widget_type=\"text-editor.default\">\n\t\t\t\t\t\t\t\t\t<p>We inform you that the data contained in your CV will be processed in accordance with the provisions of Organic Law 03\/2018 and EU Regulation 679\/2016 on Data Protection, as well as any implementing, amending or, where appropriate, substituting regulations, and will be included in a processing file whose controller is OVOHORSE IBERICA SL., with registered office at AVDA SEVERO OCHOA, 67 \u2013 29603 MARBELLA. <\/p>\t\t\t\t\t\t\t\t<\/div>\n\t\t\t\t<div class=\"elementor-element elementor-element-0c75a4d elementor-widget elementor-widget-heading\" data-id=\"0c75a4d\" data-element_type=\"widget\" data-e-type=\"widget\" data-widget_type=\"heading.default\">\n\t\t\t\t\t<h2 class=\"elementor-heading-title elementor-size-default\">PROCESSING OF CURRICULUM VITAE<\/h2>\t\t\t\t<\/div>\n\t\t\t\t<div class=\"elementor-element elementor-element-65b069b elementor-widget elementor-widget-text-editor\" data-id=\"65b069b\" data-element_type=\"widget\" data-e-type=\"widget\" data-widget_type=\"text-editor.default\">\n\t\t\t\t\t\t\t\t\t<p>The purpose of processing your data is to pursue your job application and manage the possible recruitment process, which may include participation in various selection tests. Your data may be transferred to group companies in order to take part in subsequent recruitment processes or if there is a legal obligation. <\/p><p>CVs that have not been updated for more than 24 months will be deleted or blocked to prevent their consultation. In any case, the data provided will be retained while the recruitment process remains open. <\/p>\t\t\t\t\t\t\t\t<\/div>\n\t\t\t\t<div class=\"elementor-element elementor-element-0d0f715 elementor-widget elementor-widget-heading\" data-id=\"0d0f715\" data-element_type=\"widget\" data-e-type=\"widget\" data-widget_type=\"heading.default\">\n\t\t\t\t\t<h2 class=\"elementor-heading-title elementor-size-default\">RIGHTS OF DATA SUBJECTS<\/h2>\t\t\t\t<\/div>\n\t\t\t\t<div class=\"elementor-element elementor-element-26eab08 elementor-widget elementor-widget-text-editor\" data-id=\"26eab08\" data-element_type=\"widget\" data-e-type=\"widget\" data-widget_type=\"text-editor.default\">\n\t\t\t\t\t\t\t\t\t<p>You may exercise your rights of access, rectification or erasure, restriction of processing, objection, data portability, and to object to automated individual decision-making via the email info@ovoclone.com or by writing to the following address: OVOHORSE IBERICA SL, AVDA SEVERO OCHOA, 67 \u2013 29603 MARBELLA.<\/p><p>You may also withdraw your consent if you have given it for a specific purpose, and you may change your preferences at any time.<\/p>\t\t\t\t\t\t\t\t<\/div>\n\t\t\t\t<div class=\"elementor-element elementor-element-4971b6c elementor-widget elementor-widget-heading\" data-id=\"4971b6c\" data-element_type=\"widget\" data-e-type=\"widget\" data-widget_type=\"heading.default\">\n\t\t\t\t\t<h2 class=\"elementor-heading-title elementor-size-default\">LEGAL NOTICE AND PRIVACY POLICY: GENERAL CONDITIONS<\/h2>\t\t\t\t<\/div>\n\t\t\t\t<div class=\"elementor-element elementor-element-70e5ae3 elementor-widget elementor-widget-text-editor\" data-id=\"70e5ae3\" data-element_type=\"widget\" data-e-type=\"widget\" data-widget_type=\"text-editor.default\">\n\t\t\t\t\t\t\t\t\t<p>In addition to the special conditions applicable to our Recruitment Processes, our general terms of Legal Notice and Privacy Policy shall also apply to all matters not expressly covered in this Notice, which you may consult in our <a href=\"https:\/\/ovoclone.com\/en\/privacy-policy\/\">privacy policy<\/a>.<\/p><p>DATA SUBJECTS WHO DO NOT AGREE WITH THIS POLICY MUST NOT ENTER ANY DATA THROUGH THIS WEBSITE, ACCESS THE CONTENT OF THIS WEBSITE, OR SEND US THEIR CV.<\/p>\t\t\t\t\t\t\t\t<\/div>\n\t\t\t\t\t<\/div>\n\t\t\t\t<\/div>\n\t\t\t\t<\/div>\n\t\t","protected":false},"excerpt":{"rendered":"<p>DATA CONTROLLER We inform you that the data contained in your CV will be processed in accordance with the provisions of Organic Law 03\/2018 and EU Regulation 679\/2016 on Data Protection, as well as any implementing, amending or, where appropriate, substituting regulations, and will be included in a processing file whose controller is OVOHORSE IBERICA [&hellip;]<\/p>\n","protected":false},"author":1,"featured_media":1405,"parent":0,"menu_order":0,"comment_status":"closed","ping_status":"closed","template":"elementor_header_footer","meta":{"_acf_changed":false,"inline_featured_image":false,"footnotes":""},"class_list":["post-2748","page","type-page","status-publish","has-post-thumbnail","hentry"],"acf":[],"yoast_head":"<!-- This site is optimized with the Yoast SEO Premium plugin v27.4 (Yoast SEO v27.4) - https:\/\/yoast.com\/product\/yoast-seo-premium-wordpress\/ -->\n<title>Processing and transfer of CVs | Ovoclone<\/title>\n<meta name=\"robots\" content=\"noindex, nofollow\" \/>\n<meta property=\"og:locale\" content=\"en_US\" \/>\n<meta property=\"og:type\" content=\"article\" \/>\n<meta property=\"og:title\" content=\"Processing and transfer of CVs\" \/>\n<meta property=\"og:description\" content=\"DATA CONTROLLER We inform you that the data contained in your CV will be processed in accordance with the provisions of Organic Law 03\/2018 and EU Regulation 679\/2016 on Data Protection, as well as any implementing, amending or, where appropriate, substituting regulations, and will be included in a processing file whose controller is OVOHORSE IBERICA [&hellip;]\" \/>\n<meta property=\"og:url\" content=\"https:\/\/ovoclone.com\/en\/processing-and-transfer-of-cvs\/\" \/>\n<meta property=\"og:site_name\" content=\"Ovoclone\" \/>\n<meta property=\"article:publisher\" content=\"https:\/\/www.facebook.com\/ovoclone\" \/>\n<meta property=\"article:modified_time\" content=\"2025-09-09T12:27:40+00:00\" \/>\n<meta property=\"og:image\" content=\"https:\/\/ovoclone.com\/wp-content\/uploads\/2025\/08\/Embriologa-Ovohorse-768x354-1.webp\" \/>\n\t<meta property=\"og:image:width\" content=\"768\" \/>\n\t<meta property=\"og:image:height\" content=\"354\" \/>\n\t<meta property=\"og:image:type\" content=\"image\/webp\" \/>\n<meta name=\"twitter:card\" content=\"summary_large_image\" \/>\n<meta name=\"twitter:label1\" content=\"Est. reading time\" \/>\n\t<meta name=\"twitter:data1\" content=\"1 minute\" \/>\n<script type=\"application\/ld+json\" class=\"yoast-schema-graph\">{\"@context\":\"https:\\\/\\\/schema.org\",\"@graph\":[{\"@type\":\"WebPage\",\"@id\":\"https:\\\/\\\/ovoclone.com\\\/en\\\/processing-and-transfer-of-cvs\\\/\",\"url\":\"https:\\\/\\\/ovoclone.com\\\/en\\\/processing-and-transfer-of-cvs\\\/\",\"name\":\"Processing and transfer of CVs | Ovoclone\",\"isPartOf\":{\"@id\":\"https:\\\/\\\/ovoclone.com\\\/en\\\/#website\"},\"primaryImageOfPage\":{\"@id\":\"https:\\\/\\\/ovoclone.com\\\/en\\\/processing-and-transfer-of-cvs\\\/#primaryimage\"},\"image\":{\"@id\":\"https:\\\/\\\/ovoclone.com\\\/en\\\/processing-and-transfer-of-cvs\\\/#primaryimage\"},\"thumbnailUrl\":\"https:\\\/\\\/ovoclone.com\\\/wp-content\\\/uploads\\\/2025\\\/08\\\/Embriologa-Ovohorse-768x354-1.webp\",\"datePublished\":\"2025-08-19T09:19:21+00:00\",\"dateModified\":\"2025-09-09T12:27:40+00:00\",\"breadcrumb\":{\"@id\":\"https:\\\/\\\/ovoclone.com\\\/en\\\/processing-and-transfer-of-cvs\\\/#breadcrumb\"},\"inLanguage\":\"en-US\",\"potentialAction\":[{\"@type\":\"ReadAction\",\"target\":[\"https:\\\/\\\/ovoclone.com\\\/en\\\/processing-and-transfer-of-cvs\\\/\"]}]},{\"@type\":\"ImageObject\",\"inLanguage\":\"en-US\",\"@id\":\"https:\\\/\\\/ovoclone.com\\\/en\\\/processing-and-transfer-of-cvs\\\/#primaryimage\",\"url\":\"https:\\\/\\\/ovoclone.com\\\/wp-content\\\/uploads\\\/2025\\\/08\\\/Embriologa-Ovohorse-768x354-1.webp\",\"contentUrl\":\"https:\\\/\\\/ovoclone.com\\\/wp-content\\\/uploads\\\/2025\\\/08\\\/Embriologa-Ovohorse-768x354-1.webp\",\"width\":768,\"height\":354},{\"@type\":\"BreadcrumbList\",\"@id\":\"https:\\\/\\\/ovoclone.com\\\/en\\\/processing-and-transfer-of-cvs\\\/#breadcrumb\",\"itemListElement\":[{\"@type\":\"ListItem\",\"position\":1,\"name\":\"Home\",\"item\":\"https:\\\/\\\/ovoclone.com\\\/en\\\/\"},{\"@type\":\"ListItem\",\"position\":2,\"name\":\"Processing and transfer of CVs\"}]},{\"@type\":\"WebSite\",\"@id\":\"https:\\\/\\\/ovoclone.com\\\/en\\\/#website\",\"url\":\"https:\\\/\\\/ovoclone.com\\\/en\\\/\",\"name\":\"Ovoclone\",\"description\":\"Ovoclone es la \u00fanica empresa en Espa\u00f1a especializada en clonaci\u00f3n de mascotas y preservaci\u00f3n celular de animales. Ofrecemos soluciones innovadoras para mantener la esencia gen\u00e9tica de perros, gatos y especies en peligro de extinci\u00f3n, combinando ciencia, tecnolog\u00eda y amor por los animales.\",\"publisher\":{\"@id\":\"https:\\\/\\\/ovoclone.com\\\/en\\\/#organization\"},\"alternateName\":\"Ovoclone\",\"potentialAction\":[{\"@type\":\"SearchAction\",\"target\":{\"@type\":\"EntryPoint\",\"urlTemplate\":\"https:\\\/\\\/ovoclone.com\\\/en\\\/?s={search_term_string}\"},\"query-input\":{\"@type\":\"PropertyValueSpecification\",\"valueRequired\":true,\"valueName\":\"search_term_string\"}}],\"inLanguage\":\"en-US\"},{\"@type\":\"Organization\",\"@id\":\"https:\\\/\\\/ovoclone.com\\\/en\\\/#organization\",\"name\":\"Ovoclone\",\"url\":\"https:\\\/\\\/ovoclone.com\\\/en\\\/\",\"logo\":{\"@type\":\"ImageObject\",\"inLanguage\":\"en-US\",\"@id\":\"https:\\\/\\\/ovoclone.com\\\/en\\\/#\\\/schema\\\/logo\\\/image\\\/\",\"url\":\"https:\\\/\\\/ovoclone.com\\\/wp-content\\\/uploads\\\/2025\\\/07\\\/Ovoclone-log.png\",\"contentUrl\":\"https:\\\/\\\/ovoclone.com\\\/wp-content\\\/uploads\\\/2025\\\/07\\\/Ovoclone-log.png\",\"width\":426,\"height\":114,\"caption\":\"Ovoclone\"},\"image\":{\"@id\":\"https:\\\/\\\/ovoclone.com\\\/en\\\/#\\\/schema\\\/logo\\\/image\\\/\"},\"sameAs\":[\"https:\\\/\\\/www.facebook.com\\\/ovoclone\",\"https:\\\/\\\/www.instagram.com\\\/ovoclone_\\\/\",\"https:\\\/\\\/www.linkedin.com\\\/company\\\/ovoclone\\\/\",\"https:\\\/\\\/www.youtube.com\\\/@Ovoclone\"]}]}<\/script>\n<!-- \/ Yoast SEO Premium plugin. -->","yoast_head_json":{"title":"Processing and transfer of CVs | Ovoclone","robots":{"index":"noindex","follow":"nofollow"},"og_locale":"en_US","og_type":"article","og_title":"Processing and transfer of CVs","og_description":"DATA CONTROLLER We inform you that the data contained in your CV will be processed in accordance with the provisions of Organic Law 03\/2018 and EU Regulation 679\/2016 on Data Protection, as well as any implementing, amending or, where appropriate, substituting regulations, and will be included in a processing file whose controller is OVOHORSE IBERICA [&hellip;]","og_url":"https:\/\/ovoclone.com\/en\/processing-and-transfer-of-cvs\/","og_site_name":"Ovoclone","article_publisher":"https:\/\/www.facebook.com\/ovoclone","article_modified_time":"2025-09-09T12:27:40+00:00","og_image":[{"width":768,"height":354,"url":"https:\/\/ovoclone.com\/wp-content\/uploads\/2025\/08\/Embriologa-Ovohorse-768x354-1.webp","type":"image\/webp"}],"twitter_card":"summary_large_image","twitter_misc":{"Est. reading time":"1 minute"},"schema":{"@context":"https:\/\/schema.org","@graph":[{"@type":"WebPage","@id":"https:\/\/ovoclone.com\/en\/processing-and-transfer-of-cvs\/","url":"https:\/\/ovoclone.com\/en\/processing-and-transfer-of-cvs\/","name":"Processing and transfer of CVs | Ovoclone","isPartOf":{"@id":"https:\/\/ovoclone.com\/en\/#website"},"primaryImageOfPage":{"@id":"https:\/\/ovoclone.com\/en\/processing-and-transfer-of-cvs\/#primaryimage"},"image":{"@id":"https:\/\/ovoclone.com\/en\/processing-and-transfer-of-cvs\/#primaryimage"},"thumbnailUrl":"https:\/\/ovoclone.com\/wp-content\/uploads\/2025\/08\/Embriologa-Ovohorse-768x354-1.webp","datePublished":"2025-08-19T09:19:21+00:00","dateModified":"2025-09-09T12:27:40+00:00","breadcrumb":{"@id":"https:\/\/ovoclone.com\/en\/processing-and-transfer-of-cvs\/#breadcrumb"},"inLanguage":"en-US","potentialAction":[{"@type":"ReadAction","target":["https:\/\/ovoclone.com\/en\/processing-and-transfer-of-cvs\/"]}]},{"@type":"ImageObject","inLanguage":"en-US","@id":"https:\/\/ovoclone.com\/en\/processing-and-transfer-of-cvs\/#primaryimage","url":"https:\/\/ovoclone.com\/wp-content\/uploads\/2025\/08\/Embriologa-Ovohorse-768x354-1.webp","contentUrl":"https:\/\/ovoclone.com\/wp-content\/uploads\/2025\/08\/Embriologa-Ovohorse-768x354-1.webp","width":768,"height":354},{"@type":"BreadcrumbList","@id":"https:\/\/ovoclone.com\/en\/processing-and-transfer-of-cvs\/#breadcrumb","itemListElement":[{"@type":"ListItem","position":1,"name":"Home","item":"https:\/\/ovoclone.com\/en\/"},{"@type":"ListItem","position":2,"name":"Processing and transfer of CVs"}]},{"@type":"WebSite","@id":"https:\/\/ovoclone.com\/en\/#website","url":"https:\/\/ovoclone.com\/en\/","name":"Ovoclone","description":"Ovoclone es la \u00fanica empresa en Espa\u00f1a especializada en clonaci\u00f3n de mascotas y preservaci\u00f3n celular de animales. Ofrecemos soluciones innovadoras para mantener la esencia gen\u00e9tica de perros, gatos y especies en peligro de extinci\u00f3n, combinando ciencia, tecnolog\u00eda y amor por los animales.","publisher":{"@id":"https:\/\/ovoclone.com\/en\/#organization"},"alternateName":"Ovoclone","potentialAction":[{"@type":"SearchAction","target":{"@type":"EntryPoint","urlTemplate":"https:\/\/ovoclone.com\/en\/?s={search_term_string}"},"query-input":{"@type":"PropertyValueSpecification","valueRequired":true,"valueName":"search_term_string"}}],"inLanguage":"en-US"},{"@type":"Organization","@id":"https:\/\/ovoclone.com\/en\/#organization","name":"Ovoclone","url":"https:\/\/ovoclone.com\/en\/","logo":{"@type":"ImageObject","inLanguage":"en-US","@id":"https:\/\/ovoclone.com\/en\/#\/schema\/logo\/image\/","url":"https:\/\/ovoclone.com\/wp-content\/uploads\/2025\/07\/Ovoclone-log.png","contentUrl":"https:\/\/ovoclone.com\/wp-content\/uploads\/2025\/07\/Ovoclone-log.png","width":426,"height":114,"caption":"Ovoclone"},"image":{"@id":"https:\/\/ovoclone.com\/en\/#\/schema\/logo\/image\/"},"sameAs":["https:\/\/www.facebook.com\/ovoclone","https:\/\/www.instagram.com\/ovoclone_\/","https:\/\/www.linkedin.com\/company\/ovoclone\/","https:\/\/www.youtube.com\/@Ovoclone"]}]}},"_links":{"self":[{"href":"https:\/\/ovoclone.com\/en\/wp-json\/wp\/v2\/pages\/2748","targetHints":{"allow":["GET"]}}],"collection":[{"href":"https:\/\/ovoclone.com\/en\/wp-json\/wp\/v2\/pages"}],"about":[{"href":"https:\/\/ovoclone.com\/en\/wp-json\/wp\/v2\/types\/page"}],"author":[{"embeddable":true,"href":"https:\/\/ovoclone.com\/en\/wp-json\/wp\/v2\/users\/1"}],"replies":[{"embeddable":true,"href":"https:\/\/ovoclone.com\/en\/wp-json\/wp\/v2\/comments?post=2748"}],"version-history":[{"count":1,"href":"https:\/\/ovoclone.com\/en\/wp-json\/wp\/v2\/pages\/2748\/revisions"}],"predecessor-version":[{"id":2749,"href":"https:\/\/ovoclone.com\/en\/wp-json\/wp\/v2\/pages\/2748\/revisions\/2749"}],"wp:featuredmedia":[{"embeddable":true,"href":"https:\/\/ovoclone.com\/en\/wp-json\/wp\/v2\/media\/1405"}],"wp:attachment":[{"href":"https:\/\/ovoclone.com\/en\/wp-json\/wp\/v2\/media?parent=2748"}],"curies":[{"name":"wp","href":"https:\/\/api.w.org\/{rel}","templated":true}]}}