{"id":2750,"date":"2025-08-19T09:19:21","date_gmt":"2025-08-19T09:19:21","guid":{"rendered":"https:\/\/ovoclone.com\/traitement-et-transmission-de-cv\/"},"modified":"2025-09-09T12:28:23","modified_gmt":"2025-09-09T12:28:23","slug":"traitement-et-transmission-de-cv","status":"publish","type":"page","link":"https:\/\/ovoclone.com\/fr\/traitement-et-transmission-de-cv\/","title":{"rendered":"Traitement et transmission de CV"},"content":{"rendered":"\t\t<div data-elementor-type=\"wp-page\" data-elementor-id=\"2750\" class=\"elementor elementor-2750 elementor-1469\" data-elementor-post-type=\"page\">\n\t\t\t\t<div class=\"elementor-element elementor-element-f616923 e-flex e-con-boxed e-con e-parent\" data-id=\"f616923\" data-element_type=\"container\" data-e-type=\"container\">\n\t\t\t\t\t<div class=\"e-con-inner\">\n\t\t\t\t<div class=\"elementor-element elementor-element-d717f87 elementor-widget elementor-widget-heading\" data-id=\"d717f87\" data-element_type=\"widget\" data-e-type=\"widget\" data-widget_type=\"heading.default\">\n\t\t\t\t\t<h2 class=\"elementor-heading-title elementor-size-default\">RESPONSABLE DU TRAITEMENT DES DONN\u00c9ES PERSONNELLES<\/h2>\t\t\t\t<\/div>\n\t\t\t\t<div class=\"elementor-element elementor-element-b3b2b72 elementor-widget elementor-widget-text-editor\" data-id=\"b3b2b72\" data-element_type=\"widget\" data-e-type=\"widget\" data-widget_type=\"text-editor.default\">\n\t\t\t\t\t\t\t\t\t<p>Nous vous informons que les donn\u00e9es de votre CV seront trait\u00e9es conform\u00e9ment aux dispositions de la Loi Organique 03\/2018 et du R\u00e8glement UE 679\/2016 relatifs \u00e0 la Protection des Donn\u00e9es, ainsi qu\u2019\u00e0 leur r\u00e9glementation de d\u00e9veloppement, de modification ou, le cas \u00e9ch\u00e9ant, de remplacement, et seront incluses dans un fichier de traitement dont le responsable est OVOHORSE IBERICA SL., ayant son si\u00e8ge social \u00e0 AVDA SEVERO OCHOA, 67 \u2013 29603 MARBELLA. <\/p>\t\t\t\t\t\t\t\t<\/div>\n\t\t\t\t<div class=\"elementor-element elementor-element-0c75a4d elementor-widget elementor-widget-heading\" data-id=\"0c75a4d\" data-element_type=\"widget\" data-e-type=\"widget\" data-widget_type=\"heading.default\">\n\t\t\t\t\t<h2 class=\"elementor-heading-title elementor-size-default\">TRAITEMENT DU CURRICULUM VITAE<\/h2>\t\t\t\t<\/div>\n\t\t\t\t<div class=\"elementor-element elementor-element-65b069b elementor-widget elementor-widget-text-editor\" data-id=\"65b069b\" data-element_type=\"widget\" data-e-type=\"widget\" data-widget_type=\"text-editor.default\">\n\t\t\t\t\t\t\t\t\t<p>La finalit\u00e9 du traitement de vos donn\u00e9es est de donner suite \u00e0 votre demande d\u2019emploi et de g\u00e9rer le processus de s\u00e9lection \u00e9ventuel, ce qui peut inclure la participation \u00e0 diff\u00e9rentes \u00e9preuves de s\u00e9lection. Vos donn\u00e9es pourront \u00eatre communiqu\u00e9es aux soci\u00e9t\u00e9s du groupe afin de participer \u00e0 de futurs processus de s\u00e9lection du personnel ou en cas d\u2019obligation l\u00e9gale. <\/p><p>Les CV qui n\u2019ont pas \u00e9t\u00e9 mis \u00e0 jour depuis plus de 24 mois seront supprim\u00e9s ou bloqu\u00e9s afin d\u2019emp\u00eacher leur consultation. En tout \u00e9tat de cause, les donn\u00e9es fournies seront conserv\u00e9es tant que le processus de s\u00e9lection restera ouvert. <\/p>\t\t\t\t\t\t\t\t<\/div>\n\t\t\t\t<div class=\"elementor-element elementor-element-0d0f715 elementor-widget elementor-widget-heading\" data-id=\"0d0f715\" data-element_type=\"widget\" data-e-type=\"widget\" data-widget_type=\"heading.default\">\n\t\t\t\t\t<h2 class=\"elementor-heading-title elementor-size-default\">DROITS DES PERSONNES CONCERN\u00c9ES<\/h2>\t\t\t\t<\/div>\n\t\t\t\t<div class=\"elementor-element elementor-element-26eab08 elementor-widget elementor-widget-text-editor\" data-id=\"26eab08\" data-element_type=\"widget\" data-e-type=\"widget\" data-widget_type=\"text-editor.default\">\n\t\t\t\t\t\t\t\t\t<p>Vous pouvez exercer vos droits d\u2019acc\u00e8s, de rectification ou d\u2019effacement, la limitation du traitement, d\u2019opposition, la portabilit\u00e9 des donn\u00e9es, ainsi que vous opposer aux d\u00e9cisions individuelles automatis\u00e9es par e-mail \u00e0 l\u2019adresse info@ovoclone.com ou par courrier \u00e0 l\u2019adresse suivante : OVOHORSE IBERICA SL, AVDA SEVERO OCHOA, 67 \u2013 29603 MARBELLA.<\/p><p>Vous pouvez \u00e9galement r\u00e9voquer votre consentement si vous l\u2019avez accord\u00e9 pour une finalit\u00e9 sp\u00e9cifique, et vous pouvez modifier vos pr\u00e9f\u00e9rences \u00e0 tout moment.<\/p>\t\t\t\t\t\t\t\t<\/div>\n\t\t\t\t<div class=\"elementor-element elementor-element-4971b6c elementor-widget elementor-widget-heading\" data-id=\"4971b6c\" data-element_type=\"widget\" data-e-type=\"widget\" data-widget_type=\"heading.default\">\n\t\t\t\t\t<h2 class=\"elementor-heading-title elementor-size-default\">MENTIONS L\u00c9GALES ET POLITIQUE DE CONFIDENTIALIT\u00c9 : CONDITIONS G\u00c9N\u00c9RALES<\/h2>\t\t\t\t<\/div>\n\t\t\t\t<div class=\"elementor-element elementor-element-70e5ae3 elementor-widget elementor-widget-text-editor\" data-id=\"70e5ae3\" data-element_type=\"widget\" data-e-type=\"widget\" data-widget_type=\"text-editor.default\">\n\t\t\t\t\t\t\t\t\t<p>En plus des conditions sp\u00e9ciales applicables \u00e0 nos Processus de S\u00e9lection, nos conditions g\u00e9n\u00e9rales de Mentions L\u00e9gales et de Politique de Confidentialit\u00e9 s\u2019appliquent \u00e9galement \u00e0 tout ce qui n\u2019est pas express\u00e9ment pr\u00e9vu dans le pr\u00e9sent Avis, et que vous pouvez consulter dans notre <a href=\"https:\/\/ovoclone.com\/fr\/politique-de-confidentialite\/\">politique de confidentialit\u00e9<\/a>.<\/p><p>LES PERSONNES CONCERN\u00c9ES QUI NE SONT PAS D\u2019ACCORD AVEC CETTE POLITIQUE NE DOIVENT SAISIR AUCUNE DONN\u00c9E VIA CE SITE WEB, NI ACC\u00c9DER AU CONTENU DE CE SITE, NI NOUS ENVOYER LEUR CV.<\/p>\t\t\t\t\t\t\t\t<\/div>\n\t\t\t\t\t<\/div>\n\t\t\t\t<\/div>\n\t\t\t\t<\/div>\n\t\t","protected":false},"excerpt":{"rendered":"<p>RESPONSABLE DU TRAITEMENT DES DONN\u00c9ES PERSONNELLES Nous vous informons que les donn\u00e9es de votre CV seront trait\u00e9es conform\u00e9ment aux dispositions de la Loi Organique 03\/2018 et du R\u00e8glement UE 679\/2016 relatifs \u00e0 la Protection des Donn\u00e9es, ainsi qu\u2019\u00e0 leur r\u00e9glementation de d\u00e9veloppement, de modification ou, le cas \u00e9ch\u00e9ant, de remplacement, et seront incluses dans un [&hellip;]<\/p>\n","protected":false},"author":1,"featured_media":1406,"parent":0,"menu_order":0,"comment_status":"closed","ping_status":"closed","template":"elementor_header_footer","meta":{"_acf_changed":false,"inline_featured_image":false,"footnotes":""},"class_list":["post-2750","page","type-page","status-publish","has-post-thumbnail","hentry"],"acf":[],"yoast_head":"<!-- This site is optimized with the Yoast SEO Premium plugin v27.4 (Yoast SEO v27.4) - https:\/\/yoast.com\/product\/yoast-seo-premium-wordpress\/ -->\n<title>Traitement et transmission de CV | Ovoclone<\/title>\n<meta name=\"robots\" content=\"noindex, nofollow\" \/>\n<meta property=\"og:locale\" content=\"fr_FR\" \/>\n<meta property=\"og:type\" content=\"article\" \/>\n<meta property=\"og:title\" content=\"Traitement et transmission de CV\" \/>\n<meta property=\"og:description\" content=\"RESPONSABLE DU TRAITEMENT DES DONN\u00c9ES PERSONNELLES Nous vous informons que les donn\u00e9es de votre CV seront trait\u00e9es conform\u00e9ment aux dispositions de la Loi Organique 03\/2018 et du R\u00e8glement UE 679\/2016 relatifs \u00e0 la Protection des Donn\u00e9es, ainsi qu\u2019\u00e0 leur r\u00e9glementation de d\u00e9veloppement, de modification ou, le cas \u00e9ch\u00e9ant, de remplacement, et seront incluses dans un [&hellip;]\" \/>\n<meta property=\"og:url\" content=\"https:\/\/ovoclone.com\/fr\/traitement-et-transmission-de-cv\/\" \/>\n<meta property=\"og:site_name\" content=\"Ovoclone\" \/>\n<meta property=\"article:publisher\" content=\"https:\/\/www.facebook.com\/ovoclone\" \/>\n<meta property=\"article:modified_time\" content=\"2025-09-09T12:28:23+00:00\" \/>\n<meta property=\"og:image\" content=\"https:\/\/ovoclone.com\/wp-content\/uploads\/2025\/08\/Embriologa-Ovohorse-768x354-1.webp\" \/>\n\t<meta property=\"og:image:width\" content=\"768\" \/>\n\t<meta property=\"og:image:height\" content=\"354\" \/>\n\t<meta property=\"og:image:type\" content=\"image\/webp\" \/>\n<meta name=\"twitter:card\" content=\"summary_large_image\" \/>\n<meta name=\"twitter:label1\" content=\"Dur\u00e9e de lecture estim\u00e9e\" \/>\n\t<meta name=\"twitter:data1\" content=\"2 minutes\" \/>\n<script type=\"application\/ld+json\" class=\"yoast-schema-graph\">{\"@context\":\"https:\\\/\\\/schema.org\",\"@graph\":[{\"@type\":\"WebPage\",\"@id\":\"https:\\\/\\\/ovoclone.com\\\/fr\\\/traitement-et-transmission-de-cv\\\/\",\"url\":\"https:\\\/\\\/ovoclone.com\\\/fr\\\/traitement-et-transmission-de-cv\\\/\",\"name\":\"Traitement et transmission de CV | Ovoclone\",\"isPartOf\":{\"@id\":\"https:\\\/\\\/ovoclone.com\\\/fr\\\/#website\"},\"primaryImageOfPage\":{\"@id\":\"https:\\\/\\\/ovoclone.com\\\/fr\\\/traitement-et-transmission-de-cv\\\/#primaryimage\"},\"image\":{\"@id\":\"https:\\\/\\\/ovoclone.com\\\/fr\\\/traitement-et-transmission-de-cv\\\/#primaryimage\"},\"thumbnailUrl\":\"https:\\\/\\\/ovoclone.com\\\/wp-content\\\/uploads\\\/2025\\\/08\\\/Embriologa-Ovohorse-768x354-1.webp\",\"datePublished\":\"2025-08-19T09:19:21+00:00\",\"dateModified\":\"2025-09-09T12:28:23+00:00\",\"breadcrumb\":{\"@id\":\"https:\\\/\\\/ovoclone.com\\\/fr\\\/traitement-et-transmission-de-cv\\\/#breadcrumb\"},\"inLanguage\":\"fr-FR\",\"potentialAction\":[{\"@type\":\"ReadAction\",\"target\":[\"https:\\\/\\\/ovoclone.com\\\/fr\\\/traitement-et-transmission-de-cv\\\/\"]}]},{\"@type\":\"ImageObject\",\"inLanguage\":\"fr-FR\",\"@id\":\"https:\\\/\\\/ovoclone.com\\\/fr\\\/traitement-et-transmission-de-cv\\\/#primaryimage\",\"url\":\"https:\\\/\\\/ovoclone.com\\\/wp-content\\\/uploads\\\/2025\\\/08\\\/Embriologa-Ovohorse-768x354-1.webp\",\"contentUrl\":\"https:\\\/\\\/ovoclone.com\\\/wp-content\\\/uploads\\\/2025\\\/08\\\/Embriologa-Ovohorse-768x354-1.webp\",\"width\":768,\"height\":354},{\"@type\":\"BreadcrumbList\",\"@id\":\"https:\\\/\\\/ovoclone.com\\\/fr\\\/traitement-et-transmission-de-cv\\\/#breadcrumb\",\"itemListElement\":[{\"@type\":\"ListItem\",\"position\":1,\"name\":\"Home\",\"item\":\"https:\\\/\\\/ovoclone.com\\\/fr\\\/\"},{\"@type\":\"ListItem\",\"position\":2,\"name\":\"Traitement et transmission de CV\"}]},{\"@type\":\"WebSite\",\"@id\":\"https:\\\/\\\/ovoclone.com\\\/fr\\\/#website\",\"url\":\"https:\\\/\\\/ovoclone.com\\\/fr\\\/\",\"name\":\"Ovoclone\",\"description\":\"Ovoclone es la \u00fanica empresa en Espa\u00f1a especializada en clonaci\u00f3n de mascotas y preservaci\u00f3n celular de animales. Ofrecemos soluciones innovadoras para mantener la esencia gen\u00e9tica de perros, gatos y especies en peligro de extinci\u00f3n, combinando ciencia, tecnolog\u00eda y amor por los animales.\",\"publisher\":{\"@id\":\"https:\\\/\\\/ovoclone.com\\\/fr\\\/#organization\"},\"alternateName\":\"Ovoclone\",\"potentialAction\":[{\"@type\":\"SearchAction\",\"target\":{\"@type\":\"EntryPoint\",\"urlTemplate\":\"https:\\\/\\\/ovoclone.com\\\/fr\\\/?s={search_term_string}\"},\"query-input\":{\"@type\":\"PropertyValueSpecification\",\"valueRequired\":true,\"valueName\":\"search_term_string\"}}],\"inLanguage\":\"fr-FR\"},{\"@type\":\"Organization\",\"@id\":\"https:\\\/\\\/ovoclone.com\\\/fr\\\/#organization\",\"name\":\"Ovoclone\",\"url\":\"https:\\\/\\\/ovoclone.com\\\/fr\\\/\",\"logo\":{\"@type\":\"ImageObject\",\"inLanguage\":\"fr-FR\",\"@id\":\"https:\\\/\\\/ovoclone.com\\\/fr\\\/#\\\/schema\\\/logo\\\/image\\\/\",\"url\":\"https:\\\/\\\/ovoclone.com\\\/wp-content\\\/uploads\\\/2025\\\/07\\\/Ovoclone-log.png\",\"contentUrl\":\"https:\\\/\\\/ovoclone.com\\\/wp-content\\\/uploads\\\/2025\\\/07\\\/Ovoclone-log.png\",\"width\":426,\"height\":114,\"caption\":\"Ovoclone\"},\"image\":{\"@id\":\"https:\\\/\\\/ovoclone.com\\\/fr\\\/#\\\/schema\\\/logo\\\/image\\\/\"},\"sameAs\":[\"https:\\\/\\\/www.facebook.com\\\/ovoclone\",\"https:\\\/\\\/www.instagram.com\\\/ovoclone_\\\/\",\"https:\\\/\\\/www.linkedin.com\\\/company\\\/ovoclone\\\/\",\"https:\\\/\\\/www.youtube.com\\\/@Ovoclone\"]}]}<\/script>\n<!-- \/ Yoast SEO Premium plugin. -->","yoast_head_json":{"title":"Traitement et transmission de CV | Ovoclone","robots":{"index":"noindex","follow":"nofollow"},"og_locale":"fr_FR","og_type":"article","og_title":"Traitement et transmission de CV","og_description":"RESPONSABLE DU TRAITEMENT DES DONN\u00c9ES PERSONNELLES Nous vous informons que les donn\u00e9es de votre CV seront trait\u00e9es conform\u00e9ment aux dispositions de la Loi Organique 03\/2018 et du R\u00e8glement UE 679\/2016 relatifs \u00e0 la Protection des Donn\u00e9es, ainsi qu\u2019\u00e0 leur r\u00e9glementation de d\u00e9veloppement, de modification ou, le cas \u00e9ch\u00e9ant, de remplacement, et seront incluses dans un [&hellip;]","og_url":"https:\/\/ovoclone.com\/fr\/traitement-et-transmission-de-cv\/","og_site_name":"Ovoclone","article_publisher":"https:\/\/www.facebook.com\/ovoclone","article_modified_time":"2025-09-09T12:28:23+00:00","og_image":[{"width":768,"height":354,"url":"https:\/\/ovoclone.com\/wp-content\/uploads\/2025\/08\/Embriologa-Ovohorse-768x354-1.webp","type":"image\/webp"}],"twitter_card":"summary_large_image","twitter_misc":{"Dur\u00e9e de lecture estim\u00e9e":"2 minutes"},"schema":{"@context":"https:\/\/schema.org","@graph":[{"@type":"WebPage","@id":"https:\/\/ovoclone.com\/fr\/traitement-et-transmission-de-cv\/","url":"https:\/\/ovoclone.com\/fr\/traitement-et-transmission-de-cv\/","name":"Traitement et transmission de CV | Ovoclone","isPartOf":{"@id":"https:\/\/ovoclone.com\/fr\/#website"},"primaryImageOfPage":{"@id":"https:\/\/ovoclone.com\/fr\/traitement-et-transmission-de-cv\/#primaryimage"},"image":{"@id":"https:\/\/ovoclone.com\/fr\/traitement-et-transmission-de-cv\/#primaryimage"},"thumbnailUrl":"https:\/\/ovoclone.com\/wp-content\/uploads\/2025\/08\/Embriologa-Ovohorse-768x354-1.webp","datePublished":"2025-08-19T09:19:21+00:00","dateModified":"2025-09-09T12:28:23+00:00","breadcrumb":{"@id":"https:\/\/ovoclone.com\/fr\/traitement-et-transmission-de-cv\/#breadcrumb"},"inLanguage":"fr-FR","potentialAction":[{"@type":"ReadAction","target":["https:\/\/ovoclone.com\/fr\/traitement-et-transmission-de-cv\/"]}]},{"@type":"ImageObject","inLanguage":"fr-FR","@id":"https:\/\/ovoclone.com\/fr\/traitement-et-transmission-de-cv\/#primaryimage","url":"https:\/\/ovoclone.com\/wp-content\/uploads\/2025\/08\/Embriologa-Ovohorse-768x354-1.webp","contentUrl":"https:\/\/ovoclone.com\/wp-content\/uploads\/2025\/08\/Embriologa-Ovohorse-768x354-1.webp","width":768,"height":354},{"@type":"BreadcrumbList","@id":"https:\/\/ovoclone.com\/fr\/traitement-et-transmission-de-cv\/#breadcrumb","itemListElement":[{"@type":"ListItem","position":1,"name":"Home","item":"https:\/\/ovoclone.com\/fr\/"},{"@type":"ListItem","position":2,"name":"Traitement et transmission de CV"}]},{"@type":"WebSite","@id":"https:\/\/ovoclone.com\/fr\/#website","url":"https:\/\/ovoclone.com\/fr\/","name":"Ovoclone","description":"Ovoclone es la \u00fanica empresa en Espa\u00f1a especializada en clonaci\u00f3n de mascotas y preservaci\u00f3n celular de animales. Ofrecemos soluciones innovadoras para mantener la esencia gen\u00e9tica de perros, gatos y especies en peligro de extinci\u00f3n, combinando ciencia, tecnolog\u00eda y amor por los animales.","publisher":{"@id":"https:\/\/ovoclone.com\/fr\/#organization"},"alternateName":"Ovoclone","potentialAction":[{"@type":"SearchAction","target":{"@type":"EntryPoint","urlTemplate":"https:\/\/ovoclone.com\/fr\/?s={search_term_string}"},"query-input":{"@type":"PropertyValueSpecification","valueRequired":true,"valueName":"search_term_string"}}],"inLanguage":"fr-FR"},{"@type":"Organization","@id":"https:\/\/ovoclone.com\/fr\/#organization","name":"Ovoclone","url":"https:\/\/ovoclone.com\/fr\/","logo":{"@type":"ImageObject","inLanguage":"fr-FR","@id":"https:\/\/ovoclone.com\/fr\/#\/schema\/logo\/image\/","url":"https:\/\/ovoclone.com\/wp-content\/uploads\/2025\/07\/Ovoclone-log.png","contentUrl":"https:\/\/ovoclone.com\/wp-content\/uploads\/2025\/07\/Ovoclone-log.png","width":426,"height":114,"caption":"Ovoclone"},"image":{"@id":"https:\/\/ovoclone.com\/fr\/#\/schema\/logo\/image\/"},"sameAs":["https:\/\/www.facebook.com\/ovoclone","https:\/\/www.instagram.com\/ovoclone_\/","https:\/\/www.linkedin.com\/company\/ovoclone\/","https:\/\/www.youtube.com\/@Ovoclone"]}]}},"_links":{"self":[{"href":"https:\/\/ovoclone.com\/fr\/wp-json\/wp\/v2\/pages\/2750","targetHints":{"allow":["GET"]}}],"collection":[{"href":"https:\/\/ovoclone.com\/fr\/wp-json\/wp\/v2\/pages"}],"about":[{"href":"https:\/\/ovoclone.com\/fr\/wp-json\/wp\/v2\/types\/page"}],"author":[{"embeddable":true,"href":"https:\/\/ovoclone.com\/fr\/wp-json\/wp\/v2\/users\/1"}],"replies":[{"embeddable":true,"href":"https:\/\/ovoclone.com\/fr\/wp-json\/wp\/v2\/comments?post=2750"}],"version-history":[{"count":1,"href":"https:\/\/ovoclone.com\/fr\/wp-json\/wp\/v2\/pages\/2750\/revisions"}],"predecessor-version":[{"id":2751,"href":"https:\/\/ovoclone.com\/fr\/wp-json\/wp\/v2\/pages\/2750\/revisions\/2751"}],"wp:featuredmedia":[{"embeddable":true,"href":"https:\/\/ovoclone.com\/fr\/wp-json\/wp\/v2\/media\/1406"}],"wp:attachment":[{"href":"https:\/\/ovoclone.com\/fr\/wp-json\/wp\/v2\/media?parent=2750"}],"curies":[{"name":"wp","href":"https:\/\/api.w.org\/{rel}","templated":true}]}}