{"id":3153,"date":"2025-08-19T09:13:08","date_gmt":"2025-08-19T08:13:08","guid":{"rendered":"https:\/\/ovoclone.com\/%e5%8a%a0%e5%85%a5-ovoclone-%e5%b7%a5%e4%bd%9c\/"},"modified":"2026-02-24T13:02:21","modified_gmt":"2026-02-24T12:02:21","slug":"zai-ovoclone-gongzuo","status":"publish","type":"page","link":"https:\/\/ovoclone.com\/zh-hans\/zai-ovoclone-gongzuo\/","title":{"rendered":"\u52a0\u5165 Ovoclone \u5de5\u4f5c"},"content":{"rendered":"\t\t<div data-elementor-type=\"wp-page\" data-elementor-id=\"3153\" class=\"elementor elementor-3153 elementor-1452\" data-elementor-post-type=\"page\">\n\t\t\t\t<div class=\"elementor-element elementor-element-d1412d8 e-flex e-con-boxed e-con e-parent\" data-id=\"d1412d8\" data-element_type=\"container\" data-e-type=\"container\">\n\t\t\t\t\t<div class=\"e-con-inner\">\n\t\t\t\t<div class=\"elementor-element elementor-element-fca50de elementor-widget elementor-widget-heading\" data-id=\"fca50de\" data-element_type=\"widget\" data-e-type=\"widget\" data-widget_type=\"heading.default\">\n\t\t\t\t\t<h2 class=\"elementor-heading-title elementor-size-default\">\u8bf7\u53d1\u9001\u60a8\u7684\u7b80\u5386<\/h2>\t\t\t\t<\/div>\n\t\t\t\t<div class=\"elementor-element elementor-element-64a547f elementor-widget__width-initial elementor-widget elementor-widget-text-editor\" data-id=\"64a547f\" data-element_type=\"widget\" data-e-type=\"widget\" data-widget_type=\"text-editor.default\">\n\t\t\t\t\t\t\t\t\t<p>\u5982\u679c\u60a8\u5e0c\u671b\u52a0\u5165\u6211\u4eec\u7684\u56e2\u961f\uff0c\u5e76\u76f8\u4fe1\u81ea\u5df1\u80fd\u4e3a Ovoclone \u5e26\u6765\u4ef7\u503c\uff0c\u53ea\u9700\u586b\u5199\u4ee5\u4e0b\u8868\u683c\u3002<\/p>\n\t\t\t\t\t\t\t\t<\/div>\n\t\t\t\t<div class=\"elementor-element elementor-element-385e00a elementor-widget__width-initial elementor-button-align-stretch elementor-widget elementor-widget-form\" data-id=\"385e00a\" data-element_type=\"widget\" data-e-type=\"widget\" data-settings=\"{&quot;step_next_label&quot;:&quot;\\u4e0b\\u4e00\\u6b65&quot;,&quot;step_previous_label&quot;:&quot;\\u4e0a\\u4e00\\u6b65&quot;,&quot;button_width&quot;:&quot;100&quot;,&quot;step_type&quot;:&quot;number_text&quot;,&quot;step_icon_shape&quot;:&quot;circle&quot;}\" data-widget_type=\"form.default\">\n\t\t\t\t\t\t\t<form class=\"elementor-form\" method=\"post\" id=\"form_trabajo_ovoclone\" name=\"Ovoclone \u5de5\u4f5c\u7533\u8bf7\u8868\" aria-label=\"Ovoclone \u5de5\u4f5c\u7533\u8bf7\u8868\">\n\t\t\t<input type=\"hidden\" name=\"post_id\" value=\"3153\"\/>\n\t\t\t<input type=\"hidden\" name=\"form_id\" value=\"385e00a\"\/>\n\t\t\t<input type=\"hidden\" name=\"referer_title\" value=\"\u5728 Ovoclone \u5de5\u4f5c | \u52a8\u7269\u514b\u9686\u5c31\u4e1a\u673a\u4f1a\" \/>\n\n\t\t\t\t\t\t\t<input type=\"hidden\" name=\"queried_id\" value=\"3153\"\/>\n\t\t\t\n\t\t\t<div class=\"elementor-form-fields-wrapper elementor-labels-above\">\n\t\t\t\t\t\t\t\t<div class=\"elementor-field-type-text elementor-field-group elementor-column elementor-field-group-nombre elementor-col-50 elementor-field-required\">\n\t\t\t\t\t\t\t\t\t\t\t\t<label for=\"form-field-nombre\" class=\"elementor-field-label\">\n\t\t\t\t\t\t\t\t\u5168\u540d\t\t\t\t\t\t\t<\/label>\n\t\t\t\t\t\t\t\t\t\t\t\t\t\t<input size=\"1\" type=\"text\" name=\"form_fields[nombre]\" id=\"form-field-nombre\" class=\"elementor-field elementor-size-sm  elementor-field-textual\" required=\"required\">\n\t\t\t\t\t\t\t\t\t\t\t<\/div>\n\t\t\t\t\t\t\t\t<div class=\"elementor-field-type-text elementor-field-group elementor-column elementor-field-group-ciudad elementor-col-50 elementor-field-required\">\n\t\t\t\t\t\t\t\t\t\t\t\t<label for=\"form-field-ciudad\" class=\"elementor-field-label\">\n\t\t\t\t\t\t\t\t\u57ce\u5e02\t\t\t\t\t\t\t<\/label>\n\t\t\t\t\t\t\t\t\t\t\t\t\t\t<input size=\"1\" type=\"text\" name=\"form_fields[ciudad]\" id=\"form-field-ciudad\" class=\"elementor-field elementor-size-sm  elementor-field-textual\" required=\"required\">\n\t\t\t\t\t\t\t\t\t\t\t<\/div>\n\t\t\t\t\t\t\t\t<div class=\"elementor-field-type-email elementor-field-group elementor-column elementor-field-group-email elementor-col-50 elementor-field-required\">\n\t\t\t\t\t\t\t\t\t\t\t\t<label for=\"form-field-email\" class=\"elementor-field-label\">\n\t\t\t\t\t\t\t\t\u90ae\u7bb1\t\t\t\t\t\t\t<\/label>\n\t\t\t\t\t\t\t\t\t\t\t\t\t\t<input size=\"1\" type=\"email\" name=\"form_fields[email]\" id=\"form-field-email\" class=\"elementor-field elementor-size-sm  elementor-field-textual\" required=\"required\">\n\t\t\t\t\t\t\t\t\t\t\t<\/div>\n\t\t\t\t\t\t\t\t<div class=\"elementor-field-type-tel elementor-field-group elementor-column elementor-field-group-telefono elementor-col-50 elementor-field-required\">\n\t\t\t\t\t\t\t\t\t\t\t\t<label for=\"form-field-telefono\" class=\"elementor-field-label\">\n\t\t\t\t\t\t\t\t\u7535\u8bdd\t\t\t\t\t\t\t<\/label>\n\t\t\t\t\t\t<span class=\"ccfef-editor-intl-input\" data-id=\"form-field-telefono\" data-field-id=\"64977a6\" data-default-country=\"es\" data-include-countries=\"\" data-exclude-countries=\"\" data-dial-code-visibility=\"show\" data-strict-mode=\"no\" style=\"display: none;\"><\/span>\t\t<input size=\"1\" type=\"tel\" name=\"form_fields[telefono]\" id=\"form-field-telefono\" class=\"elementor-field elementor-size-sm  elementor-field-textual\" placeholder=\" \" required=\"required\" pattern=\"[0-9()#&amp;+*-=.]+\" title=\"Only numbers and phone characters (#, -, *, etc) are accepted.\">\n\n\t\t\t\t\t\t<\/div>\n\t\t\t\t\t\t\t\t<div class=\"elementor-field-type-upload elementor-field-group elementor-column elementor-field-group-archivo_cv elementor-col-100 elementor-field-required\">\n\t\t\t\t\t\t\t\t\t\t\t\t<label for=\"form-field-archivo_cv\" class=\"elementor-field-label\">\n\t\t\t\t\t\t\t\t\u9644\u4e0a\u60a8\u7684\u7b80\u5386\t\t\t\t\t\t\t<\/label>\n\t\t\t\t\t\t\t\t<input type=\"file\" name=\"form_fields[archivo_cv]\" id=\"form-field-archivo_cv\" class=\"elementor-field elementor-size-sm  elementor-upload-field\" required=\"required\" data-maxsize=\"1\" data-maxsize-message=\"This file exceeds the maximum allowed size.\">\n\n\t\t\t\t\t\t<\/div>\n\t\t\t\t\t\t\t\t<div class=\"elementor-field-type-textarea elementor-field-group elementor-column elementor-field-group-mensaje elementor-col-100 elementor-field-required\">\n\t\t\t\t\t\t\t\t\t\t\t\t<label for=\"form-field-mensaje\" class=\"elementor-field-label\">\n\t\t\t\t\t\t\t\t\u7559\u8a00\t\t\t\t\t\t\t<\/label>\n\t\t\t\t\t\t<textarea class=\"elementor-field-textual elementor-field  elementor-size-sm\" name=\"form_fields[mensaje]\" id=\"form-field-mensaje\" rows=\"3\" required=\"required\"><\/textarea>\t\t\t\t<\/div>\n\t\t\t\t\t\t\t\t<div class=\"elementor-field-type-acceptance elementor-field-group elementor-column elementor-field-group-consentimiento elementor-col-100 elementor-field-required\">\n\t\t\t\t\t\t\t<div class=\"elementor-field-subgroup\">\n\t\t\t<span class=\"elementor-field-option\">\n\t\t\t\t<input type=\"checkbox\" name=\"form_fields[consentimiento]\" id=\"form-field-consentimiento\" class=\"elementor-field elementor-size-sm  elementor-acceptance-field\" required=\"required\">\n\t\t\t\t<label for=\"form-field-consentimiento\"><span style=\"font-size=14px;\">\u6211\u5df2\u9605\u8bfb\u5e76\u63a5\u53d7<a href=\"https:\/\/ovoclone.com\/zh-hans\/jian-li-de-chu-li-yu-zhuan-jiao\/\">\u7b80\u5386\u63d0\u4ea4\u4e0e\u540c\u610f\u6761\u6b3e<\/a>\u3002<\/span><\/label>\t\t\t<\/span>\n\t\t<\/div>\n\t\t\t\t\t\t<\/div>\n\t\t\t\t\t\t\t\t<div class=\"elementor-field-type-html elementor-field-group elementor-column elementor-field-group-field_8b54d13 elementor-col-100\">\n\t\t\t\t\t<p style=\"font-size: 10px;\">\u8d1f\u8d23\u4eba\uff1aOVOHORSE IBERICA S.L | \u76ee\u7684\uff1a\u63d0\u4f9b\u60a8\u8bf7\u6c42\u7684\u4fe1\u606f\u6216\u670d\u52a1\u3002| \u5408\u6cd5\u6027\uff1a\u76f8\u5173\u65b9\u7684\u540c\u610f | \u63a5\u6536\u65b9\uff1a\u9664\u6cd5\u5f8b\u4e49\u52a1\u5916\uff0c\u4e0d\u4f1a\u5411\u7b2c\u4e09\u65b9\u8f6c\u8ba9\u6570\u636e\u3002| \u6743\u5229\uff1a\u8bbf\u95ee\u3001\u4fee\u6539\u548c\u5220\u9664\u6570\u636e\uff0c\u4ee5\u53ca\u5176\u4ed6\u6743\u5229\uff0c\u5982\u9644\u52a0\u4fe1\u606f\u4e2d\u6240\u8ff0\u3002| \u60a8\u53ef\u4ee5\u5728\u6211\u4eec\u7684\u300a\u9690\u79c1\u653f\u7b56\u300b\u90e8\u5206\u67e5\u770b\u66f4\u591a\u8be6\u7ec6\u4fe1\u606f\u3002   <\/p>\t\t\t\t<\/div>\n\t\t\t\t\t\t\t\t<div class=\"elementor-field-type-recaptcha_v3 elementor-field-group elementor-column elementor-field-group-field_37be444 elementor-col-100 recaptcha_v3-bottomright\">\n\t\t\t\t\t<div class=\"elementor-field\" id=\"form-field-field_37be444\"><div class=\"elementor-g-recaptcha\" data-sitekey=\"6LeQ-HQsAAAAACX-VpnhC7fFIySf4btXP1VEpPnT\" data-type=\"v3\" data-action=\"Form\" data-badge=\"bottomright\" data-size=\"invisible\"><\/div><\/div>\t\t\t\t<\/div>\n\t\t\t\t\t\t\t\t<div class=\"elementor-field-type-text\">\n\t\t\t\t\t<input size=\"1\" type=\"text\" name=\"form_fields[field_0cea5cc]\" id=\"form-field-field_0cea5cc\" class=\"elementor-field elementor-size-sm \" style=\"display:none !important;\">\t\t\t\t<\/div>\n\t\t\t\t\t\t\t\t<div class=\"elementor-field-group elementor-column elementor-field-type-submit elementor-col-100 e-form__buttons\">\n\t\t\t\t\t<button class=\"elementor-button elementor-size-sm elementor-animation-shrink\" type=\"submit\">\n\t\t\t\t\t\t<span class=\"elementor-button-content-wrapper\">\n\t\t\t\t\t\t\t\t\t\t\t\t\t\t\t\t\t\t\t\t\t\t<span class=\"elementor-button-text\">\u53d1\u9001<\/span>\n\t\t\t\t\t\t\t\t\t\t\t\t\t<\/span>\n\t\t\t\t\t<\/button>\n\t\t\t\t<\/div>\n\t\t\t<\/div>\n\t\t<\/form>\n\t\t\t\t\t\t<\/div>\n\t\t\t\t\t<\/div>\n\t\t\t\t<\/div>\n\t\t\t\t<\/div>\n\t\t","protected":false},"excerpt":{"rendered":"<p>\u8bf7\u53d1\u9001\u60a8\u7684\u7b80\u5386 \u5982\u679c\u60a8\u5e0c\u671b\u52a0\u5165\u6211\u4eec\u7684\u56e2\u961f\uff0c\u5e76\u76f8\u4fe1\u81ea\u5df1\u80fd\u4e3a Ovoclone \u5e26\u6765\u4ef7\u503c\uff0c\u53ea\u9700\u586b\u5199\u4ee5\u4e0b\u8868\u683c\u3002<\/p>\n","protected":false},"author":1,"featured_media":3099,"parent":0,"menu_order":0,"comment_status":"closed","ping_status":"closed","template":"elementor_header_footer","meta":{"_acf_changed":false,"inline_featured_image":false,"footnotes":""},"class_list":["post-3153","page","type-page","status-publish","has-post-thumbnail","hentry"],"acf":[],"yoast_head":"<!-- This site is optimized with the Yoast SEO Premium plugin v27.4 (Yoast SEO v27.4) - https:\/\/yoast.com\/product\/yoast-seo-premium-wordpress\/ -->\n<title>\u5728 Ovoclone \u5de5\u4f5c | \u52a8\u7269\u514b\u9686\u5c31\u4e1a\u673a\u4f1a<\/title>\n<meta name=\"description\" content=\"\u52a0\u5165 Ovoclone \u56e2\u961f\uff0c\u8fd9\u662f\u4e00\u5bb6\u5ba0\u7269\u514b\u9686\u548c\u7ec6\u80de\u4fdd\u5b58\u9886\u57df\u7684\u5148\u950b\u516c\u53f8\u3002\u8bf7\u5c06\u60a8\u7684\u7b80\u5386\u53d1\u9001\u7ed9\u6211\u4eec\u5e76\u52a0\u5165\u56e2\u961f\u3002\" \/>\n<meta name=\"robots\" content=\"index, follow, max-snippet:-1, max-image-preview:large, max-video-preview:-1\" \/>\n<link rel=\"canonical\" href=\"https:\/\/ovoclone.com\/zh-hans\/zai-ovoclone-gongzuo\/\" \/>\n<meta property=\"og:locale\" content=\"zh_CN\" \/>\n<meta property=\"og:type\" content=\"article\" \/>\n<meta property=\"og:title\" content=\"\u52a0\u5165 Ovoclone \u5de5\u4f5c\" \/>\n<meta property=\"og:description\" content=\"\u52a0\u5165 Ovoclone \u56e2\u961f\uff0c\u8fd9\u662f\u4e00\u5bb6\u5ba0\u7269\u514b\u9686\u548c\u7ec6\u80de\u4fdd\u5b58\u9886\u57df\u7684\u5148\u950b\u516c\u53f8\u3002\u8bf7\u5c06\u60a8\u7684\u7b80\u5386\u53d1\u9001\u7ed9\u6211\u4eec\u5e76\u52a0\u5165\u56e2\u961f\u3002\" \/>\n<meta property=\"og:url\" content=\"https:\/\/ovoclone.com\/zh-hans\/zai-ovoclone-gongzuo\/\" \/>\n<meta property=\"og:site_name\" content=\"Ovoclone\" \/>\n<meta property=\"article:publisher\" content=\"https:\/\/www.facebook.com\/ovoclone\" \/>\n<meta property=\"article:modified_time\" content=\"2026-02-24T12:02:21+00:00\" \/>\n<meta property=\"og:image\" content=\"https:\/\/ovoclone.com\/wp-content\/uploads\/2025\/09\/A746603-Mejorado-NR.webp\" \/>\n\t<meta property=\"og:image:width\" content=\"1920\" \/>\n\t<meta property=\"og:image:height\" content=\"640\" \/>\n\t<meta property=\"og:image:type\" content=\"image\/webp\" \/>\n<meta name=\"twitter:card\" content=\"summary_large_image\" \/>\n<meta name=\"twitter:label1\" content=\"\u9884\u8ba1\u9605\u8bfb\u65f6\u95f4\" \/>\n\t<meta name=\"twitter:data1\" content=\"1 \u5206\" \/>\n<script type=\"application\/ld+json\" class=\"yoast-schema-graph\">{\"@context\":\"https:\\\/\\\/schema.org\",\"@graph\":[{\"@type\":\"WebPage\",\"@id\":\"https:\\\/\\\/ovoclone.com\\\/zh-hans\\\/zai-ovoclone-gongzuo\\\/\",\"url\":\"https:\\\/\\\/ovoclone.com\\\/zh-hans\\\/zai-ovoclone-gongzuo\\\/\",\"name\":\"\u5728 Ovoclone \u5de5\u4f5c | \u52a8\u7269\u514b\u9686\u5c31\u4e1a\u673a\u4f1a\",\"isPartOf\":{\"@id\":\"https:\\\/\\\/ovoclone.com\\\/zh-hans\\\/#website\"},\"primaryImageOfPage\":{\"@id\":\"https:\\\/\\\/ovoclone.com\\\/zh-hans\\\/zai-ovoclone-gongzuo\\\/#primaryimage\"},\"image\":{\"@id\":\"https:\\\/\\\/ovoclone.com\\\/zh-hans\\\/zai-ovoclone-gongzuo\\\/#primaryimage\"},\"thumbnailUrl\":\"https:\\\/\\\/ovoclone.com\\\/wp-content\\\/uploads\\\/2025\\\/09\\\/A746603-Mejorado-NR.webp\",\"datePublished\":\"2025-08-19T08:13:08+00:00\",\"dateModified\":\"2026-02-24T12:02:21+00:00\",\"description\":\"\u52a0\u5165 Ovoclone \u56e2\u961f\uff0c\u8fd9\u662f\u4e00\u5bb6\u5ba0\u7269\u514b\u9686\u548c\u7ec6\u80de\u4fdd\u5b58\u9886\u57df\u7684\u5148\u950b\u516c\u53f8\u3002\u8bf7\u5c06\u60a8\u7684\u7b80\u5386\u53d1\u9001\u7ed9\u6211\u4eec\u5e76\u52a0\u5165\u56e2\u961f\u3002\",\"breadcrumb\":{\"@id\":\"https:\\\/\\\/ovoclone.com\\\/zh-hans\\\/zai-ovoclone-gongzuo\\\/#breadcrumb\"},\"inLanguage\":\"zh-Hans\",\"potentialAction\":[{\"@type\":\"ReadAction\",\"target\":[\"https:\\\/\\\/ovoclone.com\\\/zh-hans\\\/zai-ovoclone-gongzuo\\\/\"]}]},{\"@type\":\"ImageObject\",\"inLanguage\":\"zh-Hans\",\"@id\":\"https:\\\/\\\/ovoclone.com\\\/zh-hans\\\/zai-ovoclone-gongzuo\\\/#primaryimage\",\"url\":\"https:\\\/\\\/ovoclone.com\\\/wp-content\\\/uploads\\\/2025\\\/09\\\/A746603-Mejorado-NR.webp\",\"contentUrl\":\"https:\\\/\\\/ovoclone.com\\\/wp-content\\\/uploads\\\/2025\\\/09\\\/A746603-Mejorado-NR.webp\",\"width\":1920,\"height\":640},{\"@type\":\"BreadcrumbList\",\"@id\":\"https:\\\/\\\/ovoclone.com\\\/zh-hans\\\/zai-ovoclone-gongzuo\\\/#breadcrumb\",\"itemListElement\":[{\"@type\":\"ListItem\",\"position\":1,\"name\":\"Home\",\"item\":\"https:\\\/\\\/ovoclone.com\\\/zh-hans\\\/\"},{\"@type\":\"ListItem\",\"position\":2,\"name\":\"\u52a0\u5165 Ovoclone \u5de5\u4f5c\"}]},{\"@type\":\"WebSite\",\"@id\":\"https:\\\/\\\/ovoclone.com\\\/zh-hans\\\/#website\",\"url\":\"https:\\\/\\\/ovoclone.com\\\/zh-hans\\\/\",\"name\":\"Ovoclone\",\"description\":\"Ovoclone es la \u00fanica empresa en Espa\u00f1a especializada en clonaci\u00f3n de mascotas y preservaci\u00f3n celular de animales. Ofrecemos soluciones innovadoras para mantener la esencia gen\u00e9tica de perros, gatos y especies en peligro de extinci\u00f3n, combinando ciencia, tecnolog\u00eda y amor por los animales.\",\"publisher\":{\"@id\":\"https:\\\/\\\/ovoclone.com\\\/zh-hans\\\/#organization\"},\"alternateName\":\"Ovoclone\",\"potentialAction\":[{\"@type\":\"SearchAction\",\"target\":{\"@type\":\"EntryPoint\",\"urlTemplate\":\"https:\\\/\\\/ovoclone.com\\\/zh-hans\\\/?s={search_term_string}\"},\"query-input\":{\"@type\":\"PropertyValueSpecification\",\"valueRequired\":true,\"valueName\":\"search_term_string\"}}],\"inLanguage\":\"zh-Hans\"},{\"@type\":\"Organization\",\"@id\":\"https:\\\/\\\/ovoclone.com\\\/zh-hans\\\/#organization\",\"name\":\"Ovoclone\",\"url\":\"https:\\\/\\\/ovoclone.com\\\/zh-hans\\\/\",\"logo\":{\"@type\":\"ImageObject\",\"inLanguage\":\"zh-Hans\",\"@id\":\"https:\\\/\\\/ovoclone.com\\\/zh-hans\\\/#\\\/schema\\\/logo\\\/image\\\/\",\"url\":\"https:\\\/\\\/ovoclone.com\\\/wp-content\\\/uploads\\\/2025\\\/07\\\/Ovoclone-log.png\",\"contentUrl\":\"https:\\\/\\\/ovoclone.com\\\/wp-content\\\/uploads\\\/2025\\\/07\\\/Ovoclone-log.png\",\"width\":426,\"height\":114,\"caption\":\"Ovoclone\"},\"image\":{\"@id\":\"https:\\\/\\\/ovoclone.com\\\/zh-hans\\\/#\\\/schema\\\/logo\\\/image\\\/\"},\"sameAs\":[\"https:\\\/\\\/www.facebook.com\\\/ovoclone\",\"https:\\\/\\\/www.instagram.com\\\/ovoclone_\\\/\",\"https:\\\/\\\/www.linkedin.com\\\/company\\\/ovoclone\\\/\",\"https:\\\/\\\/www.youtube.com\\\/@Ovoclone\"]}]}<\/script>\n<!-- \/ Yoast SEO Premium plugin. -->","yoast_head_json":{"title":"\u5728 Ovoclone \u5de5\u4f5c | \u52a8\u7269\u514b\u9686\u5c31\u4e1a\u673a\u4f1a","description":"\u52a0\u5165 Ovoclone \u56e2\u961f\uff0c\u8fd9\u662f\u4e00\u5bb6\u5ba0\u7269\u514b\u9686\u548c\u7ec6\u80de\u4fdd\u5b58\u9886\u57df\u7684\u5148\u950b\u516c\u53f8\u3002\u8bf7\u5c06\u60a8\u7684\u7b80\u5386\u53d1\u9001\u7ed9\u6211\u4eec\u5e76\u52a0\u5165\u56e2\u961f\u3002","robots":{"index":"index","follow":"follow","max-snippet":"max-snippet:-1","max-image-preview":"max-image-preview:large","max-video-preview":"max-video-preview:-1"},"canonical":"https:\/\/ovoclone.com\/zh-hans\/zai-ovoclone-gongzuo\/","og_locale":"zh_CN","og_type":"article","og_title":"\u52a0\u5165 Ovoclone \u5de5\u4f5c","og_description":"\u52a0\u5165 Ovoclone \u56e2\u961f\uff0c\u8fd9\u662f\u4e00\u5bb6\u5ba0\u7269\u514b\u9686\u548c\u7ec6\u80de\u4fdd\u5b58\u9886\u57df\u7684\u5148\u950b\u516c\u53f8\u3002\u8bf7\u5c06\u60a8\u7684\u7b80\u5386\u53d1\u9001\u7ed9\u6211\u4eec\u5e76\u52a0\u5165\u56e2\u961f\u3002","og_url":"https:\/\/ovoclone.com\/zh-hans\/zai-ovoclone-gongzuo\/","og_site_name":"Ovoclone","article_publisher":"https:\/\/www.facebook.com\/ovoclone","article_modified_time":"2026-02-24T12:02:21+00:00","og_image":[{"width":1920,"height":640,"url":"https:\/\/ovoclone.com\/wp-content\/uploads\/2025\/09\/A746603-Mejorado-NR.webp","type":"image\/webp"}],"twitter_card":"summary_large_image","twitter_misc":{"\u9884\u8ba1\u9605\u8bfb\u65f6\u95f4":"1 \u5206"},"schema":{"@context":"https:\/\/schema.org","@graph":[{"@type":"WebPage","@id":"https:\/\/ovoclone.com\/zh-hans\/zai-ovoclone-gongzuo\/","url":"https:\/\/ovoclone.com\/zh-hans\/zai-ovoclone-gongzuo\/","name":"\u5728 Ovoclone \u5de5\u4f5c | \u52a8\u7269\u514b\u9686\u5c31\u4e1a\u673a\u4f1a","isPartOf":{"@id":"https:\/\/ovoclone.com\/zh-hans\/#website"},"primaryImageOfPage":{"@id":"https:\/\/ovoclone.com\/zh-hans\/zai-ovoclone-gongzuo\/#primaryimage"},"image":{"@id":"https:\/\/ovoclone.com\/zh-hans\/zai-ovoclone-gongzuo\/#primaryimage"},"thumbnailUrl":"https:\/\/ovoclone.com\/wp-content\/uploads\/2025\/09\/A746603-Mejorado-NR.webp","datePublished":"2025-08-19T08:13:08+00:00","dateModified":"2026-02-24T12:02:21+00:00","description":"\u52a0\u5165 Ovoclone \u56e2\u961f\uff0c\u8fd9\u662f\u4e00\u5bb6\u5ba0\u7269\u514b\u9686\u548c\u7ec6\u80de\u4fdd\u5b58\u9886\u57df\u7684\u5148\u950b\u516c\u53f8\u3002\u8bf7\u5c06\u60a8\u7684\u7b80\u5386\u53d1\u9001\u7ed9\u6211\u4eec\u5e76\u52a0\u5165\u56e2\u961f\u3002","breadcrumb":{"@id":"https:\/\/ovoclone.com\/zh-hans\/zai-ovoclone-gongzuo\/#breadcrumb"},"inLanguage":"zh-Hans","potentialAction":[{"@type":"ReadAction","target":["https:\/\/ovoclone.com\/zh-hans\/zai-ovoclone-gongzuo\/"]}]},{"@type":"ImageObject","inLanguage":"zh-Hans","@id":"https:\/\/ovoclone.com\/zh-hans\/zai-ovoclone-gongzuo\/#primaryimage","url":"https:\/\/ovoclone.com\/wp-content\/uploads\/2025\/09\/A746603-Mejorado-NR.webp","contentUrl":"https:\/\/ovoclone.com\/wp-content\/uploads\/2025\/09\/A746603-Mejorado-NR.webp","width":1920,"height":640},{"@type":"BreadcrumbList","@id":"https:\/\/ovoclone.com\/zh-hans\/zai-ovoclone-gongzuo\/#breadcrumb","itemListElement":[{"@type":"ListItem","position":1,"name":"Home","item":"https:\/\/ovoclone.com\/zh-hans\/"},{"@type":"ListItem","position":2,"name":"\u52a0\u5165 Ovoclone \u5de5\u4f5c"}]},{"@type":"WebSite","@id":"https:\/\/ovoclone.com\/zh-hans\/#website","url":"https:\/\/ovoclone.com\/zh-hans\/","name":"Ovoclone","description":"Ovoclone es la \u00fanica empresa en Espa\u00f1a especializada en clonaci\u00f3n de mascotas y preservaci\u00f3n celular de animales. Ofrecemos soluciones innovadoras para mantener la esencia gen\u00e9tica de perros, gatos y especies en peligro de extinci\u00f3n, combinando ciencia, tecnolog\u00eda y amor por los animales.","publisher":{"@id":"https:\/\/ovoclone.com\/zh-hans\/#organization"},"alternateName":"Ovoclone","potentialAction":[{"@type":"SearchAction","target":{"@type":"EntryPoint","urlTemplate":"https:\/\/ovoclone.com\/zh-hans\/?s={search_term_string}"},"query-input":{"@type":"PropertyValueSpecification","valueRequired":true,"valueName":"search_term_string"}}],"inLanguage":"zh-Hans"},{"@type":"Organization","@id":"https:\/\/ovoclone.com\/zh-hans\/#organization","name":"Ovoclone","url":"https:\/\/ovoclone.com\/zh-hans\/","logo":{"@type":"ImageObject","inLanguage":"zh-Hans","@id":"https:\/\/ovoclone.com\/zh-hans\/#\/schema\/logo\/image\/","url":"https:\/\/ovoclone.com\/wp-content\/uploads\/2025\/07\/Ovoclone-log.png","contentUrl":"https:\/\/ovoclone.com\/wp-content\/uploads\/2025\/07\/Ovoclone-log.png","width":426,"height":114,"caption":"Ovoclone"},"image":{"@id":"https:\/\/ovoclone.com\/zh-hans\/#\/schema\/logo\/image\/"},"sameAs":["https:\/\/www.facebook.com\/ovoclone","https:\/\/www.instagram.com\/ovoclone_\/","https:\/\/www.linkedin.com\/company\/ovoclone\/","https:\/\/www.youtube.com\/@Ovoclone"]}]}},"_links":{"self":[{"href":"https:\/\/ovoclone.com\/zh-hans\/wp-json\/wp\/v2\/pages\/3153","targetHints":{"allow":["GET"]}}],"collection":[{"href":"https:\/\/ovoclone.com\/zh-hans\/wp-json\/wp\/v2\/pages"}],"about":[{"href":"https:\/\/ovoclone.com\/zh-hans\/wp-json\/wp\/v2\/types\/page"}],"author":[{"embeddable":true,"href":"https:\/\/ovoclone.com\/zh-hans\/wp-json\/wp\/v2\/users\/1"}],"replies":[{"embeddable":true,"href":"https:\/\/ovoclone.com\/zh-hans\/wp-json\/wp\/v2\/comments?post=3153"}],"version-history":[{"count":3,"href":"https:\/\/ovoclone.com\/zh-hans\/wp-json\/wp\/v2\/pages\/3153\/revisions"}],"predecessor-version":[{"id":7518,"href":"https:\/\/ovoclone.com\/zh-hans\/wp-json\/wp\/v2\/pages\/3153\/revisions\/7518"}],"wp:featuredmedia":[{"embeddable":true,"href":"https:\/\/ovoclone.com\/zh-hans\/wp-json\/wp\/v2\/media\/3099"}],"wp:attachment":[{"href":"https:\/\/ovoclone.com\/zh-hans\/wp-json\/wp\/v2\/media?parent=3153"}],"curies":[{"name":"wp","href":"https:\/\/api.w.org\/{rel}","templated":true}]}}