{"id":4507,"date":"2025-08-19T09:19:21","date_gmt":"2025-08-19T09:19:21","guid":{"rendered":"https:\/\/ovoclone.com\/%e7%ae%80%e5%8e%86%e7%9a%84%e5%a4%84%e7%90%86%e4%b8%8e%e8%bd%ac%e4%ba%a4\/"},"modified":"2025-10-07T12:20:38","modified_gmt":"2025-10-07T12:20:38","slug":"jian-li-de-chu-li-yu-zhuan-jiao","status":"publish","type":"page","link":"https:\/\/ovoclone.com\/zh-hans\/jian-li-de-chu-li-yu-zhuan-jiao\/","title":{"rendered":"\u7b80\u5386\u7684\u5904\u7406\u4e0e\u8f6c\u4ea4"},"content":{"rendered":"\t\t<div data-elementor-type=\"wp-page\" data-elementor-id=\"4507\" class=\"elementor elementor-4507 elementor-1469\" data-elementor-post-type=\"page\">\n\t\t\t\t<div class=\"elementor-element elementor-element-f616923 e-flex e-con-boxed e-con e-parent\" data-id=\"f616923\" data-element_type=\"container\" data-e-type=\"container\">\n\t\t\t\t\t<div class=\"e-con-inner\">\n\t\t\t\t<div class=\"elementor-element elementor-element-d717f87 elementor-widget elementor-widget-heading\" data-id=\"d717f87\" data-element_type=\"widget\" data-e-type=\"widget\" data-widget_type=\"heading.default\">\n\t\t\t\t\t<h2 class=\"elementor-heading-title elementor-size-default\">\u4e2a\u4eba\u6570\u636e\u5904\u7406\u8d1f\u8d23\u4eba<\/h2>\t\t\t\t<\/div>\n\t\t\t\t<div class=\"elementor-element elementor-element-b3b2b72 elementor-widget elementor-widget-text-editor\" data-id=\"b3b2b72\" data-element_type=\"widget\" data-e-type=\"widget\" data-widget_type=\"text-editor.default\">\n\t\t\t\t\t\t\t\t\t<p>\u6211\u4eec\u901a\u77e5\u60a8\uff0c\u60a8\u7684\u7b80\u5386\u6570\u636e\u5c06\u6839\u636e\u300a\u7b2c03\/2018\u53f7\u57fa\u672c\u6cd5\u300b\u548c\u6b27\u76df\u6761\u4f8b679\/2016\uff08\u5173\u4e8e\u6570\u636e\u4fdd\u62a4\uff09\u53ca\u5176\u76f8\u5173\u5b9e\u65bd\u3001\u4fee\u6539\u6216\u66ff\u4ee3\u6cd5\u89c4\u8fdb\u884c\u5904\u7406\uff0c\u5e76\u5c06\u88ab\u7eb3\u5165\u7531 OVOHORSE IBERICA SL \u8d1f\u8d23\u7ba1\u7406\u7684\u6570\u636e\u5904\u7406\u6587\u4ef6\u4e2d\uff0c\u516c\u53f8\u6ce8\u518c\u5730\u5740\u4e3a AVDA SEVERO OCHOA, 67 \u2013 29603 MARBELLA\u3002 <\/p>\t\t\t\t\t\t\t\t<\/div>\n\t\t\t\t<div class=\"elementor-element elementor-element-0c75a4d elementor-widget elementor-widget-heading\" data-id=\"0c75a4d\" data-element_type=\"widget\" data-e-type=\"widget\" data-widget_type=\"heading.default\">\n\t\t\t\t\t<h2 class=\"elementor-heading-title elementor-size-default\">\u7b80\u5386\u5904\u7406<\/h2>\t\t\t\t<\/div>\n\t\t\t\t<div class=\"elementor-element elementor-element-65b069b elementor-widget elementor-widget-text-editor\" data-id=\"65b069b\" data-element_type=\"widget\" data-e-type=\"widget\" data-widget_type=\"text-editor.default\">\n\t\t\t\t\t\t\t\t\t<p>\u5904\u7406\u60a8\u6570\u636e\u7684\u76ee\u7684\u662f\u63a8\u8fdb\u60a8\u7684\u6c42\u804c\u7533\u8bf7\u5e76\u7ba1\u7406\u53ef\u80fd\u7684\u62db\u8058\u6d41\u7a0b\uff0c\u5176\u4e2d\u53ef\u80fd\u5305\u62ec\u53c2\u52a0\u5404\u79cd\u7b5b\u9009\u6d4b\u8bd5\u3002\u60a8\u7684\u6570\u636e\u53ef\u80fd\u4f1a\u88ab\u8f6c\u4ea4\u7ed9\u96c6\u56e2\u5185\u7684\u5176\u4ed6\u516c\u53f8\uff0c\u4ee5\u4fbf\u60a8\u53c2\u4e0e\u672a\u6765\u7684\u62db\u8058\u6d41\u7a0b\uff0c\u6216\u5728\u5b58\u5728\u6cd5\u5f8b\u4e49\u52a1\u7684\u60c5\u51b5\u4e0b\u8fdb\u884c\u8f6c\u4ea4\u3002 <\/p><p>\u672a\u572824\u4e2a\u6708\u5185\u66f4\u65b0\u7684\u7b80\u5386\u5c06\u88ab\u5220\u9664\u6216\u9501\u5b9a\u4ee5\u9632\u6b62\u8bbf\u95ee\u3002\u65e0\u8bba\u5982\u4f55\uff0c\u6240\u63d0\u4f9b\u7684\u6570\u636e\u5c06\u5728\u62db\u8058\u6d41\u7a0b\u4ecd\u5904\u4e8e\u5f00\u653e\u72b6\u6001\u671f\u95f4\u4e88\u4ee5\u4fdd\u5b58\u3002 <\/p>\t\t\t\t\t\t\t\t<\/div>\n\t\t\t\t<div class=\"elementor-element elementor-element-0d0f715 elementor-widget elementor-widget-heading\" data-id=\"0d0f715\" data-element_type=\"widget\" data-e-type=\"widget\" data-widget_type=\"heading.default\">\n\t\t\t\t\t<h2 class=\"elementor-heading-title elementor-size-default\">\u6570\u636e\u5f53\u4e8b\u4eba\u7684\u6743\u5229<\/h2>\t\t\t\t<\/div>\n\t\t\t\t<div class=\"elementor-element elementor-element-26eab08 elementor-widget elementor-widget-text-editor\" data-id=\"26eab08\" data-element_type=\"widget\" data-e-type=\"widget\" data-widget_type=\"text-editor.default\">\n\t\t\t\t\t\t\t\t\t<p>\u60a8\u53ef\u4ee5\u901a\u8fc7\u53d1\u9001\u7535\u5b50\u90ae\u4ef6\u81f3 info@ovoclone.com\uff0c\u6216\u4e66\u9762\u90ae\u5bc4\u81f3\u4ee5\u4e0b\u5730\u5740\u6765\u884c\u4f7f\u60a8\u7684\u6743\u5229\uff08\u8bbf\u95ee\u3001\u66f4\u6b63\u6216\u5220\u9664\u3001\u9650\u5236\u5904\u7406\u3001\u53cd\u5bf9\u3001\u6570\u636e\u53ef\u643a\u5e26\u6027\uff0c\u4ee5\u53ca\u53cd\u5bf9\u4ec5\u57fa\u4e8e\u81ea\u52a8\u5316\u4e2a\u4f53\u51b3\u7b56\uff09\uff1aOVOHORSE IBERICA SL\uff0cAVDA SEVERO OCHOA, 67 \u2013 29603 MARBELLA\u3002<\/p><p>\u6b64\u5916\uff0c\u82e5\u60a8\u66fe\u4e3a\u7279\u5b9a\u76ee\u7684\u7ed9\u4e88\u540c\u610f\uff0c\u60a8\u53ef\u968f\u65f6\u64a4\u56de\u8be5\u540c\u610f\uff0c\u5e76\u53ef\u5728\u4efb\u4f55\u65f6\u5019\u4fee\u6539\u60a8\u7684\u504f\u597d\u8bbe\u7f6e\u3002<\/p>\t\t\t\t\t\t\t\t<\/div>\n\t\t\t\t<div class=\"elementor-element elementor-element-4971b6c elementor-widget elementor-widget-heading\" data-id=\"4971b6c\" data-element_type=\"widget\" data-e-type=\"widget\" data-widget_type=\"heading.default\">\n\t\t\t\t\t<h2 class=\"elementor-heading-title elementor-size-default\">\u6cd5\u5f8b\u58f0\u660e\u4e0e\u9690\u79c1\u653f\u7b56\uff1a\u4e00\u822c\u6761\u6b3e<\/h2>\t\t\t\t<\/div>\n\t\t\t\t<div class=\"elementor-element elementor-element-70e5ae3 elementor-widget elementor-widget-text-editor\" data-id=\"70e5ae3\" data-element_type=\"widget\" data-e-type=\"widget\" data-widget_type=\"text-editor.default\">\n\t\t\t\t\t\t\t\t\t<p>\u9664\u9002\u7528\u4e8e\u6211\u4eec\u62db\u8058\u6d41\u7a0b\u7684\u7279\u522b\u6761\u6b3e\u5916\uff0c\u5bf9\u4e8e\u672c\u58f0\u660e\u672a\u660e\u786e\u89c4\u5b9a\u7684\u4e8b\u9879\uff0c\u540c\u6837\u9002\u7528\u6211\u4eec\u7684\u6cd5\u5f8b\u58f0\u660e\u4e0e\u9690\u79c1\u653f\u7b56\u4e00\u822c\u6761\u6b3e\uff0c\u60a8\u53ef\u5728\u6211\u4eec\u7684 <a href=\"https:\/\/ovoclone.com\/politica-de-privacidad\">\u9690\u79c1\u653f\u7b56<\/a> \u4e2d\u67e5\u9605\u3002<\/p><p>\u4e0d\u540c\u610f\u672c\u653f\u7b56\u7684\u76f8\u5173\u4eba\u5458\u4e0d\u5f97\u901a\u8fc7\u672c\u7f51\u7ad9\u8f93\u5165\u4efb\u4f55\u6570\u636e\u3001\u8bbf\u95ee\u5176\u5185\u5bb9\u6216\u5411\u6211\u4eec\u63d0\u4ea4\u7b80\u5386\u3002<\/p>\t\t\t\t\t\t\t\t<\/div>\n\t\t\t\t\t<\/div>\n\t\t\t\t<\/div>\n\t\t\t\t<\/div>\n\t\t","protected":false},"excerpt":{"rendered":"<p>\u4e2a\u4eba\u6570\u636e\u5904\u7406\u8d1f\u8d23\u4eba \u6211\u4eec\u901a\u77e5\u60a8\uff0c\u60a8\u7684\u7b80\u5386\u6570\u636e\u5c06\u6839\u636e\u300a\u7b2c03\/2018\u53f7\u57fa\u672c\u6cd5\u300b\u548c\u6b27\u76df\u6761\u4f8b679\/2016\uff08\u5173\u4e8e [&hellip;]<\/p>\n","protected":false},"author":1,"featured_media":4506,"parent":0,"menu_order":0,"comment_status":"closed","ping_status":"closed","template":"elementor_header_footer","meta":{"_acf_changed":false,"inline_featured_image":false,"footnotes":""},"class_list":["post-4507","page","type-page","status-publish","has-post-thumbnail","hentry"],"acf":[],"yoast_head":"<!-- This site is optimized with the Yoast SEO Premium plugin v27.4 (Yoast SEO v27.4) - https:\/\/yoast.com\/product\/yoast-seo-premium-wordpress\/ -->\n<title>\u7b80\u5386\u7684\u5904\u7406\u4e0e\u8f6c\u4ea4 | Ovoclone<\/title>\n<meta name=\"robots\" content=\"noindex, nofollow\" \/>\n<meta property=\"og:locale\" content=\"zh_CN\" \/>\n<meta property=\"og:type\" content=\"article\" \/>\n<meta property=\"og:title\" content=\"\u7b80\u5386\u7684\u5904\u7406\u4e0e\u8f6c\u4ea4\" \/>\n<meta property=\"og:description\" content=\"\u4e2a\u4eba\u6570\u636e\u5904\u7406\u8d1f\u8d23\u4eba \u6211\u4eec\u901a\u77e5\u60a8\uff0c\u60a8\u7684\u7b80\u5386\u6570\u636e\u5c06\u6839\u636e\u300a\u7b2c03\/2018\u53f7\u57fa\u672c\u6cd5\u300b\u548c\u6b27\u76df\u6761\u4f8b679\/2016\uff08\u5173\u4e8e [&hellip;]\" \/>\n<meta property=\"og:url\" content=\"https:\/\/ovoclone.com\/zh-hans\/jian-li-de-chu-li-yu-zhuan-jiao\/\" \/>\n<meta property=\"og:site_name\" content=\"Ovoclone\" \/>\n<meta property=\"article:publisher\" content=\"https:\/\/www.facebook.com\/ovoclone\" \/>\n<meta property=\"article:modified_time\" content=\"2025-10-07T12:20:38+00:00\" \/>\n<meta property=\"og:image\" content=\"https:\/\/ovoclone.com\/wp-content\/uploads\/2025\/08\/Embriologa-Ovohorse-768x354-1.webp\" \/>\n\t<meta property=\"og:image:width\" content=\"768\" \/>\n\t<meta property=\"og:image:height\" content=\"354\" \/>\n\t<meta property=\"og:image:type\" content=\"image\/webp\" \/>\n<meta name=\"twitter:card\" content=\"summary_large_image\" \/>\n<script type=\"application\/ld+json\" class=\"yoast-schema-graph\">{\"@context\":\"https:\\\/\\\/schema.org\",\"@graph\":[{\"@type\":\"WebPage\",\"@id\":\"https:\\\/\\\/ovoclone.com\\\/zh-hans\\\/jian-li-de-chu-li-yu-zhuan-jiao\\\/\",\"url\":\"https:\\\/\\\/ovoclone.com\\\/zh-hans\\\/jian-li-de-chu-li-yu-zhuan-jiao\\\/\",\"name\":\"\u7b80\u5386\u7684\u5904\u7406\u4e0e\u8f6c\u4ea4 | Ovoclone\",\"isPartOf\":{\"@id\":\"https:\\\/\\\/ovoclone.com\\\/zh-hans\\\/#website\"},\"primaryImageOfPage\":{\"@id\":\"https:\\\/\\\/ovoclone.com\\\/zh-hans\\\/jian-li-de-chu-li-yu-zhuan-jiao\\\/#primaryimage\"},\"image\":{\"@id\":\"https:\\\/\\\/ovoclone.com\\\/zh-hans\\\/jian-li-de-chu-li-yu-zhuan-jiao\\\/#primaryimage\"},\"thumbnailUrl\":\"https:\\\/\\\/ovoclone.com\\\/wp-content\\\/uploads\\\/2025\\\/08\\\/Embriologa-Ovohorse-768x354-1.webp\",\"datePublished\":\"2025-08-19T09:19:21+00:00\",\"dateModified\":\"2025-10-07T12:20:38+00:00\",\"breadcrumb\":{\"@id\":\"https:\\\/\\\/ovoclone.com\\\/zh-hans\\\/jian-li-de-chu-li-yu-zhuan-jiao\\\/#breadcrumb\"},\"inLanguage\":\"zh-Hans\",\"potentialAction\":[{\"@type\":\"ReadAction\",\"target\":[\"https:\\\/\\\/ovoclone.com\\\/zh-hans\\\/jian-li-de-chu-li-yu-zhuan-jiao\\\/\"]}]},{\"@type\":\"ImageObject\",\"inLanguage\":\"zh-Hans\",\"@id\":\"https:\\\/\\\/ovoclone.com\\\/zh-hans\\\/jian-li-de-chu-li-yu-zhuan-jiao\\\/#primaryimage\",\"url\":\"https:\\\/\\\/ovoclone.com\\\/wp-content\\\/uploads\\\/2025\\\/08\\\/Embriologa-Ovohorse-768x354-1.webp\",\"contentUrl\":\"https:\\\/\\\/ovoclone.com\\\/wp-content\\\/uploads\\\/2025\\\/08\\\/Embriologa-Ovohorse-768x354-1.webp\",\"width\":768,\"height\":354},{\"@type\":\"BreadcrumbList\",\"@id\":\"https:\\\/\\\/ovoclone.com\\\/zh-hans\\\/jian-li-de-chu-li-yu-zhuan-jiao\\\/#breadcrumb\",\"itemListElement\":[{\"@type\":\"ListItem\",\"position\":1,\"name\":\"Home\",\"item\":\"https:\\\/\\\/ovoclone.com\\\/zh-hans\\\/\"},{\"@type\":\"ListItem\",\"position\":2,\"name\":\"\u7b80\u5386\u7684\u5904\u7406\u4e0e\u8f6c\u4ea4\"}]},{\"@type\":\"WebSite\",\"@id\":\"https:\\\/\\\/ovoclone.com\\\/zh-hans\\\/#website\",\"url\":\"https:\\\/\\\/ovoclone.com\\\/zh-hans\\\/\",\"name\":\"Ovoclone\",\"description\":\"Ovoclone es la \u00fanica empresa en Espa\u00f1a especializada en clonaci\u00f3n de mascotas y preservaci\u00f3n celular de animales. Ofrecemos soluciones innovadoras para mantener la esencia gen\u00e9tica de perros, gatos y especies en peligro de extinci\u00f3n, combinando ciencia, tecnolog\u00eda y amor por los animales.\",\"publisher\":{\"@id\":\"https:\\\/\\\/ovoclone.com\\\/zh-hans\\\/#organization\"},\"alternateName\":\"Ovoclone\",\"potentialAction\":[{\"@type\":\"SearchAction\",\"target\":{\"@type\":\"EntryPoint\",\"urlTemplate\":\"https:\\\/\\\/ovoclone.com\\\/zh-hans\\\/?s={search_term_string}\"},\"query-input\":{\"@type\":\"PropertyValueSpecification\",\"valueRequired\":true,\"valueName\":\"search_term_string\"}}],\"inLanguage\":\"zh-Hans\"},{\"@type\":\"Organization\",\"@id\":\"https:\\\/\\\/ovoclone.com\\\/zh-hans\\\/#organization\",\"name\":\"Ovoclone\",\"url\":\"https:\\\/\\\/ovoclone.com\\\/zh-hans\\\/\",\"logo\":{\"@type\":\"ImageObject\",\"inLanguage\":\"zh-Hans\",\"@id\":\"https:\\\/\\\/ovoclone.com\\\/zh-hans\\\/#\\\/schema\\\/logo\\\/image\\\/\",\"url\":\"https:\\\/\\\/ovoclone.com\\\/wp-content\\\/uploads\\\/2025\\\/07\\\/Ovoclone-log.png\",\"contentUrl\":\"https:\\\/\\\/ovoclone.com\\\/wp-content\\\/uploads\\\/2025\\\/07\\\/Ovoclone-log.png\",\"width\":426,\"height\":114,\"caption\":\"Ovoclone\"},\"image\":{\"@id\":\"https:\\\/\\\/ovoclone.com\\\/zh-hans\\\/#\\\/schema\\\/logo\\\/image\\\/\"},\"sameAs\":[\"https:\\\/\\\/www.facebook.com\\\/ovoclone\",\"https:\\\/\\\/www.instagram.com\\\/ovoclone_\\\/\",\"https:\\\/\\\/www.linkedin.com\\\/company\\\/ovoclone\\\/\",\"https:\\\/\\\/www.youtube.com\\\/@Ovoclone\"]}]}<\/script>\n<!-- \/ Yoast SEO Premium plugin. -->","yoast_head_json":{"title":"\u7b80\u5386\u7684\u5904\u7406\u4e0e\u8f6c\u4ea4 | Ovoclone","robots":{"index":"noindex","follow":"nofollow"},"og_locale":"zh_CN","og_type":"article","og_title":"\u7b80\u5386\u7684\u5904\u7406\u4e0e\u8f6c\u4ea4","og_description":"\u4e2a\u4eba\u6570\u636e\u5904\u7406\u8d1f\u8d23\u4eba \u6211\u4eec\u901a\u77e5\u60a8\uff0c\u60a8\u7684\u7b80\u5386\u6570\u636e\u5c06\u6839\u636e\u300a\u7b2c03\/2018\u53f7\u57fa\u672c\u6cd5\u300b\u548c\u6b27\u76df\u6761\u4f8b679\/2016\uff08\u5173\u4e8e [&hellip;]","og_url":"https:\/\/ovoclone.com\/zh-hans\/jian-li-de-chu-li-yu-zhuan-jiao\/","og_site_name":"Ovoclone","article_publisher":"https:\/\/www.facebook.com\/ovoclone","article_modified_time":"2025-10-07T12:20:38+00:00","og_image":[{"width":768,"height":354,"url":"https:\/\/ovoclone.com\/wp-content\/uploads\/2025\/08\/Embriologa-Ovohorse-768x354-1.webp","type":"image\/webp"}],"twitter_card":"summary_large_image","schema":{"@context":"https:\/\/schema.org","@graph":[{"@type":"WebPage","@id":"https:\/\/ovoclone.com\/zh-hans\/jian-li-de-chu-li-yu-zhuan-jiao\/","url":"https:\/\/ovoclone.com\/zh-hans\/jian-li-de-chu-li-yu-zhuan-jiao\/","name":"\u7b80\u5386\u7684\u5904\u7406\u4e0e\u8f6c\u4ea4 | Ovoclone","isPartOf":{"@id":"https:\/\/ovoclone.com\/zh-hans\/#website"},"primaryImageOfPage":{"@id":"https:\/\/ovoclone.com\/zh-hans\/jian-li-de-chu-li-yu-zhuan-jiao\/#primaryimage"},"image":{"@id":"https:\/\/ovoclone.com\/zh-hans\/jian-li-de-chu-li-yu-zhuan-jiao\/#primaryimage"},"thumbnailUrl":"https:\/\/ovoclone.com\/wp-content\/uploads\/2025\/08\/Embriologa-Ovohorse-768x354-1.webp","datePublished":"2025-08-19T09:19:21+00:00","dateModified":"2025-10-07T12:20:38+00:00","breadcrumb":{"@id":"https:\/\/ovoclone.com\/zh-hans\/jian-li-de-chu-li-yu-zhuan-jiao\/#breadcrumb"},"inLanguage":"zh-Hans","potentialAction":[{"@type":"ReadAction","target":["https:\/\/ovoclone.com\/zh-hans\/jian-li-de-chu-li-yu-zhuan-jiao\/"]}]},{"@type":"ImageObject","inLanguage":"zh-Hans","@id":"https:\/\/ovoclone.com\/zh-hans\/jian-li-de-chu-li-yu-zhuan-jiao\/#primaryimage","url":"https:\/\/ovoclone.com\/wp-content\/uploads\/2025\/08\/Embriologa-Ovohorse-768x354-1.webp","contentUrl":"https:\/\/ovoclone.com\/wp-content\/uploads\/2025\/08\/Embriologa-Ovohorse-768x354-1.webp","width":768,"height":354},{"@type":"BreadcrumbList","@id":"https:\/\/ovoclone.com\/zh-hans\/jian-li-de-chu-li-yu-zhuan-jiao\/#breadcrumb","itemListElement":[{"@type":"ListItem","position":1,"name":"Home","item":"https:\/\/ovoclone.com\/zh-hans\/"},{"@type":"ListItem","position":2,"name":"\u7b80\u5386\u7684\u5904\u7406\u4e0e\u8f6c\u4ea4"}]},{"@type":"WebSite","@id":"https:\/\/ovoclone.com\/zh-hans\/#website","url":"https:\/\/ovoclone.com\/zh-hans\/","name":"Ovoclone","description":"Ovoclone es la \u00fanica empresa en Espa\u00f1a especializada en clonaci\u00f3n de mascotas y preservaci\u00f3n celular de animales. Ofrecemos soluciones innovadoras para mantener la esencia gen\u00e9tica de perros, gatos y especies en peligro de extinci\u00f3n, combinando ciencia, tecnolog\u00eda y amor por los animales.","publisher":{"@id":"https:\/\/ovoclone.com\/zh-hans\/#organization"},"alternateName":"Ovoclone","potentialAction":[{"@type":"SearchAction","target":{"@type":"EntryPoint","urlTemplate":"https:\/\/ovoclone.com\/zh-hans\/?s={search_term_string}"},"query-input":{"@type":"PropertyValueSpecification","valueRequired":true,"valueName":"search_term_string"}}],"inLanguage":"zh-Hans"},{"@type":"Organization","@id":"https:\/\/ovoclone.com\/zh-hans\/#organization","name":"Ovoclone","url":"https:\/\/ovoclone.com\/zh-hans\/","logo":{"@type":"ImageObject","inLanguage":"zh-Hans","@id":"https:\/\/ovoclone.com\/zh-hans\/#\/schema\/logo\/image\/","url":"https:\/\/ovoclone.com\/wp-content\/uploads\/2025\/07\/Ovoclone-log.png","contentUrl":"https:\/\/ovoclone.com\/wp-content\/uploads\/2025\/07\/Ovoclone-log.png","width":426,"height":114,"caption":"Ovoclone"},"image":{"@id":"https:\/\/ovoclone.com\/zh-hans\/#\/schema\/logo\/image\/"},"sameAs":["https:\/\/www.facebook.com\/ovoclone","https:\/\/www.instagram.com\/ovoclone_\/","https:\/\/www.linkedin.com\/company\/ovoclone\/","https:\/\/www.youtube.com\/@Ovoclone"]}]}},"_links":{"self":[{"href":"https:\/\/ovoclone.com\/zh-hans\/wp-json\/wp\/v2\/pages\/4507","targetHints":{"allow":["GET"]}}],"collection":[{"href":"https:\/\/ovoclone.com\/zh-hans\/wp-json\/wp\/v2\/pages"}],"about":[{"href":"https:\/\/ovoclone.com\/zh-hans\/wp-json\/wp\/v2\/types\/page"}],"author":[{"embeddable":true,"href":"https:\/\/ovoclone.com\/zh-hans\/wp-json\/wp\/v2\/users\/1"}],"replies":[{"embeddable":true,"href":"https:\/\/ovoclone.com\/zh-hans\/wp-json\/wp\/v2\/comments?post=4507"}],"version-history":[{"count":1,"href":"https:\/\/ovoclone.com\/zh-hans\/wp-json\/wp\/v2\/pages\/4507\/revisions"}],"predecessor-version":[{"id":4508,"href":"https:\/\/ovoclone.com\/zh-hans\/wp-json\/wp\/v2\/pages\/4507\/revisions\/4508"}],"wp:featuredmedia":[{"embeddable":true,"href":"https:\/\/ovoclone.com\/zh-hans\/wp-json\/wp\/v2\/media\/4506"}],"wp:attachment":[{"href":"https:\/\/ovoclone.com\/zh-hans\/wp-json\/wp\/v2\/media?parent=4507"}],"curies":[{"name":"wp","href":"https:\/\/api.w.org\/{rel}","templated":true}]}}